{"id":1126,"date":"2024-12-23T14:20:28","date_gmt":"2024-12-23T14:20:28","guid":{"rendered":"https:\/\/www.treatwell.ch/fr/partenaires\/?page_id=1126"},"modified":"2025-01-14T13:53:16","modified_gmt":"2025-01-14T13:53:16","slug":"sign-up","status":"publish","type":"page","link":"https:\/\/www.treatwell.ch/fr/partenaires\/sign-up\/","title":{"rendered":"Sign up"},"content":{"rendered":"\n<section  class=\"pt-[calc(var(--top-header)+var(--site-header-h-mobile)+40px)] lg:pt-[calc(var(--top-header)+var(--site-header-h-desktop)+48px)] bg-ethereal-white\">\n    <div class=\"pb-5 lg:pb-10\">\n        <div class=\"container\">\n                            <h1 class=\"text-h2 md:text-5xl lg:text-6xl leading-none tracking-tighter font-bold text-center\">\n                    Rejoignez la communaut\u00e9 Treatwell                <\/h1>\n            \n                            <h2 class=\"text-base md:text-xl lg:text-2xl leading-tight text-center md:max-w-xl xl:max-w-3xl mx-auto mt-6 lg:mt-4\">\n                    Entrez vos coordonn\u00e9es pour demander une consultation et une d\u00e9monstration gratuites.                <\/h2>\n            \n                    <\/div>\n    <\/div>\n\n    <\/section>\n\n\n<section  class=\"pt-5 pb-10 lg:pt-10 lg:pb-20 bg-ethereal-white mb-10 lg:mb-20 mobileCtaScrollTrigger\">\n    <div class=\"container\">\n        <div class=\"formContainer px-4 py-8 lg:max-w-[694px] lg:py-10 lg:px-12 bg-mint-whisper mx-auto rounded-xl md:rounded-3xl\">\n            \n<div class=\"wpcf7 no-js\" id=\"wpcf7-f566-o1\" lang=\"fr-FR\" dir=\"ltr\" data-wpcf7-id=\"566\">\n<div class=\"screen-reader-response\"><p role=\"status\" aria-live=\"polite\" aria-atomic=\"true\"><\/p> <ul><\/ul><\/div>\n<form action=\"\/wp-json\/wp\/v2\/pages\/1126#wpcf7-f566-o1\" method=\"post\" class=\"wpcf7-form init wpcf7-acceptance-as-validation\" aria-label=\"Contact form\" novalidate=\"novalidate\" data-status=\"init\">\n<fieldset class=\"hidden-fields-container\"><input type=\"hidden\" name=\"_wpcf7\" value=\"566\" \/><input type=\"hidden\" name=\"_wpcf7_version\" value=\"6.1.5\" \/><input type=\"hidden\" name=\"_wpcf7_locale\" value=\"fr_FR\" \/><input type=\"hidden\" name=\"_wpcf7_unit_tag\" value=\"wpcf7-f566-o1\" \/><input type=\"hidden\" name=\"_wpcf7_container_post\" value=\"0\" \/><input type=\"hidden\" name=\"_wpcf7_posted_data_hash\" value=\"\" \/>\n<\/fieldset>\n<div class=\"form_row form-space\">\n<label class=\"form_label\" for=\"md-company\">Nom de l\u2019institut<\/label>\n<span class=\"wpcf7-form-control-wrap\" data-name=\"company\"><input size=\"40\" maxlength=\"400\" class=\"wpcf7-form-control wpcf7-text wpcf7-validates-as-required text-input form_input\" id=\"md-company\" aria-required=\"true\" aria-invalid=\"false\" value=\"\" type=\"text\" name=\"company\" \/><\/span>\n<\/div>\n\n<div class=\"row form-space\">\n<div class=\"col-12 col-md-6 form-space-mobile\">\n<div class=\"form_row\">\n<label class=\"form_label\" for=\"md-firstname\">Votre pr\u00e9nom<\/label>\n<span class=\"wpcf7-form-control-wrap\" data-name=\"firstname\"><input size=\"40\" maxlength=\"400\" class=\"wpcf7-form-control wpcf7-text wpcf7-validates-as-required text-input form_input\" id=\"md-firstname\" aria-required=\"true\" aria-invalid=\"false\" value=\"\" type=\"text\" name=\"firstname\" \/><\/span>\n<\/div>\n<\/div>\n<div class=\"col-12 col-md-6\">\n<div class=\"form_row\">\n<label class=\"form_label\" for=\"md-lastname\">Votre nom<\/label>\n<span class=\"wpcf7-form-control-wrap\" data-name=\"lastname\"><input size=\"40\" maxlength=\"400\" class=\"wpcf7-form-control wpcf7-text wpcf7-validates-as-required text-input form_input\" id=\"md-lastname\" aria-required=\"true\" aria-invalid=\"false\" value=\"\" type=\"text\" name=\"lastname\" \/><\/span>\n<\/div>\n<\/div>\n<\/div>\n\n\n<div class=\"row form-space\">\n<div class=\"col-12 col-md-6 form-space-mobile\">\n<div class=\"form_row\">\n<label class=\"form_label\" for=\"md-email\">Votre adresse e-mail<\/label>\n<span class=\"wpcf7-form-control-wrap\" data-name=\"email\"><input size=\"40\" maxlength=\"400\" class=\"wpcf7-form-control wpcf7-email wpcf7-validates-as-required wpcf7-text wpcf7-validates-as-email text-input form_input\" id=\"md-email\" aria-required=\"true\" aria-invalid=\"false\" value=\"\" type=\"email\" name=\"email\" \/><\/span>\n<\/div>\n<\/div>\n<div class=\"col-12 col-md-6\">\n<div class=\"form_row\">\n<label class=\"sr-only\" for=\"md-phonenumber\">Votre num\u00e9ro de t\u00e9l\u00e9phone<\/label>\n<span class=\"wpcf7-form-control-wrap\" data-name=\"phonenumber\"><input class=\"wpcf7-form-control wpcf7-intl_tel wpcf7-validates-as-required wpcf7-intl-tel text-input\" id=\"md-phonenumber\" aria-required=\"true\" aria-invalid=\"false\" placeholder=\"Votre num\u00e9ro de t\u00e9l\u00e9phone\" data-initialcountry=\"ch\" data-preferredcountries=\"ch-fr-at-de-es-pt-it-gb-ie-nl-be-lt\" value=\"\" type=\"tel\" name=\"phonenumber-cf7it-national\" \/><input name=\"phonenumber\" type=\"hidden\" class=\"wpcf7-intl-tel-full\" \/><input type=\"hidden\" name=\"phonenumber-cf7it-country-name\" class=\"wpcf7-intl-tel-country-name\" \/><input type=\"hidden\" name=\"phonenumber-cf7it-country-code\" class=\"wpcf7-intl-tel-country-code\" \/><input type=\"hidden\" name=\"phonenumber-cf7it-country-iso2\" class=\"wpcf7-intl-tel-country-iso2\" \/><\/span>\n<\/div>\n<\/div>\n<\/div>\n\n\r\n        <div class=\"form_row form-space\">\r\n\t\t\t<label class=\"form_label\" for=\"md-address\">Adresse de votre salon<\/label>\r\n\t\t\t<span class=\"wpcf7-form-control-wrap md_gac_salon\" data-name=\"md_gac_salon\">\r\n\t\t\t\t<input size=\"40\" class=\"wpcf7-form-control wpcf7-gmautocomplete gmautocomplete text-input form_input\" id=\"md-address\" aria-invalid=\"false\" type=\"text\" name=\"md_gac_salon\" placeholder=\"\" \/>\r\n\t        \t\t        <\/span>\r\n        <\/div>\r\n\t\t\r\n\t\t\t\t\t<input id=\"md_gac_salon_address2\" name=\"street\" type=\"hidden\" \/>\r\n\t\t\r\n\t\t\t\t<div class=\"row form-space\">\r\n\t\t\t\t\t\t<div class=\"col-12 col-md-6 form-space-mobile\">\r\n\t\t\t\t<div class=\"form_row\">\r\n\t\t\t\t\t<label class=\"form_label\" for=\"md_gac_salon_locality\">Ville<\/label>\r\n\t\t\t\t\t<input id=\"md_gac_salon_locality\" name=\"city\" type=\"text\" class=\"text-input form_input\" \/>\r\n\t\t\t\t<\/div>\r\n\t\t\t<\/div>\r\n\t\t\t\t\t\t\t\t\t\t<div class=\"col-12 col-md-6\">\r\n\t\t\t\t\t<div class=\"form_row\">\r\n\t\t\t\t\t\t<label class=\"form_label\" for=\"md_gac_salon_postcode\">Code postal<\/label>\r\n\t\t\t\t\t\t<input id=\"md_gac_salon_postcode\" name=\"postcode\" type=\"text\" class=\"text-input form_input\" \/>\r\n\t\t\t\t\t<\/div>\r\n\t\t\t\t<\/div>\r\n\t\t\t\t\t<\/div>\r\n\t\t\r\n\t\t<input id=\"md_gac_salon_lat\" name=\"address_latitude\" type=\"hidden\" \/>\r\n\t\t<input id=\"md_gac_salon_lng\" name=\"address_longitude\" type=\"hidden\" \/>\r\n\r\n\t\t\t\t\r\n\t\t        \n\n<div class=\"row form-space\">\n<div class=\"col-12 col-md-6 form-space-mobile\">\n<div class=\"form_row\">\n<label class=\"sr-only\">O\u00f9 exercez-vous ?<\/label>\n<span class=\"wpcf7-form-control-wrap\" data-name=\"salon_type\"><select class=\"wpcf7-form-control wpcf7-select wpcf7-validates-as-required text-input\" id=\"md-salon-type\" aria-required=\"true\" aria-invalid=\"false\" name=\"salon_type\"><option value=\"\">O\u00f9 exercez-vous ?<\/option><option value=\"Dans votre salon ou institut\">Dans votre salon ou institut<\/option><option value=\"\u00c0 votre domicile\">\u00c0 votre domicile<\/option><option value=\"Au domicile de vos clients\">Au domicile de vos clients<\/option><\/select><\/span>\n<\/div>\n<\/div>\n<div class=\"col-12 col-md-6\">\n<div class=\"form_row\">\n<label class=\"sr-only\">Quels services offrez-vous ?<\/label>\n<span class=\"wpcf7-form-control-wrap\" data-name=\"treatment_type\"><select class=\"wpcf7-form-control wpcf7-select wpcf7-validates-as-required text-input\" aria-required=\"true\" aria-invalid=\"false\" name=\"treatment_type\"><option value=\"\">Quels services offrez-vous ?<\/option><option value=\"Coiffeur\">Coiffeur<\/option><option value=\"Barbier\">Barbier<\/option><option value=\"Services esth\u00e9tiques ou \u00e9pilations\">Services esth\u00e9tiques ou \u00e9pilations<\/option><option value=\"Spa ou massages\">Spa ou massages<\/option><option value=\"Autres\">Autres<\/option><\/select><\/span>\n<\/div>\n<\/div>\n<\/div>\n\n<div class=\"form-space-small\">\n<label class=\"sr-only\">Privacy<\/label>\n<span class=\"wpcf7-form-control-wrap\" data-name=\"privacy\"><span class=\"wpcf7-form-control wpcf7-acceptance\"><span class=\"wpcf7-list-item\"><label><input type=\"checkbox\" name=\"privacy\" value=\"1\" aria-invalid=\"false\" \/><span class=\"wpcf7-list-item-label\">J\u2019accepte la <a href=\"https:\/\/www.treatwell.ch\/fr\/info\/politique-de-confidentialite\/\">politique de confidentialit\u00e9<\/a>  de Treatwell.<\/span><\/label><\/span><\/span><\/span>\n<\/div>\n\n<div class=\"form-space\">\n<label class=\"sr-only\">Marketing<\/label>\n<span class=\"wpcf7-form-control-wrap\" data-name=\"marketing\"><span class=\"wpcf7-form-control wpcf7-checkbox\"><span class=\"wpcf7-list-item first last\"><label><input type=\"checkbox\" name=\"marketing[]\" value=\"Je souhaite recevoir des e-mails contenant des informations et des conseils pratiques pour am\u00e9liorer et d\u00e9velopper mon activit\u00e9\" \/><span class=\"wpcf7-list-item-label\">Je souhaite recevoir des e-mails contenant des informations et des conseils pratiques pour am\u00e9liorer et d\u00e9velopper mon activit\u00e9<\/span><\/label><\/span><\/span><\/span>\n<\/div>\n\n<input class=\"wpcf7-form-control wpcf7-hidden\" value=\"\" type=\"hidden\" name=\"utm_source\" \/>\n<input class=\"wpcf7-form-control wpcf7-hidden\" value=\"\" type=\"hidden\" name=\"utm_term\" \/>\n<input class=\"wpcf7-form-control wpcf7-hidden\" value=\"\" type=\"hidden\" name=\"utm_medium\" \/>\n<input class=\"wpcf7-form-control wpcf7-hidden\" value=\"\" type=\"hidden\" name=\"utm_content\" \/>\n<input class=\"wpcf7-form-control wpcf7-hidden\" value=\"\" type=\"hidden\" name=\"utm_campaign\" \/>\n<input class=\"wpcf7-form-control wpcf7-hidden\" value=\"website\" type=\"hidden\" name=\"lead_source_type\" \/>\n<input class=\"wpcf7-form-control wpcf7-hidden\" value=\"Switzerland\" type=\"hidden\" name=\"country\" \/>\n<input class=\"wpcf7-form-control wpcf7-hidden\" value=\"CH\" type=\"hidden\" name=\"country_code\" \/>\n<input class=\"wpcf7-form-control wpcf7-hidden\" value=\"Website\" type=\"hidden\" name=\"sf_lead_source\" \/>\n<input class=\"wpcf7-form-control wpcf7-hidden\" value=\"a1S4L000005qzuMUAQ\" type=\"hidden\" name=\"sf_lead_subsource\" \/>\n<input class=\"wpcf7-form-control wpcf7-hidden\" value=\"\" type=\"hidden\" name=\"form_page_url\" \/>\n<input class=\"wpcf7-form-control wpcf7-hidden\" value=\"\" type=\"hidden\" name=\"sp_session_id\" \/>\n<input class=\"wpcf7-form-control wpcf7-hidden\" value=\"\" type=\"hidden\" name=\"ga4_session_id\" \/>\n<input class=\"wpcf7-form-control wpcf7-hidden\" value=\"\" type=\"hidden\" name=\"gclid\" \/>\n<input class=\"wpcf7-form-control wpcf7-hidden\" value=\"\" type=\"hidden\" name=\"fbclid\" \/>\n<input class=\"wpcf7-form-control wpcf7-hidden\" value=\"M1VJVSX2T9\" type=\"hidden\" name=\"ga4_cookie_measurement_id\" \/>\n<input class=\"wpcf7-form-control wpcf7-hidden\" value=\"\" type=\"hidden\" name=\"ga4_cookie_client_id\" \/>\n<input class=\"wpcf7-form-control wpcf7-hidden\" value=\"\" type=\"hidden\" name=\"ga4_cookie_session_id\" \/>\n<input class=\"wpcf7-form-control wpcf7-hidden\" value=\"\" type=\"hidden\" name=\"meta_cookie_fbq\" \/>\n<input class=\"wpcf7-form-control wpcf7-hidden\" value=\"true\" type=\"hidden\" name=\"custom_sf\" \/>\n\n<div class=\"text-center\">\n<input class=\"wpcf7-form-control wpcf7-submit has-spinner btn btn-blue btn-block\" type=\"submit\" value=\"Obtenez une d\u00e9mo gratuite\" \/>\n<\/div>\n\n<p class=\"text-captcha\">Ce site web est prot\u00e9g\u00e9 par reCAPTCHA. Les <a href=\"https:\/\/policies.google.com\/privacy?hl=fr\">r\u00e8gles de confidentialit\u00e9<\/a> et les <a href=\"https:\/\/policies.google.com\/terms?hl=fr\">conditions d\u2019utilisation<\/a> de Google s\u2019appliquent.<\/p><div class=\"wpcf7-response-output\" aria-hidden=\"true\"><\/div>\n<\/form>\n<\/div>\n        <\/div>\n    <\/div>\n<\/section>\n","protected":false},"excerpt":{"rendered":"","protected":false},"author":81,"featured_media":0,"parent":0,"menu_order":0,"comment_status":"closed","ping_status":"closed","template":"templates\/base.php","meta":{"_acf_changed":true,"_editorskit_title_hidden":false,"_editorskit_reading_time":0,"_editorskit_is_block_options_detached":false,"_editorskit_block_options_position":"{}","footnotes":""},"class_list":["post-1126","page","type-page","status-publish","hentry"],"acf":[],"yoast_head":"<!-- This site is optimized with the Yoast SEO plugin v27.3 - https:\/\/yoast.com\/product\/yoast-seo-wordpress\/ -->\n<title>Sign up - Treatwell Business<\/title>\n<meta name=\"robots\" content=\"index, follow, max-snippet:-1, max-image-preview:large, max-video-preview:-1\" \/>\n<link rel=\"canonical\" href=\"https:\/\/www.treatwell.ch/fr/partenaires\/sign-up\/\" \/>\n<meta property=\"og:locale\" content=\"fr_FR\" \/>\n<meta property=\"og:type\" content=\"article\" \/>\n<meta property=\"og:title\" content=\"Sign up - Treatwell Business\" \/>\n<meta property=\"og:url\" content=\"https:\/\/www.treatwell.ch/fr/partenaires\/sign-up\/\" \/>\n<meta property=\"og:site_name\" content=\"Treatwell Business\" \/>\n<meta property=\"article:modified_time\" content=\"2025-01-14T13:53:16+00:00\" \/>\n<meta property=\"og:image\" content=\"https:\/\/www.treatwell.ch/fr/partenaires\/wp-content\/uploads\/sites\/19\/2024\/12\/fb-share.png\" \/>\n\t<meta property=\"og:image:width\" content=\"1200\" \/>\n\t<meta property=\"og:image:height\" content=\"630\" \/>\n\t<meta property=\"og:image:type\" content=\"image\/png\" \/>\n<meta name=\"twitter:card\" content=\"summary_large_image\" \/>\n<script type=\"application\/ld+json\" class=\"yoast-schema-graph\">{\"@context\":\"https:\\\/\\\/schema.org\",\"@graph\":[{\"@type\":\"WebPage\",\"@id\":\"https:\\\/\\\/www.treatwell.ch/fr/partenaires\\\/sign-up\\\/\",\"url\":\"https:\\\/\\\/www.treatwell.ch/fr/partenaires\\\/sign-up\\\/\",\"name\":\"Sign up - Treatwell Business\",\"isPartOf\":{\"@id\":\"https:\\\/\\\/www.treatwell.ch/fr/partenaires\\\/#website\"},\"datePublished\":\"2024-12-23T14:20:28+00:00\",\"dateModified\":\"2025-01-14T13:53:16+00:00\",\"breadcrumb\":{\"@id\":\"https:\\\/\\\/www.treatwell.ch/fr/partenaires\\\/sign-up\\\/#breadcrumb\"},\"inLanguage\":\"fr-CH\",\"potentialAction\":[{\"@type\":\"ReadAction\",\"target\":[\"https:\\\/\\\/www.treatwell.ch/fr/partenaires\\\/sign-up\\\/\"]}]},{\"@type\":\"BreadcrumbList\",\"@id\":\"https:\\\/\\\/www.treatwell.ch/fr/partenaires\\\/sign-up\\\/#breadcrumb\",\"itemListElement\":[{\"@type\":\"ListItem\",\"position\":1,\"name\":\"Home\",\"item\":\"https:\\\/\\\/www.treatwell.ch/fr/partenaires\\\/\"},{\"@type\":\"ListItem\",\"position\":2,\"name\":\"Sign up\"}]},{\"@type\":\"WebSite\",\"@id\":\"https:\\\/\\\/www.treatwell.ch/fr/partenaires\\\/#website\",\"url\":\"https:\\\/\\\/www.treatwell.ch/fr/partenaires\\\/\",\"name\":\"Treatwell Business\",\"description\":\"\",\"potentialAction\":[{\"@type\":\"SearchAction\",\"target\":{\"@type\":\"EntryPoint\",\"urlTemplate\":\"https:\\\/\\\/www.treatwell.ch/fr/partenaires\\\/?s={search_term_string}\"},\"query-input\":{\"@type\":\"PropertyValueSpecification\",\"valueRequired\":true,\"valueName\":\"search_term_string\"}}],\"inLanguage\":\"fr-CH\"}]}<\/script>\n<!-- \/ Yoast SEO plugin. -->","yoast_head_json":{"title":"Sign up - Treatwell Business","robots":{"index":"index","follow":"follow","max-snippet":"max-snippet:-1","max-image-preview":"max-image-preview:large","max-video-preview":"max-video-preview:-1"},"canonical":"https:\/\/www.treatwell.ch/fr/partenaires\/sign-up\/","og_locale":"fr_FR","og_type":"article","og_title":"Sign up - Treatwell Business","og_url":"https:\/\/www.treatwell.ch/fr/partenaires\/sign-up\/","og_site_name":"Treatwell Business","article_modified_time":"2025-01-14T13:53:16+00:00","og_image":[{"width":1200,"height":630,"url":"https:\/\/www.treatwell.ch/fr/partenaires\/wp-content\/uploads\/sites\/19\/2024\/12\/fb-share.png","type":"image\/png"}],"twitter_card":"summary_large_image","schema":{"@context":"https:\/\/schema.org","@graph":[{"@type":"WebPage","@id":"https:\/\/www.treatwell.ch/fr/partenaires\/sign-up\/","url":"https:\/\/www.treatwell.ch/fr/partenaires\/sign-up\/","name":"Sign up - Treatwell Business","isPartOf":{"@id":"https:\/\/www.treatwell.ch/fr/partenaires\/#website"},"datePublished":"2024-12-23T14:20:28+00:00","dateModified":"2025-01-14T13:53:16+00:00","breadcrumb":{"@id":"https:\/\/www.treatwell.ch/fr/partenaires\/sign-up\/#breadcrumb"},"inLanguage":"fr-CH","potentialAction":[{"@type":"ReadAction","target":["https:\/\/www.treatwell.ch/fr/partenaires\/sign-up\/"]}]},{"@type":"BreadcrumbList","@id":"https:\/\/www.treatwell.ch/fr/partenaires\/sign-up\/#breadcrumb","itemListElement":[{"@type":"ListItem","position":1,"name":"Home","item":"https:\/\/www.treatwell.ch/fr/partenaires\/"},{"@type":"ListItem","position":2,"name":"Sign up"}]},{"@type":"WebSite","@id":"https:\/\/www.treatwell.ch/fr/partenaires\/#website","url":"https:\/\/www.treatwell.ch/fr/partenaires\/","name":"Treatwell Business","description":"","potentialAction":[{"@type":"SearchAction","target":{"@type":"EntryPoint","urlTemplate":"https:\/\/www.treatwell.ch/fr/partenaires\/?s={search_term_string}"},"query-input":{"@type":"PropertyValueSpecification","valueRequired":true,"valueName":"search_term_string"}}],"inLanguage":"fr-CH"}]}},"_links":{"self":[{"href":"https:\/\/www.treatwell.ch\/fr\/partenaires\/wp-json\/wp\/v2\/pages\/1126","targetHints":{"allow":["GET"]}}],"collection":[{"href":"https:\/\/www.treatwell.ch\/fr\/partenaires\/wp-json\/wp\/v2\/pages"}],"about":[{"href":"https:\/\/www.treatwell.ch\/fr\/partenaires\/wp-json\/wp\/v2\/types\/page"}],"author":[{"embeddable":true,"href":"https:\/\/www.treatwell.ch\/fr\/partenaires\/wp-json\/wp\/v2\/users\/81"}],"replies":[{"embeddable":true,"href":"https:\/\/www.treatwell.ch\/fr\/partenaires\/wp-json\/wp\/v2\/comments?post=1126"}],"version-history":[{"count":0,"href":"https:\/\/www.treatwell.ch\/fr\/partenaires\/wp-json\/wp\/v2\/pages\/1126\/revisions"}],"wp:attachment":[{"href":"https:\/\/www.treatwell.ch\/fr\/partenaires\/wp-json\/wp\/v2\/media?parent=1126"}],"curies":[{"name":"wp","href":"https:\/\/api.w.org\/{rel}","templated":true}]}}