{"id":32222,"date":"2022-04-26T10:44:54","date_gmt":"2022-04-26T08:44:54","guid":{"rendered":"https:\/\/twb2c.wpengine.com\/es\/homepage\/"},"modified":"2026-02-04T11:56:43","modified_gmt":"2026-02-04T10:56:43","slug":"blog","status":"publish","type":"page","link":"https:\/\/www.treatwell.ch/fr/treatment-files\/","title":{"rendered":"Homepage"},"content":{"rendered":"<section class=\"gb-block-post-grid featuredpost aligncenter button-more-link\"><h2 class=\"gb-post-grid-section-title\">Featured<\/h2><div class=\"gb-post-grid-items is-grid columns-1\"><article id=\"post-33096\" class=\"gb-post-grid-item post-33096 post type-post status-publish format-standard has-post-thumbnail category-soins-du-visage-avances category-soins-du-visage-quotidiens category-visage entry\"><div class=\"gb-block-post-grid-image\"><a href=\"https:\/\/www.treatwell.ch/fr/treatment-files\/burnout-imperfections-on-decrypte-la-peau-sans-filtre-avec-mollie-burdell-et-dr-shireen\/\" rel=\"bookmark\" aria-hidden=\"true\" tabindex=\"-1\"><img decoding=\"async\" width=\"750\" height=\"420\" data-src=\"https:\/\/www.treatwell.ch/fr/treatment-files\/wp-content\/uploads\/sites\/19\/2026\/04\/Dr.-Shireen-Mollie-Burdell-at-Clinic-Ten-Treatwell-750x420.png\" class=\"attachment-large-featured size-large-featured lazyload\" alt=\"Dr. Shireen &amp; Mollie Burdell at Clinic Ten | Treatwell\" data-srcset=\"https:\/\/www.treatwell.ch/fr/treatment-files\/wp-content\/uploads\/sites\/19\/2026\/04\/Dr.-Shireen-Mollie-Burdell-at-Clinic-Ten-Treatwell-750x420.png 750w, https:\/\/www.treatwell.ch/fr/treatment-files\/wp-content\/uploads\/sites\/19\/2026\/04\/Dr.-Shireen-Mollie-Burdell-at-Clinic-Ten-Treatwell-300x169.png 300w\" data-sizes=\"(max-width: 750px) 100vw, 750px\" src=\"data:image\/gif;base64,R0lGODlhAQABAAAAACH5BAEKAAEALAAAAAABAAEAAAICTAEAOw==\" style=\"--smush-placeholder-width: 750px; --smush-placeholder-aspect-ratio: 750\/420;\" \/><\/a><\/div><div class=\"gb-block-post-grid-text\"><header class=\"gb-block-post-grid-header\"><h3 class=\"gb-block-post-grid-title\"><a href=\"https:\/\/www.treatwell.ch/fr/treatment-files\/burnout-imperfections-on-decrypte-la-peau-sans-filtre-avec-mollie-burdell-et-dr-shireen\/\" rel=\"bookmark\">Burnout, imperfections : on d\u00e9crypte la peau sans filtre avec Mollie Burdell et Dr Shireen<\/a><\/h3><div class=\"gb-block-post-grid-byline\"><div class=\"gb-block-post-grid-author\" itemprop=\"author\" itemtype=\"https:\/\/schema.org\/Person\"><a class=\"gb-text-link\" href=\"https:\/\/www.treatwell.ch/fr/treatment-files\/author\/miryam-amertreatwell-com\/\" itemprop=\"url\" rel=\"author\"><span itemprop=\"name\">Miryam Amer<\/span><\/a><\/div><time datetime=\"2026-04-03T14:43:44+02:00\" class=\"gb-block-post-grid-date\" itemprop=\"datePublished\">3 avril 2026<\/time><\/div><\/header><div class=\"gb-block-post-grid-excerpt\"><p>Au c\u0153ur de Londres, \u00e0 la clinique esth\u00e9tique Clinic Ten, Mollie Burdell de chez SheerLuxe est confortablement install\u00e9e tandis que Lana, esth\u00e9ticienne, passe un embout \u00e0 aspiration sur son visage : extraction, hydratation, sculpting. Tout cela n\u2019emp\u00eache pas Mollie de poursuivre la conversation, \u00e9voquant sans filtre l&#8217;hyperpigmentation, les pouss\u00e9es hormonales, la peau post-partum et pourquoi\u2026<\/p>\n<p><a class=\"gb-block-post-grid-more-link gb-text-link\" href=\"https:\/\/www.treatwell.ch/fr/treatment-files\/burnout-imperfections-on-decrypte-la-peau-sans-filtre-avec-mollie-burdell-et-dr-shireen\/\" rel=\"bookmark\">Continuer la lecture <span class=\"screen-reader-text\">Burnout, imperfections : on d\u00e9crypte la peau sans filtre avec Mollie Burdell et Dr Shireen<\/span><\/a><\/p><\/div><\/div><\/article>\n<\/div><\/section>\n\n<section class=\"gb-block-post-grid featuredpost aligncenter button-more-link\"><h2 class=\"gb-post-grid-section-title\">Massage<\/h2><div class=\"gb-post-grid-items is-grid columns-2\"><article id=\"post-33033\" class=\"gb-post-grid-item post-33033 post type-post status-publish format-standard has-post-thumbnail category-massage entry\"><div class=\"gb-block-post-grid-image\"><a href=\"https:\/\/www.treatwell.ch/fr/treatment-files\/galentines-day-guide-de-la-journee-entre-copines\/\" rel=\"bookmark\" aria-hidden=\"true\" tabindex=\"-1\"><img decoding=\"async\" width=\"630\" height=\"350\" data-src=\"https:\/\/www.treatwell.ch/fr/treatment-files\/wp-content\/uploads\/sites\/19\/2026\/02\/MPB1226-Featured-image-630x350.png\" class=\"attachment-medium-featured size-medium-featured lazyload\" alt=\"Galentine&#039;s Day | Treatwell\" src=\"data:image\/gif;base64,R0lGODlhAQABAAAAACH5BAEKAAEALAAAAAABAAEAAAICTAEAOw==\" style=\"--smush-placeholder-width: 630px; --smush-placeholder-aspect-ratio: 630\/350;\" \/><\/a><\/div><div class=\"gb-block-post-grid-text\"><header class=\"gb-block-post-grid-header\"><h3 class=\"gb-block-post-grid-title\"><a href=\"https:\/\/www.treatwell.ch/fr/treatment-files\/galentines-day-guide-de-la-journee-entre-copines\/\" rel=\"bookmark\">Galentine&#8217;s Day : guide de la journ\u00e9e entre copines<\/a><\/h3><div class=\"gb-block-post-grid-byline\"><div class=\"gb-block-post-grid-author\" itemprop=\"author\" itemtype=\"https:\/\/schema.org\/Person\"><a class=\"gb-text-link\" href=\"https:\/\/www.treatwell.ch/fr/treatment-files\/author\/miryam-amertreatwell-com\/\" itemprop=\"url\" rel=\"author\"><span itemprop=\"name\">Miryam Amer<\/span><\/a><\/div><time datetime=\"2026-02-10T17:28:44+01:00\" class=\"gb-block-post-grid-date\" itemprop=\"datePublished\">10 f\u00e9vrier 2026<\/time><\/div><\/header><div class=\"gb-block-post-grid-excerpt\"><p>Le Galentine\u2019s Day, vous connaissez ? Rendez-vous le 13 f\u00e9vrier pour une journ\u00e9e d\u00e9di\u00e9e \u00e0 l\u2019amiti\u00e9 et au bien-\u00eatre au f\u00e9minin. Bonne nouvelle\u00a0: le Galentine\u2019s Day ne se\u2026<\/p>\n<p><a class=\"gb-block-post-grid-more-link gb-text-link\" href=\"https:\/\/www.treatwell.ch/fr/treatment-files\/galentines-day-guide-de-la-journee-entre-copines\/\" rel=\"bookmark\">Continuer la lecture <span class=\"screen-reader-text\">Galentine&#8217;s Day : guide de la journ\u00e9e entre copines<\/span><\/a><\/p><\/div><\/div><\/article>\n<\/div><\/section>\n\n\n\n","protected":false},"excerpt":{"rendered":"","protected":false},"author":3398,"featured_media":0,"parent":0,"menu_order":0,"comment_status":"closed","ping_status":"closed","template":"","meta":{"_acf_changed":false,"_genesis_hide_title":true,"_genesis_hide_breadcrumbs":true,"_genesis_hide_singular_image":true,"_genesis_hide_footer_widgets":false,"_genesis_custom_body_class":"","_genesis_custom_post_class":"","_genesis_layout":"content-sidebar","saswp_custom_schema_field":"","footnotes":""},"class_list":{"0":"post-32222","1":"page","2":"type-page","3":"status-publish","5":"entry"},"acf":[],"yoast_head":"<!-- This site is optimized with the Yoast SEO plugin v27.3 - https:\/\/yoast.com\/product\/yoast-seo-wordpress\/ -->\n<title>Le Backstage Beaut\u00e9 | Treatwell<\/title>\n<meta name=\"description\" content=\"Votre pass VIP pour d\u00e9couvrir les derni\u00e8res tendances coiffure et beaut\u00e9, faire le plein de conseils de pros et trouver la prestation parfaite. Bienvenue dans le Backstage Beaut\u00e9 Treatwell.\" \/>\n<meta name=\"robots\" content=\"index, follow, max-snippet:-1, max-image-preview:large, max-video-preview:-1\" \/>\n<link rel=\"canonical\" href=\"https:\/\/www.treatwell.ch/fr/treatment-files\/\" \/>\n<meta property=\"og:locale\" content=\"fr_FR\" \/>\n<meta property=\"og:type\" content=\"article\" \/>\n<meta property=\"og:title\" content=\"Le Backstage Beaut\u00e9 | Treatwell\" \/>\n<meta property=\"og:description\" content=\"Votre pass VIP pour d\u00e9couvrir les derni\u00e8res tendances coiffure et beaut\u00e9, faire le plein de conseils de pros et trouver la prestation parfaite. Bienvenue dans le Backstage Beaut\u00e9 Treatwell.\" \/>\n<meta property=\"og:url\" content=\"https:\/\/www.treatwell.ch/fr/treatment-files\/\" \/>\n<meta property=\"og:site_name\" content=\"The Treatment Files Blog\" \/>\n<meta property=\"article:modified_time\" content=\"2026-02-04T10:56:43+00:00\" \/>\n<meta name=\"twitter:card\" content=\"summary_large_image\" \/>\n<script type=\"application\/ld+json\" class=\"yoast-schema-graph\">{\"@context\":\"https:\\\/\\\/schema.org\",\"@graph\":[{\"@type\":\"WebPage\",\"@id\":\"https:\\\/\\\/www.treatwell.ch/fr/treatment-files\\\/\",\"url\":\"https:\\\/\\\/www.treatwell.ch/fr/treatment-files\\\/\",\"name\":\"Le Backstage Beaut\u00e9 | Treatwell\",\"isPartOf\":{\"@id\":\"https:\\\/\\\/www.treatwell.ch/fr/treatment-files\\\/#website\"},\"datePublished\":\"2022-04-26T08:44:54+00:00\",\"dateModified\":\"2026-02-04T10:56:43+00:00\",\"description\":\"Votre pass VIP pour d\u00e9couvrir les derni\u00e8res tendances coiffure et beaut\u00e9, faire le plein de conseils de pros et trouver la prestation parfaite. Bienvenue dans le Backstage Beaut\u00e9 Treatwell.\",\"breadcrumb\":{\"@id\":\"https:\\\/\\\/www.treatwell.ch/fr/treatment-files\\\/#breadcrumb\"},\"inLanguage\":\"fr-FR\",\"potentialAction\":[{\"@type\":\"ReadAction\",\"target\":[\"https:\\\/\\\/www.treatwell.ch/fr/treatment-files\\\/\"]}]},{\"@type\":\"BreadcrumbList\",\"@id\":\"https:\\\/\\\/www.treatwell.ch/fr/treatment-files\\\/#breadcrumb\",\"itemListElement\":[{\"@type\":\"ListItem\",\"position\":1,\"name\":\"Home\",\"item\":\"https:\\\/\\\/www.treatwell.ch/fr/treatment-files\\\/\"},{\"@type\":\"ListItem\",\"position\":2,\"name\":\"Homepage\"}]},{\"@type\":\"WebSite\",\"@id\":\"https:\\\/\\\/www.treatwell.ch/fr/treatment-files\\\/#website\",\"url\":\"https:\\\/\\\/www.treatwell.ch/fr/treatment-files\\\/\",\"name\":\"The Treatment Files Blog\",\"description\":\"\",\"publisher\":{\"@id\":\"https:\\\/\\\/www.treatwell.ch/fr/treatment-files\\\/#organization\"},\"potentialAction\":[{\"@type\":\"SearchAction\",\"target\":{\"@type\":\"EntryPoint\",\"urlTemplate\":\"https:\\\/\\\/www.treatwell.ch/fr/treatment-files\\\/?s={search_term_string}\"},\"query-input\":{\"@type\":\"PropertyValueSpecification\",\"valueRequired\":true,\"valueName\":\"search_term_string\"}}],\"inLanguage\":\"fr-FR\"},{\"@type\":\"Organization\",\"@id\":\"https:\\\/\\\/www.treatwell.ch/fr/treatment-files\\\/#organization\",\"name\":\"Treatwell\",\"url\":\"https:\\\/\\\/www.treatwell.ch/fr/treatment-files\\\/\",\"logo\":{\"@type\":\"ImageObject\",\"inLanguage\":\"fr-FR\",\"@id\":\"https:\\\/\\\/www.treatwell.ch/fr/treatment-files\\\/#\\\/schema\\\/logo\\\/image\\\/\",\"url\":\"\",\"contentUrl\":\"\",\"caption\":\"Treatwell\"},\"image\":{\"@id\":\"https:\\\/\\\/www.treatwell.ch/fr/treatment-files\\\/#\\\/schema\\\/logo\\\/image\\\/\"}}]}<\/script>\n<!-- \/ Yoast SEO plugin. -->","yoast_head_json":{"title":"Le Backstage Beaut\u00e9 | Treatwell","description":"Votre pass VIP pour d\u00e9couvrir les derni\u00e8res tendances coiffure et beaut\u00e9, faire le plein de conseils de pros et trouver la prestation parfaite. Bienvenue dans le Backstage Beaut\u00e9 Treatwell.","robots":{"index":"index","follow":"follow","max-snippet":"max-snippet:-1","max-image-preview":"max-image-preview:large","max-video-preview":"max-video-preview:-1"},"canonical":"https:\/\/www.treatwell.ch/fr/treatment-files\/","og_locale":"fr_FR","og_type":"article","og_title":"Le Backstage Beaut\u00e9 | Treatwell","og_description":"Votre pass VIP pour d\u00e9couvrir les derni\u00e8res tendances coiffure et beaut\u00e9, faire le plein de conseils de pros et trouver la prestation parfaite. Bienvenue dans le Backstage Beaut\u00e9 Treatwell.","og_url":"https:\/\/www.treatwell.ch/fr/treatment-files\/","og_site_name":"The Treatment Files Blog","article_modified_time":"2026-02-04T10:56:43+00:00","twitter_card":"summary_large_image","schema":{"@context":"https:\/\/schema.org","@graph":[{"@type":"WebPage","@id":"https:\/\/www.treatwell.ch/fr/treatment-files\/","url":"https:\/\/www.treatwell.ch/fr/treatment-files\/","name":"Le Backstage Beaut\u00e9 | Treatwell","isPartOf":{"@id":"https:\/\/www.treatwell.ch/fr/treatment-files\/#website"},"datePublished":"2022-04-26T08:44:54+00:00","dateModified":"2026-02-04T10:56:43+00:00","description":"Votre pass VIP pour d\u00e9couvrir les derni\u00e8res tendances coiffure et beaut\u00e9, faire le plein de conseils de pros et trouver la prestation parfaite. Bienvenue dans le Backstage Beaut\u00e9 Treatwell.","breadcrumb":{"@id":"https:\/\/www.treatwell.ch/fr/treatment-files\/#breadcrumb"},"inLanguage":"fr-FR","potentialAction":[{"@type":"ReadAction","target":["https:\/\/www.treatwell.ch/fr/treatment-files\/"]}]},{"@type":"BreadcrumbList","@id":"https:\/\/www.treatwell.ch/fr/treatment-files\/#breadcrumb","itemListElement":[{"@type":"ListItem","position":1,"name":"Home","item":"https:\/\/www.treatwell.ch/fr/treatment-files\/"},{"@type":"ListItem","position":2,"name":"Homepage"}]},{"@type":"WebSite","@id":"https:\/\/www.treatwell.ch/fr/treatment-files\/#website","url":"https:\/\/www.treatwell.ch/fr/treatment-files\/","name":"The Treatment Files Blog","description":"","publisher":{"@id":"https:\/\/www.treatwell.ch/fr/treatment-files\/#organization"},"potentialAction":[{"@type":"SearchAction","target":{"@type":"EntryPoint","urlTemplate":"https:\/\/www.treatwell.ch/fr/treatment-files\/?s={search_term_string}"},"query-input":{"@type":"PropertyValueSpecification","valueRequired":true,"valueName":"search_term_string"}}],"inLanguage":"fr-FR"},{"@type":"Organization","@id":"https:\/\/www.treatwell.ch/fr/treatment-files\/#organization","name":"Treatwell","url":"https:\/\/www.treatwell.ch/fr/treatment-files\/","logo":{"@type":"ImageObject","inLanguage":"fr-FR","@id":"https:\/\/www.treatwell.ch/fr/treatment-files\/#\/schema\/logo\/image\/","url":"","contentUrl":"","caption":"Treatwell"},"image":{"@id":"https:\/\/www.treatwell.ch/fr/treatment-files\/#\/schema\/logo\/image\/"}}]}},"featured_image_src":null,"featured_image_src_square":null,"_links":{"self":[{"href":"https:\/\/www.treatwell.ch\/fr\/treatment-files\/wp-json\/wp\/v2\/pages\/32222","targetHints":{"allow":["GET"]}}],"collection":[{"href":"https:\/\/www.treatwell.ch\/fr\/treatment-files\/wp-json\/wp\/v2\/pages"}],"about":[{"href":"https:\/\/www.treatwell.ch\/fr\/treatment-files\/wp-json\/wp\/v2\/types\/page"}],"author":[{"embeddable":true,"href":"https:\/\/www.treatwell.ch\/fr\/treatment-files\/wp-json\/wp\/v2\/users\/3398"}],"replies":[{"embeddable":true,"href":"https:\/\/www.treatwell.ch\/fr\/treatment-files\/wp-json\/wp\/v2\/comments?post=32222"}],"version-history":[{"count":0,"href":"https:\/\/www.treatwell.ch\/fr\/treatment-files\/wp-json\/wp\/v2\/pages\/32222\/revisions"}],"wp:attachment":[{"href":"https:\/\/www.treatwell.ch\/fr\/treatment-files\/wp-json\/wp\/v2\/media?parent=32222"}],"curies":[{"name":"wp","href":"https:\/\/api.w.org\/{rel}","templated":true}]}}