{"id":10418,"date":"2020-05-19T15:55:49","date_gmt":"2020-05-19T15:55:49","guid":{"rendered":"https:\/\/www.treatwell.ch\/inspiration\/?page_id=10418"},"modified":"2020-05-27T12:11:51","modified_gmt":"2020-05-27T12:11:51","slug":"coiffeur-und-beauty2-0","status":"publish","type":"page","link":"https:\/\/www.treatwell.ch/inspiration\/coiffeur-und-beauty2-0\/","title":{"rendered":"Coiffeur und beauty2.0"},"content":{"rendered":"<h1>\n\t\tCoiffeur und Beauty 2.0<br \/>\n\t<\/h1>\n<p>\t\t\t\t<img loading=\"lazy\" decoding=\"async\" src=\"https:\/\/nl-nl.twinspiration.wpengine.treatwell.com\/wp-content\/uploads\/sites\/10\/2020\/05\/content-hub_mobileheader.jpg\" alt=\"content-hub_mobileheader\" height=\"684\" width=\"1156\" title=\"content-hub_mobileheader\" \/><\/p>\n<p><strong>Die Beautykrise hat ein Ende, denn die Salons \u00f6ffnen wieder. Es gibt ein paar Massnahmen, an die wir uns beim grossen Wiedersehen halten m\u00fcssen. Regelm\u00e4ssiges H\u00e4ndewaschen, das Tragen eines Mund-Nasen-Schutzes&#8230;<br \/>\n <\/strong><\/p>\n<p>Die neue Routine wird dazu beitragen, dass alle im Salon \u2013 und auch ausserhalb \u2013 gesund bleiben.&lt;\/p <\/p>\n<p>Deine neue Routine<\/p>\n<p>Anders als gewohnt \u2013 eben f\u00fcr ungew\u00f6hnliche Zeiten. Hier findest du einige Hinweise, wie du dich im Salon sch\u00fctzt.<\/p>\n<p>\t\t\t<img decoding=\"async\" src=\"https:\/\/nl-nl.twinspiration.wpengine.treatwell.com\/wp-content\/uploads\/sites\/10\/2020\/05\/illie-thermometer.png\" alt=\"\" \/>\t\t\t<\/p>\n<h2>Dir geht es nicht gut? <\/h2>\n<p>Bitte verschiebe deinen Termin. Wir haben ebenfalls unsere Salonpartner und ihr Team gebeten, sich an diese Vorsichtsmassnahme zu halten.<\/p>\n<p><img decoding=\"async\" src=\"https:\/\/nl-nl.twinspiration.wpengine.treatwell.com\/wp-content\/uploads\/sites\/10\/2020\/05\/illie-thermometer.png\" alt=\"\" \/><br \/>\n\t\t\t<img decoding=\"async\" src=\"https:\/\/nl-nl.twinspiration.wpengine.treatwell.com\/wp-content\/uploads\/sites\/10\/2020\/05\/illie-mask.png\" alt=\"\" \/>\t\t\t<\/p>\n<h2>Trage einen Mund-Nasen-Schutz<\/h2>\n<p>Dieser kann helfen, die Ausbreitung des Virus zu stoppen.<\/p>\n<p><img decoding=\"async\" src=\"https:\/\/nl-nl.twinspiration.wpengine.treatwell.com\/wp-content\/uploads\/sites\/10\/2020\/05\/illie-mask.png\" alt=\"\" \/><br \/>\n\t\t\t<img decoding=\"async\" src=\"https:\/\/nl-nl.twinspiration.wpengine.treatwell.com\/wp-content\/uploads\/sites\/10\/2020\/05\/illie-card.png\" alt=\"\" \/>\t\t\t<\/p>\n<h2>Bezahle nach M\u00f6glichkeit vorab online<\/h2>\n<p>So muss im Salon nicht mit Bargeld rumhantiert werden. Auch super: Das kontaktlose Zahlen mit Karte.<\/p>\n<p><img decoding=\"async\" src=\"https:\/\/nl-nl.twinspiration.wpengine.treatwell.com\/wp-content\/uploads\/sites\/10\/2020\/05\/illie-card.png\" alt=\"\" \/><br \/>\n\t\t\t<img decoding=\"async\" src=\"https:\/\/nl-nl.twinspiration.wpengine.treatwell.com\/wp-content\/uploads\/sites\/10\/2020\/05\/illie-handshake.png\" alt=\"\" \/>\t\t\t<\/p>\n<h2>Vermeide K\u00f6rperkontakt<\/h2>\n<p>Das Wiedersehen wird auch ohne Abklatschen, H\u00e4ndesch\u00fctteln und Umarmungen glorreich sein.<\/p>\n<p><img decoding=\"async\" src=\"https:\/\/nl-nl.twinspiration.wpengine.treatwell.com\/wp-content\/uploads\/sites\/10\/2020\/05\/illie-handshake.png\" alt=\"\" \/><br \/>\n\t\t\t<img decoding=\"async\" src=\"https:\/\/nl-nl.twinspiration.wpengine.treatwell.com\/wp-content\/uploads\/sites\/10\/2020\/05\/illie-handsanitiser.png\" alt=\"\" \/>\t\t\t<\/p>\n<h2>Wasche deine H\u00e4nde und desinfiziere diese<\/h2>\n<p>Auch Handdesinfektionsmittel sind zur\u00fcck in den Regalen. Und vergiss die 20-Sekunden-Waschregel nicht.<\/p>\n<p><img decoding=\"async\" src=\"https:\/\/nl-nl.twinspiration.wpengine.treatwell.com\/wp-content\/uploads\/sites\/10\/2020\/05\/illie-handsanitiser.png\" alt=\"\" \/><br \/>\n\t\t\t<img decoding=\"async\" src=\"https:\/\/nl-nl.twinspiration.wpengine.treatwell.com\/wp-content\/uploads\/sites\/10\/2020\/05\/illie-salon-door.png\" alt=\"\" \/>\t\t\t<\/p>\n<h2>Lass die Salont\u00fcr offen<\/h2>\n<p>Seltenes \u00d6ffnen und Schliessen der T\u00fcren bedeutet weniger Kontakt mit den Oberfl\u00e4chen.<\/p>\n<p><img decoding=\"async\" src=\"https:\/\/nl-nl.twinspiration.wpengine.treatwell.com\/wp-content\/uploads\/sites\/10\/2020\/05\/illie-salon-door.png\" alt=\"\" \/><br \/>\n\t\t\t<img decoding=\"async\" src=\"https:\/\/nl-nl.twinspiration.wpengine.treatwell.com\/wp-content\/uploads\/sites\/10\/2020\/05\/illie-water.png\" alt=\"\" \/>\t\t\t<\/p>\n<h2>Bring dir ein Getr\u00e4nk mit<\/h2>\n<p>Mit deiner wiederbef\u00fcllbaren Flasche oder einem Coffee to go bist du optimal ausger\u00fcstet.<\/p>\n<p><img decoding=\"async\" src=\"https:\/\/nl-nl.twinspiration.wpengine.treatwell.com\/wp-content\/uploads\/sites\/10\/2020\/05\/illie-water.png\" alt=\"\" \/><br \/>\n\t\t\t\t<a href=\"#\" role=\"button\"><br \/>\n<\/a><br \/>\n\t\t\t\t<a href=\"#\" role=\"button\"><br \/>\n<\/a><\/p>\n<p>\u00c4hnlich wie eine neue Beautyroutine<\/p>\n<p>Diese Artikel sind voller Ratschl\u00e4ge \u2013 egal ob du dich schon in den Salon begibst oder sie f\u00fcr Zuhause nutzt.<\/p>\n<p>\t\t\t\t<img loading=\"lazy\" decoding=\"async\" src=\"https:\/\/www.treatwell.ch/inspiration\/wp-content\/uploads\/sites\/6\/2020\/05\/blog-mask.jpg\" alt=\"blog-mask\" height=\"531\" width=\"436\" title=\"blog-mask\" \/><br \/>\n\t\t\t\t<img loading=\"lazy\" decoding=\"async\" src=\"https:\/\/en-gb.twinspiration.wpengine.treatwell.com\/wp-content\/uploads\/sites\/9\/2020\/03\/movingline.png\" alt=\"movingline\" height=\"94\" width=\"298\" title=\"movingline\" \/><\/p>\n<p>Wie du deine Haut trotz des<\/p>\n<p>Tragens einer Maske pflegst<\/p>\n<p>\t\t\t<a href=\"https:\/\/www.treatwell.ch\/treatment-files\/mask-on-wie-du-die-haut-im-gesicht-waehrend-des-tragens-einer-maske-schuetzt\/\" target=\"_blank\" role=\"button\" rel=\"noopener\"><br \/>\n\t\t\t\t\t\t\tLies mehr<br \/>\n\t\t\t\t\t<\/a><\/p>\n<p>Wie du das Austrocknen deiner H\u00e4nde verhinderst<\/p>\n<p>\t\t\t<a href=\"https:\/\/www.treatwell.ch\/treatment-files\/wie-du-trockene-haende-vermeidest-wenn-du-sie-sehr-oft-waschen-musst\/\" target=\"_blank\" role=\"button\" rel=\"noopener\"><br \/>\n\t\t\t\t\t\t\tLies mehr<br \/>\n\t\t\t\t\t<\/a><br \/>\n\t\t\t\t<img loading=\"lazy\" decoding=\"async\" src=\"https:\/\/www.treatwell.ch/inspiration\/wp-content\/uploads\/sites\/6\/2020\/05\/blog-hands.png\" alt=\"blog-hands\" height=\"483\" width=\"461\" title=\"blog-hands\" \/><br \/>\n\t\t\t\t<img loading=\"lazy\" decoding=\"async\" src=\"https:\/\/en-gb.twinspiration.wpengine.treatwell.com\/wp-content\/uploads\/sites\/9\/2020\/03\/artcile2.1.png\" alt=\"artcile2.1\" height=\"394\" width=\"291\" title=\"artcile2.1\" \/><br \/>\n\t\t\t\t<img loading=\"lazy\" decoding=\"async\" src=\"https:\/\/www.treatwell.ch/inspiration\/wp-content\/uploads\/sites\/6\/2020\/05\/blog-social-distancing.jpg\" alt=\"blog-social-distancing\" height=\"551\" width=\"444\" title=\"blog-social-distancing\" \/><br \/>\n\t\t\t\t<img loading=\"lazy\" decoding=\"async\" src=\"https:\/\/en-gb.twinspiration.wpengine.treatwell.com\/wp-content\/uploads\/sites\/9\/2020\/03\/movingline@2x.png\" alt=\"movingline@2x\" height=\"187\" width=\"595\" title=\"movingline@2x\" \/><br \/>\n\t\t\t\t<img loading=\"lazy\" decoding=\"async\" src=\"https:\/\/en-gb.twinspiration.wpengine.treatwell.com\/wp-content\/uploads\/sites\/9\/2020\/03\/2020.02.04_Treatwell_S06_Xelia_Nails_456_F2_CROP_RGB.png\" alt=\"2020.02.04_Treatwell_S06_Xelia_Nails_456_F2_CROP_RGB\" height=\"239\" width=\"248\" title=\"2020.02.04_Treatwell_S06_Xelia_Nails_456_F2_CROP_RGB\" \/><\/p>\n<p>So sieht deine neue Salonroutine aus<\/p>\n<p>\t\t\t<a href=\"https:\/\/www.treatwell.ch\/treatment-files\/die-salontueren-stehen-dir-wieder-offen-das-erwartet-dich\/\" target=\"_blank\" role=\"button\" rel=\"noopener\"><br \/>\n\t\t\t\t\t\t\tLies mehr<br \/>\n\t\t\t\t\t<\/a><\/p>\n<p>Frisch vom Blog<\/p>\n<p>Die neuesten Trends, Ratschl\u00e4ge der Experten und Inspiration, die dich auf dein Back-to-the-salon-Deb\u00fct vorbereiten.<\/p>\n<p>\t\t\t<a href=\"https:\/\/www.treatwell.ch\/treatment-files\/\" target=\"_blank\" role=\"button\" rel=\"noopener\"><br \/>\n\t\t\t\t\t\t\tJetzt entdecken<br \/>\n\t\t\t\t\t<\/a><br \/>\n\t\t\t<img decoding=\"async\" src=\"https:\/\/en-gb.twinspiration.wpengine.treatwell.com\/wp-content\/uploads\/sites\/9\/2020\/03\/article4.png\" alt=\"\" \/><br \/>\n\t\t\t<img decoding=\"async\" src=\"https:\/\/en-gb.twinspiration.wpengine.treatwell.com\/wp-content\/uploads\/sites\/9\/2020\/03\/@byrdiebeauty-@.png\" alt=\"\" \/><br \/>\n\t\t\t\t<a href=\"#\" role=\"button\"><br \/>\n<\/a><br \/>\n\t\t\t\t<a href=\"#\" role=\"button\"><br \/>\n<\/a><br \/>\n\t\t\t\t<img loading=\"lazy\" decoding=\"async\" src=\"https:\/\/nl-nl.twinspiration.wpengine.treatwell.com\/wp-content\/uploads\/sites\/10\/2020\/05\/icon_product-150x150.png\" alt=\"icon_product\" height=\"150\" width=\"150\" title=\"icon_product\" \/><br \/>\n\t\t\t\t<img loading=\"lazy\" decoding=\"async\" src=\"https:\/\/nl-nl.twinspiration.wpengine.treatwell.com\/wp-content\/uploads\/sites\/10\/2020\/05\/icon_industry-150x150.png\" alt=\"icon_industry\" height=\"150\" width=\"150\" title=\"icon_industry\" \/><br \/>\n\t\t\t\t<img loading=\"lazy\" decoding=\"async\" src=\"https:\/\/nl-nl.twinspiration.wpengine.treatwell.com\/wp-content\/uploads\/sites\/10\/2020\/05\/icon_trend-150x150.png\" alt=\"icon_trend\" height=\"150\" width=\"150\" title=\"icon_trend\" \/><\/p>\n<p>Text still to come<\/p>\n<p>Text still to come<\/p>\n<p>Text still to come<\/p>\n<p><b>Alexa, Musik ab<\/b><\/p>\n<p>Playlists, die einfach gute Stimmung verbreiten oder dich beruhigen.<\/p>\n<p>\t\t\t\t<a href=\"https:\/\/open.spotify.com\/playlist\/5CNAzogBUnVnpD4oAFyHzL\" target=\"_blank\" rel=\"noopener\"><br \/>\n\t\t\t\t<img loading=\"lazy\" decoding=\"async\" src=\"https:\/\/nl-nl.twinspiration.wpengine.treatwell.com\/wp-content\/uploads\/sites\/10\/2020\/04\/Group-620.png\" alt=\"Group 620\" height=\"333\" width=\"333\" title=\"Group 620\" \/><br \/>\n\t\t\t\t<\/a><\/p>\n<p><strong>Hymen der Gruppen-Chats<\/strong><\/p>\n<p>Lieder, die an Nachmittage im Park oder lange N\u00e4chte mit deinen Freunden erinnern.<\/p>\n<p>\t\t\t\t<a href=\"https:\/\/open.spotify.com\/playlist\/3qJWfmXQ0BAI43GfARS4wJ?si=OIzJ5WLqQZyqKZaBsIQEoA\" target=\"_blank\" rel=\"noopener\"><br \/>\n\t\t\t\t<img loading=\"lazy\" decoding=\"async\" src=\"https:\/\/nl-nl.twinspiration.wpengine.treatwell.com\/wp-content\/uploads\/sites\/10\/2020\/04\/Group-621.png\" alt=\"Group 621\" height=\"333\" width=\"333\" title=\"Group 621\" \/><br \/>\n\t\t\t\t<\/a><\/p>\n<p>Entspannung am Abend<\/p>\n<p>Laptop aus. Musik an.<\/p>\n<p>\t\t\t\t<a href=\"https:\/\/open.spotify.com\/playlist\/4VYqPPVEQIstCfIIlJz9Mk?si=D--lL05sT4GkIMyrl3BV9g\" target=\"_blank\" rel=\"noopener\"><br \/>\n\t\t\t\t<img loading=\"lazy\" decoding=\"async\" src=\"https:\/\/nl-nl.twinspiration.wpengine.treatwell.com\/wp-content\/uploads\/sites\/10\/2020\/04\/Group-622.png\" alt=\"Group 622\" height=\"333\" width=\"333\" title=\"Group 622\" \/><br \/>\n\t\t\t\t<\/a><\/p>\n<p>Hey Sonnenschein<\/p>\n<p>Starte gut in den Tag.<\/p>\n<p>\t\t\t\t<a href=\"https:\/\/open.spotify.com\/playlist\/2NInbbyM4355gmMGntEUYT?si=OWXFpvgzQZ-k5IaYcyKj3A&amp;fbclid=IwAR3A8rn1pMy-1unprMN34xnNdDfInT3IOYOtaz3lU2G6vrliPBTZSyOiQ4w\" target=\"_blank\" rel=\"noopener\"><br \/>\n\t\t\t\t<img loading=\"lazy\" decoding=\"async\" src=\"https:\/\/nl-nl.twinspiration.wpengine.treatwell.com\/wp-content\/uploads\/sites\/10\/2020\/04\/Group-623.png\" alt=\"Group 623\" height=\"349\" width=\"333\" title=\"Group 623\" \/><br \/>\n\t\t\t\t<\/a><\/p>\n<p><strong>Salon Sounds<\/strong><\/p>\n<p>Angenehm und zur\u00fcckhaltend.<\/p>\n<p>\t\t\t\t<a href=\"https:\/\/open.spotify.com\/playlist\/5xdKEUtQKQtdfazmS5CHs9?si=J9eyIXr_RJSGSxob3RfuEw&amp;fbclid=IwAR2KicSVPb_fCHOa3cEYE2_iDKnPul2d0EGXeOy7Gtg2izyu1evoQdk5hW0\" target=\"_blank\" rel=\"noopener\"><br \/>\n\t\t\t\t<img loading=\"lazy\" decoding=\"async\" src=\"https:\/\/nl-nl.twinspiration.wpengine.treatwell.com\/wp-content\/uploads\/sites\/10\/2020\/04\/Group-624.png\" alt=\"Group 624\" height=\"349\" width=\"333\" title=\"Group 624\" \/><br \/>\n\t\t\t\t<\/a><\/p>\n<p>Live aus dem Nagelstudio<\/p>\n<p>Nagelstudios spielen immer echte Knaller. Fakt.<\/p>\n<p>\t\t\t\t<a href=\"https:\/\/open.spotify.com\/playlist\/2M0JgoNBpbSe5pV3g9fvVM?si=B-BT5CriRB-I8usH1duZQg&amp;fbclid=IwAR1_-8XNHLfmfablVbuCwCxqvNS81vXLzXFEi6Zv-fX_1nETLuHgZ6a42pQ\" target=\"_blank\" rel=\"noopener\"><br \/>\n\t\t\t\t<img loading=\"lazy\" decoding=\"async\" src=\"https:\/\/nl-nl.twinspiration.wpengine.treatwell.com\/wp-content\/uploads\/sites\/10\/2020\/04\/Group-625.png\" alt=\"Group 625\" height=\"349\" width=\"333\" title=\"Group 625\" \/><br \/>\n\t\t\t\t<\/a><\/p>\n<p><strong>Spa Vibes <\/strong><\/p>\n<p>Deine Yoga-Playlist f\u00fcr&#8217;s Wohnzimmer.<\/p>\n<p>Salons, wir sind f\u00fcr euch da.<\/p>\n<p>Werde Partner und erhalte die Unterst\u00fctzung, die du und dein Salon verdienen.<\/p>\n<p>\t\t\t<a href=\"https:\/\/www.treatwell.ch\/treatment-files\/\" target=\"_self\" role=\"button\"><br \/>\n\t\t\t\t\t\t\tErfahre mehr<br \/>\n\t\t\t\t\t<\/a><\/p>\n","protected":false},"excerpt":{"rendered":"<p>Coiffeur und Beauty 2.0 Die Beautykrise hat ein Ende, denn die Salons \u00f6ffnen wieder. Es gibt ein paar Massnahmen, an die wir uns beim grossen Wiedersehen halten m\u00fcssen. Regelm\u00e4ssiges H\u00e4ndewaschen, das Tragen eines Mund-Nasen-Schutzes&#8230; Die neue Routine wird dazu beitragen, dass alle im Salon \u2013 und auch ausserhalb \u2013 gesund bleiben.&lt;\/p Deine neue Routine Anders&hellip;<\/p>\n","protected":false},"author":147,"featured_media":0,"parent":0,"menu_order":0,"comment_status":"closed","ping_status":"closed","template":"","meta":{"inline_featured_image":false,"footnotes":""},"class_list":["post-10418","page","type-page","status-publish","hentry"],"yoast_head":"<!-- This site is optimized with the Yoast SEO plugin v27.5 - https:\/\/yoast.com\/product\/yoast-seo-wordpress\/ -->\n<title>Coiffeur und beauty2.0 - Treatwell CH<\/title>\n<meta name=\"robots\" content=\"index, follow, max-snippet:-1, max-image-preview:large, max-video-preview:-1\" \/>\n<link rel=\"canonical\" href=\"https:\/\/www.treatwell.ch/inspiration\/coiffeur-und-beauty2-0\/\" \/>\n<meta property=\"og:locale\" content=\"de_DE\" \/>\n<meta property=\"og:type\" content=\"article\" \/>\n<meta property=\"og:title\" content=\"Coiffeur und beauty2.0 - Treatwell CH\" \/>\n<meta property=\"og:description\" content=\"Coiffeur und Beauty 2.0 Die Beautykrise hat ein Ende, denn die Salons \u00f6ffnen wieder. Es gibt ein paar Massnahmen, an die wir uns beim grossen Wiedersehen halten m\u00fcssen. Regelm\u00e4ssiges H\u00e4ndewaschen, das Tragen eines Mund-Nasen-Schutzes&#8230; Die neue Routine wird dazu beitragen, dass alle im Salon \u2013 und auch ausserhalb \u2013 gesund bleiben.&lt;\/p Deine neue Routine Anders&hellip;\" \/>\n<meta property=\"og:url\" content=\"https:\/\/www.treatwell.ch/inspiration\/coiffeur-und-beauty2-0\/\" \/>\n<meta property=\"og:site_name\" content=\"Treatwell CH\" \/>\n<meta property=\"article:modified_time\" content=\"2020-05-27T12:11:51+00:00\" \/>\n<meta property=\"og:image\" content=\"https:\/\/nl-nl.twinspiration.wpengine.treatwell.com\/wp-content\/uploads\/sites\/10\/2020\/05\/content-hub_mobileheader.jpg\" \/>\n<meta name=\"twitter:card\" content=\"summary_large_image\" \/>\n<meta name=\"twitter:label1\" content=\"Gesch\u00e4tzte Lesezeit\" \/>\n\t<meta name=\"twitter:data1\" content=\"2 Minuten\" \/>\n<script type=\"application\/ld+json\" class=\"yoast-schema-graph\">{\"@context\":\"https:\\\/\\\/schema.org\",\"@graph\":[{\"@type\":\"WebPage\",\"@id\":\"https:\\\/\\\/www.treatwell.ch/inspiration\\\/coiffeur-und-beauty2-0\\\/\",\"url\":\"https:\\\/\\\/www.treatwell.ch/inspiration\\\/coiffeur-und-beauty2-0\\\/\",\"name\":\"Coiffeur und beauty2.0 - Treatwell CH\",\"isPartOf\":{\"@id\":\"https:\\\/\\\/www.treatwell.ch/inspiration\\\/#website\"},\"primaryImageOfPage\":{\"@id\":\"https:\\\/\\\/www.treatwell.ch/inspiration\\\/coiffeur-und-beauty2-0\\\/#primaryimage\"},\"image\":{\"@id\":\"https:\\\/\\\/www.treatwell.ch/inspiration\\\/coiffeur-und-beauty2-0\\\/#primaryimage\"},\"thumbnailUrl\":\"https:\\\/\\\/nl-nl.twinspiration.wpengine.treatwell.com\\\/wp-content\\\/uploads\\\/sites\\\/10\\\/2020\\\/05\\\/content-hub_mobileheader.jpg\",\"datePublished\":\"2020-05-19T15:55:49+00:00\",\"dateModified\":\"2020-05-27T12:11:51+00:00\",\"breadcrumb\":{\"@id\":\"https:\\\/\\\/www.treatwell.ch/inspiration\\\/coiffeur-und-beauty2-0\\\/#breadcrumb\"},\"inLanguage\":\"de-DE\",\"potentialAction\":[{\"@type\":\"ReadAction\",\"target\":[\"https:\\\/\\\/www.treatwell.ch/inspiration\\\/coiffeur-und-beauty2-0\\\/\"]}]},{\"@type\":\"ImageObject\",\"inLanguage\":\"de-DE\",\"@id\":\"https:\\\/\\\/www.treatwell.ch/inspiration\\\/coiffeur-und-beauty2-0\\\/#primaryimage\",\"url\":\"https:\\\/\\\/nl-nl.twinspiration.wpengine.treatwell.com\\\/wp-content\\\/uploads\\\/sites\\\/10\\\/2020\\\/05\\\/content-hub_mobileheader.jpg\",\"contentUrl\":\"https:\\\/\\\/nl-nl.twinspiration.wpengine.treatwell.com\\\/wp-content\\\/uploads\\\/sites\\\/10\\\/2020\\\/05\\\/content-hub_mobileheader.jpg\"},{\"@type\":\"BreadcrumbList\",\"@id\":\"https:\\\/\\\/www.treatwell.ch/inspiration\\\/coiffeur-und-beauty2-0\\\/#breadcrumb\",\"itemListElement\":[{\"@type\":\"ListItem\",\"position\":1,\"name\":\"Home\",\"item\":\"https:\\\/\\\/www.treatwell.ch/inspiration\\\/\"},{\"@type\":\"ListItem\",\"position\":2,\"name\":\"Coiffeur und beauty2.0\"}]},{\"@type\":\"WebSite\",\"@id\":\"https:\\\/\\\/www.treatwell.ch/inspiration\\\/#website\",\"url\":\"https:\\\/\\\/www.treatwell.ch/inspiration\\\/\",\"name\":\"Treatwell CH\",\"description\":\"\",\"potentialAction\":[{\"@type\":\"SearchAction\",\"target\":{\"@type\":\"EntryPoint\",\"urlTemplate\":\"https:\\\/\\\/www.treatwell.ch/inspiration\\\/?s={search_term_string}\"},\"query-input\":{\"@type\":\"PropertyValueSpecification\",\"valueRequired\":true,\"valueName\":\"search_term_string\"}}],\"inLanguage\":\"de-DE\"}]}<\/script>\n<!-- \/ Yoast SEO plugin. -->","yoast_head_json":{"title":"Coiffeur und beauty2.0 - Treatwell CH","robots":{"index":"index","follow":"follow","max-snippet":"max-snippet:-1","max-image-preview":"max-image-preview:large","max-video-preview":"max-video-preview:-1"},"canonical":"https:\/\/www.treatwell.ch/inspiration\/coiffeur-und-beauty2-0\/","og_locale":"de_DE","og_type":"article","og_title":"Coiffeur und beauty2.0 - Treatwell CH","og_description":"Coiffeur und Beauty 2.0 Die Beautykrise hat ein Ende, denn die Salons \u00f6ffnen wieder. Es gibt ein paar Massnahmen, an die wir uns beim grossen Wiedersehen halten m\u00fcssen. Regelm\u00e4ssiges H\u00e4ndewaschen, das Tragen eines Mund-Nasen-Schutzes&#8230; Die neue Routine wird dazu beitragen, dass alle im Salon \u2013 und auch ausserhalb \u2013 gesund bleiben.&lt;\/p Deine neue Routine Anders&hellip;","og_url":"https:\/\/www.treatwell.ch/inspiration\/coiffeur-und-beauty2-0\/","og_site_name":"Treatwell CH","article_modified_time":"2020-05-27T12:11:51+00:00","og_image":[{"url":"https:\/\/nl-nl.twinspiration.wpengine.treatwell.com\/wp-content\/uploads\/sites\/10\/2020\/05\/content-hub_mobileheader.jpg","type":"","width":"","height":""}],"twitter_card":"summary_large_image","twitter_misc":{"Gesch\u00e4tzte Lesezeit":"2 Minuten"},"schema":{"@context":"https:\/\/schema.org","@graph":[{"@type":"WebPage","@id":"https:\/\/www.treatwell.ch/inspiration\/coiffeur-und-beauty2-0\/","url":"https:\/\/www.treatwell.ch/inspiration\/coiffeur-und-beauty2-0\/","name":"Coiffeur und beauty2.0 - Treatwell CH","isPartOf":{"@id":"https:\/\/www.treatwell.ch/inspiration\/#website"},"primaryImageOfPage":{"@id":"https:\/\/www.treatwell.ch/inspiration\/coiffeur-und-beauty2-0\/#primaryimage"},"image":{"@id":"https:\/\/www.treatwell.ch/inspiration\/coiffeur-und-beauty2-0\/#primaryimage"},"thumbnailUrl":"https:\/\/nl-nl.twinspiration.wpengine.treatwell.com\/wp-content\/uploads\/sites\/10\/2020\/05\/content-hub_mobileheader.jpg","datePublished":"2020-05-19T15:55:49+00:00","dateModified":"2020-05-27T12:11:51+00:00","breadcrumb":{"@id":"https:\/\/www.treatwell.ch/inspiration\/coiffeur-und-beauty2-0\/#breadcrumb"},"inLanguage":"de-DE","potentialAction":[{"@type":"ReadAction","target":["https:\/\/www.treatwell.ch/inspiration\/coiffeur-und-beauty2-0\/"]}]},{"@type":"ImageObject","inLanguage":"de-DE","@id":"https:\/\/www.treatwell.ch/inspiration\/coiffeur-und-beauty2-0\/#primaryimage","url":"https:\/\/nl-nl.twinspiration.wpengine.treatwell.com\/wp-content\/uploads\/sites\/10\/2020\/05\/content-hub_mobileheader.jpg","contentUrl":"https:\/\/nl-nl.twinspiration.wpengine.treatwell.com\/wp-content\/uploads\/sites\/10\/2020\/05\/content-hub_mobileheader.jpg"},{"@type":"BreadcrumbList","@id":"https:\/\/www.treatwell.ch/inspiration\/coiffeur-und-beauty2-0\/#breadcrumb","itemListElement":[{"@type":"ListItem","position":1,"name":"Home","item":"https:\/\/www.treatwell.ch/inspiration\/"},{"@type":"ListItem","position":2,"name":"Coiffeur und beauty2.0"}]},{"@type":"WebSite","@id":"https:\/\/www.treatwell.ch/inspiration\/#website","url":"https:\/\/www.treatwell.ch/inspiration\/","name":"Treatwell CH","description":"","potentialAction":[{"@type":"SearchAction","target":{"@type":"EntryPoint","urlTemplate":"https:\/\/www.treatwell.ch/inspiration\/?s={search_term_string}"},"query-input":{"@type":"PropertyValueSpecification","valueRequired":true,"valueName":"search_term_string"}}],"inLanguage":"de-DE"}]}},"_links":{"self":[{"href":"https:\/\/www.treatwell.ch\/inspiration\/wp-json\/wp\/v2\/pages\/10418","targetHints":{"allow":["GET"]}}],"collection":[{"href":"https:\/\/www.treatwell.ch\/inspiration\/wp-json\/wp\/v2\/pages"}],"about":[{"href":"https:\/\/www.treatwell.ch\/inspiration\/wp-json\/wp\/v2\/types\/page"}],"author":[{"embeddable":true,"href":"https:\/\/www.treatwell.ch\/inspiration\/wp-json\/wp\/v2\/users\/147"}],"replies":[{"embeddable":true,"href":"https:\/\/www.treatwell.ch\/inspiration\/wp-json\/wp\/v2\/comments?post=10418"}],"version-history":[{"count":0,"href":"https:\/\/www.treatwell.ch\/inspiration\/wp-json\/wp\/v2\/pages\/10418\/revisions"}],"wp:attachment":[{"href":"https:\/\/www.treatwell.ch\/inspiration\/wp-json\/wp\/v2\/media?parent=10418"}],"curies":[{"name":"wp","href":"https:\/\/api.w.org\/{rel}","templated":true}]}}