{"id":4643,"date":"2017-03-24T15:22:34","date_gmt":"2017-03-24T15:22:34","guid":{"rendered":"https:\/\/www.treatwell.ch\/inspiration\/?page_id=4643"},"modified":"2017-12-06T13:50:48","modified_gmt":"2017-12-06T13:50:48","slug":"mens-world","status":"publish","type":"page","link":"https:\/\/www.treatwell.ch/inspiration\/mens-world\/","title":{"rendered":"Mens World"},"content":{"rendered":"<h1>\n\t\tNoch schneller<br \/>\n\t<\/h1>\n<h2>\n\t\tzum Beauty-Termin<br \/>\n\t<\/h2>\n<h2>\n\t\tMen&#8217;s World bei Treatwell<br \/>\n\t<\/h2>\n<p style=\"text-align: justify\">Keine Zeit aber trotzdem top gestylt sein? Auf dieser Seite findest du alles was das M\u00e4nnerherz h\u00f6her schlagen l\u00e4sst. W\u00e4hle einfach dein Treatment, gib deine Postleitzahl ein und im Handumdrehen findest du Salons in deiner N\u00e4he mit freien Terminen. Probiere es aus und buche 24\/7 direkt online!<\/p>\n<p>\t\t\t\t<a href=\"https:\/\/www.treatwell.ch\/orte\/behandlung-maennerhaarschnitte\/angebot-typ-lokal\/in-zuerich-ch\/\" target=\"_self\"><br \/>\n\t\t\t\t<img decoding=\"async\" src=\"https:\/\/de-de.twinspiration.wpengine.treatwell.com\/wp-content\/uploads\/sites\/7\/2017\/03\/TW_DE_MEN_Landingpage_YL_v01_07.jpg\" alt=\"TW_DE_MEN_Landingpage_YL_v01_07\" \/><br \/>\n\t\t\t\t<\/a><br \/>\n\t\t\t\t<a href=\"https:\/\/www.treatwell.ch\/orte\/behandlung-bart-trimmen-oder-rasur\/angebot-typ-lokal\/in-zuerich-ch\/\" target=\"_self\"><br \/>\n\t\t\t\t<img decoding=\"async\" src=\"https:\/\/de-de.twinspiration.wpengine.treatwell.com\/wp-content\/uploads\/sites\/7\/2017\/03\/TW_DE_MEN_Landingpage_YL_v01_16.jpg\" alt=\"TW_DE_MEN_Landingpage_YL_v01_16\" \/><br \/>\n\t\t\t\t<\/a><br \/>\n\t\t\t\t<a href=\"https:\/\/www.treatwell.ch\/orte\/behandlung-gruppe-massage\/angebot-typ-lokal\/in-zuerich-ch\/\" target=\"_self\"><br \/>\n\t\t\t\t<img decoding=\"async\" src=\"https:\/\/de-de.twinspiration.wpengine.treatwell.com\/wp-content\/uploads\/sites\/7\/2017\/03\/TW_DE_MEN_Landingpage_YL_v01_09.jpg\" alt=\"TW_DE_MEN_Landingpage_YL_v01_09\" \/><br \/>\n\t\t\t\t<\/a><br \/>\n\t\t\t\t<a href=\"https:\/\/www.treatwell.ch\/orte\/behandlung-sugaring,waxing-herren\/angebot-typ-lokal\/in-zuerich-ch\/\" target=\"_self\"><br \/>\n\t\t\t\t<img decoding=\"async\" src=\"https:\/\/de-de.twinspiration.wpengine.treatwell.com\/wp-content\/uploads\/sites\/7\/2017\/03\/TW_DE_MEN_Landingpage_YL_v01_15.jpg\" alt=\"TW_DE_MEN_Landingpage_YL_v01_15\" \/><br \/>\n\t\t\t\t<\/a><br \/>\n\t\t\t\t<a href=\"https:\/\/www.treatwell.ch\/orte\/behandlung-pedikuere\/angebot-typ-lokal\/in-zuerich-ch\/\" target=\"_self\"><br \/>\n\t\t\t\t<img decoding=\"async\" src=\"https:\/\/www.treatwell.ch/inspiration\/wp-content\/uploads\/sites\/6\/2017\/03\/TW_DE_MEN_Landingpage_YL_v01_05b.jpg\" alt=\"TW_DE_MEN_Landingpage_YL_v01_05b\" \/><br \/>\n\t\t\t\t<\/a><br \/>\n\t\t\t\t<a href=\"https:\/\/www.treatwell.ch\/orte\/behandlung-gesichtsbehandlungen-fuer-maenner,gesichtspflegeberatung\/angebot-typ-lokal\/in-zuerich-ch\/\" target=\"_self\"><br \/>\n\t\t\t\t<img decoding=\"async\" src=\"https:\/\/de-de.twinspiration.wpengine.treatwell.com\/wp-content\/uploads\/sites\/7\/2017\/03\/TW_DE_MEN_Landingpage_YL_v01_14.jpg\" alt=\"TW_DE_MEN_Landingpage_YL_v01_14\" \/><br \/>\n\t\t\t\t<\/a><\/p>\n<h2>Bart trimmen oder Rasur?<\/h2>\n<p style=\"text-align: justify\">Hier findest du einige Fakten zum Thema und den Barbier, der zu dir passt.<\/p>\n<p>\t\t\t<a href=\"https:\/\/www.treatwell.ch\/behandlung\/bart-trimmen-oder-rasur\/\" target=\"_self\" role=\"button\"><br \/>\n\t\t\t\t\t\t\tMehr erfahren<br \/>\n\t\t\t\t\t<\/a><br \/>\n\t\t\t\t<img decoding=\"async\" src=\"https:\/\/de-de.twinspiration.wpengine.treatwell.com\/wp-content\/uploads\/sites\/7\/2017\/03\/TW_DE_MEN_Landingpage_YL_v01_21.jpg\" alt=\"TW_DE_MEN_Landingpage_YL_v01_21\" \/><br \/>\n\t\t\t\t<img decoding=\"async\" src=\"https:\/\/de-de.twinspiration.wpengine.treatwell.com\/wp-content\/uploads\/sites\/7\/2017\/03\/TW_DE_MEN_Landingpage_YL_v01_22.jpg\" alt=\"TW_DE_MEN_Landingpage_YL_v01_22\" \/><\/p>\n<h3>M\u00e4nnerhaarschnitte zum kleinen Preis<\/h3>\n<p style=\"text-align: justify\">Wir haben f\u00fcr dich einige Coiffeure\u00a0herausgesucht, die deinen Geldbeutel schonen.<\/p>\n<p>\t\t\t<a href=\"https:\/\/www.treatwell.ch\/orte\/behandlung-maennerhaarschnitte\/angebot-typ-lokal\/rabatte-flexibel\/in-zuerich-ch\/\" target=\"_self\" role=\"button\"><br \/>\n\t\t\t\t\t\t\tJetzt finden<br \/>\n\t\t\t\t\t<\/a><br \/>\n\t\t\t\t<img decoding=\"async\" src=\"https:\/\/de-de.twinspiration.wpengine.treatwell.com\/wp-content\/uploads\/sites\/7\/2017\/03\/TW_DE_MEN_Landingpage_YL_v01_22.jpg\" alt=\"TW_DE_MEN_Landingpage_YL_v01_22\" \/><\/p>\n","protected":false},"excerpt":{"rendered":"<p>Noch schneller zum Beauty-Termin Men&#8217;s World bei Treatwell Keine Zeit aber trotzdem top gestylt sein? Auf dieser Seite findest du alles was das M\u00e4nnerherz h\u00f6her schlagen l\u00e4sst. W\u00e4hle einfach dein Treatment, gib deine Postleitzahl ein und im Handumdrehen findest du Salons in deiner N\u00e4he mit freien Terminen. Probiere es aus und buche 24\/7 direkt online!&hellip;<\/p>\n","protected":false},"author":51,"featured_media":6242,"parent":0,"menu_order":0,"comment_status":"closed","ping_status":"closed","template":"","meta":{"inline_featured_image":false,"footnotes":""},"class_list":["post-4643","page","type-page","status-publish","has-post-thumbnail","hentry"],"yoast_head":"<!-- This site is optimized with the Yoast SEO plugin v27.5 - https:\/\/yoast.com\/product\/yoast-seo-wordpress\/ -->\n<title>Mens Beauty World | Friseur, Barber oder Massage Termine Treatwell.ch<\/title>\n<meta name=\"description\" content=\"Hier finden M\u00e4nner alles was sie zum Thema Beauty und Wellness interessiert. Mit wenigen Klicks findest du deinen Termin und kannst sofort online zahlen.\" \/>\n<meta name=\"robots\" content=\"index, follow, max-snippet:-1, max-image-preview:large, max-video-preview:-1\" \/>\n<link rel=\"canonical\" href=\"https:\/\/www.treatwell.ch/inspiration\/mens-world\/\" \/>\n<meta property=\"og:locale\" content=\"de_DE\" \/>\n<meta property=\"og:type\" content=\"article\" \/>\n<meta property=\"og:title\" content=\"Mens Beauty World | Friseur, Barber oder Massage Termine Treatwell.ch\" \/>\n<meta property=\"og:description\" content=\"Hier finden M\u00e4nner alles was sie zum Thema Beauty und Wellness interessiert. Mit wenigen Klicks findest du deinen Termin und kannst sofort online zahlen.\" \/>\n<meta property=\"og:url\" content=\"https:\/\/www.treatwell.ch/inspiration\/mens-world\/\" \/>\n<meta property=\"og:site_name\" content=\"Treatwell CH\" \/>\n<meta property=\"article:modified_time\" content=\"2017-12-06T13:50:48+00:00\" \/>\n<meta property=\"og:image\" content=\"https:\/\/www.treatwell.ch/inspiration\/wp-content\/uploads\/sites\/6\/2017\/03\/DACH_Menlandingpage_hero_2000x750_YL_v01.jpg\" \/>\n\t<meta property=\"og:image:width\" content=\"2000\" \/>\n\t<meta property=\"og:image:height\" content=\"750\" \/>\n\t<meta property=\"og:image:type\" content=\"image\/jpeg\" \/>\n<meta name=\"twitter:card\" content=\"summary_large_image\" \/>\n<script type=\"application\/ld+json\" class=\"yoast-schema-graph\">{\"@context\":\"https:\\\/\\\/schema.org\",\"@graph\":[{\"@type\":\"WebPage\",\"@id\":\"https:\\\/\\\/www.treatwell.ch/inspiration\\\/mens-world\\\/\",\"url\":\"https:\\\/\\\/www.treatwell.ch/inspiration\\\/mens-world\\\/\",\"name\":\"Mens Beauty World | Friseur, Barber oder Massage Termine Treatwell.ch\",\"isPartOf\":{\"@id\":\"https:\\\/\\\/www.treatwell.ch/inspiration\\\/#website\"},\"primaryImageOfPage\":{\"@id\":\"https:\\\/\\\/www.treatwell.ch/inspiration\\\/mens-world\\\/#primaryimage\"},\"image\":{\"@id\":\"https:\\\/\\\/www.treatwell.ch/inspiration\\\/mens-world\\\/#primaryimage\"},\"thumbnailUrl\":\"https:\\\/\\\/www.treatwell.ch/inspiration\\\/wp-content\\\/uploads\\\/sites\\\/6\\\/2017\\\/03\\\/DACH_Menlandingpage_hero_2000x750_YL_v01.jpg\",\"datePublished\":\"2017-03-24T15:22:34+00:00\",\"dateModified\":\"2017-12-06T13:50:48+00:00\",\"description\":\"Hier finden M\u00e4nner alles was sie zum Thema Beauty und Wellness interessiert. Mit wenigen Klicks findest du deinen Termin und kannst sofort online zahlen.\",\"breadcrumb\":{\"@id\":\"https:\\\/\\\/www.treatwell.ch/inspiration\\\/mens-world\\\/#breadcrumb\"},\"inLanguage\":\"de-DE\",\"potentialAction\":[{\"@type\":\"ReadAction\",\"target\":[\"https:\\\/\\\/www.treatwell.ch/inspiration\\\/mens-world\\\/\"]}]},{\"@type\":\"ImageObject\",\"inLanguage\":\"de-DE\",\"@id\":\"https:\\\/\\\/www.treatwell.ch/inspiration\\\/mens-world\\\/#primaryimage\",\"url\":\"https:\\\/\\\/www.treatwell.ch/inspiration\\\/wp-content\\\/uploads\\\/sites\\\/6\\\/2017\\\/03\\\/DACH_Menlandingpage_hero_2000x750_YL_v01.jpg\",\"contentUrl\":\"https:\\\/\\\/www.treatwell.ch/inspiration\\\/wp-content\\\/uploads\\\/sites\\\/6\\\/2017\\\/03\\\/DACH_Menlandingpage_hero_2000x750_YL_v01.jpg\",\"width\":2000,\"height\":750},{\"@type\":\"BreadcrumbList\",\"@id\":\"https:\\\/\\\/www.treatwell.ch/inspiration\\\/mens-world\\\/#breadcrumb\",\"itemListElement\":[{\"@type\":\"ListItem\",\"position\":1,\"name\":\"Home\",\"item\":\"https:\\\/\\\/www.treatwell.ch/inspiration\\\/\"},{\"@type\":\"ListItem\",\"position\":2,\"name\":\"Mens World\"}]},{\"@type\":\"WebSite\",\"@id\":\"https:\\\/\\\/www.treatwell.ch/inspiration\\\/#website\",\"url\":\"https:\\\/\\\/www.treatwell.ch/inspiration\\\/\",\"name\":\"Treatwell CH\",\"description\":\"\",\"potentialAction\":[{\"@type\":\"SearchAction\",\"target\":{\"@type\":\"EntryPoint\",\"urlTemplate\":\"https:\\\/\\\/www.treatwell.ch/inspiration\\\/?s={search_term_string}\"},\"query-input\":{\"@type\":\"PropertyValueSpecification\",\"valueRequired\":true,\"valueName\":\"search_term_string\"}}],\"inLanguage\":\"de-DE\"}]}<\/script>\n<!-- \/ Yoast SEO plugin. -->","yoast_head_json":{"title":"Mens Beauty World | Friseur, Barber oder Massage Termine Treatwell.ch","description":"Hier finden M\u00e4nner alles was sie zum Thema Beauty und Wellness interessiert. Mit wenigen Klicks findest du deinen Termin und kannst sofort online zahlen.","robots":{"index":"index","follow":"follow","max-snippet":"max-snippet:-1","max-image-preview":"max-image-preview:large","max-video-preview":"max-video-preview:-1"},"canonical":"https:\/\/www.treatwell.ch/inspiration\/mens-world\/","og_locale":"de_DE","og_type":"article","og_title":"Mens Beauty World | Friseur, Barber oder Massage Termine Treatwell.ch","og_description":"Hier finden M\u00e4nner alles was sie zum Thema Beauty und Wellness interessiert. Mit wenigen Klicks findest du deinen Termin und kannst sofort online zahlen.","og_url":"https:\/\/www.treatwell.ch/inspiration\/mens-world\/","og_site_name":"Treatwell CH","article_modified_time":"2017-12-06T13:50:48+00:00","og_image":[{"width":2000,"height":750,"url":"https:\/\/www.treatwell.ch/inspiration\/wp-content\/uploads\/sites\/6\/2017\/03\/DACH_Menlandingpage_hero_2000x750_YL_v01.jpg","type":"image\/jpeg"}],"twitter_card":"summary_large_image","schema":{"@context":"https:\/\/schema.org","@graph":[{"@type":"WebPage","@id":"https:\/\/www.treatwell.ch/inspiration\/mens-world\/","url":"https:\/\/www.treatwell.ch/inspiration\/mens-world\/","name":"Mens Beauty World | Friseur, Barber oder Massage Termine Treatwell.ch","isPartOf":{"@id":"https:\/\/www.treatwell.ch/inspiration\/#website"},"primaryImageOfPage":{"@id":"https:\/\/www.treatwell.ch/inspiration\/mens-world\/#primaryimage"},"image":{"@id":"https:\/\/www.treatwell.ch/inspiration\/mens-world\/#primaryimage"},"thumbnailUrl":"https:\/\/www.treatwell.ch/inspiration\/wp-content\/uploads\/sites\/6\/2017\/03\/DACH_Menlandingpage_hero_2000x750_YL_v01.jpg","datePublished":"2017-03-24T15:22:34+00:00","dateModified":"2017-12-06T13:50:48+00:00","description":"Hier finden M\u00e4nner alles was sie zum Thema Beauty und Wellness interessiert. Mit wenigen Klicks findest du deinen Termin und kannst sofort online zahlen.","breadcrumb":{"@id":"https:\/\/www.treatwell.ch/inspiration\/mens-world\/#breadcrumb"},"inLanguage":"de-DE","potentialAction":[{"@type":"ReadAction","target":["https:\/\/www.treatwell.ch/inspiration\/mens-world\/"]}]},{"@type":"ImageObject","inLanguage":"de-DE","@id":"https:\/\/www.treatwell.ch/inspiration\/mens-world\/#primaryimage","url":"https:\/\/www.treatwell.ch/inspiration\/wp-content\/uploads\/sites\/6\/2017\/03\/DACH_Menlandingpage_hero_2000x750_YL_v01.jpg","contentUrl":"https:\/\/www.treatwell.ch/inspiration\/wp-content\/uploads\/sites\/6\/2017\/03\/DACH_Menlandingpage_hero_2000x750_YL_v01.jpg","width":2000,"height":750},{"@type":"BreadcrumbList","@id":"https:\/\/www.treatwell.ch/inspiration\/mens-world\/#breadcrumb","itemListElement":[{"@type":"ListItem","position":1,"name":"Home","item":"https:\/\/www.treatwell.ch/inspiration\/"},{"@type":"ListItem","position":2,"name":"Mens World"}]},{"@type":"WebSite","@id":"https:\/\/www.treatwell.ch/inspiration\/#website","url":"https:\/\/www.treatwell.ch/inspiration\/","name":"Treatwell CH","description":"","potentialAction":[{"@type":"SearchAction","target":{"@type":"EntryPoint","urlTemplate":"https:\/\/www.treatwell.ch/inspiration\/?s={search_term_string}"},"query-input":{"@type":"PropertyValueSpecification","valueRequired":true,"valueName":"search_term_string"}}],"inLanguage":"de-DE"}]}},"_links":{"self":[{"href":"https:\/\/www.treatwell.ch\/inspiration\/wp-json\/wp\/v2\/pages\/4643","targetHints":{"allow":["GET"]}}],"collection":[{"href":"https:\/\/www.treatwell.ch\/inspiration\/wp-json\/wp\/v2\/pages"}],"about":[{"href":"https:\/\/www.treatwell.ch\/inspiration\/wp-json\/wp\/v2\/types\/page"}],"author":[{"embeddable":true,"href":"https:\/\/www.treatwell.ch\/inspiration\/wp-json\/wp\/v2\/users\/51"}],"replies":[{"embeddable":true,"href":"https:\/\/www.treatwell.ch\/inspiration\/wp-json\/wp\/v2\/comments?post=4643"}],"version-history":[{"count":0,"href":"https:\/\/www.treatwell.ch\/inspiration\/wp-json\/wp\/v2\/pages\/4643\/revisions"}],"wp:featuredmedia":[{"embeddable":true,"href":"https:\/\/www.treatwell.ch\/inspiration\/wp-json\/wp\/v2\/media\/6242"}],"wp:attachment":[{"href":"https:\/\/www.treatwell.ch\/inspiration\/wp-json\/wp\/v2\/media?parent=4643"}],"curies":[{"name":"wp","href":"https:\/\/api.w.org\/{rel}","templated":true}]}}