{"id":4785,"date":"2017-04-12T15:21:01","date_gmt":"2017-04-12T15:21:01","guid":{"rendered":"https:\/\/www.treatwell.ch\/inspiration\/?page_id=4785"},"modified":"2021-07-08T11:34:14","modified_gmt":"2021-07-08T11:34:14","slug":"newcomer","status":"publish","type":"page","link":"https:\/\/www.treatwell.ch/inspiration\/newcomer\/","title":{"rendered":"newcomer"},"content":{"rendered":"<p>15% sparen in neuen Salons\u00a0 \u00a0 \u00a0 \u00a0 \u00a0 \u00a0 \u00a0 Code: NEUERSALON*<\/p>\n<p>Wir sind immer\u00a0auf der Suche nach\u00a0wunderbaren\u00a0neuen Salons die unser Portfolio\u00a0bereichern. Entdecke jetzt neue Lieblinge und wir schenken dir zur Begr\u00fcssung der Salons 15% Rabatt auf deinen\u00a0Termin. Einfach einen Termin bei einem neuen Salons w\u00e4hlen und Code &#8222;<strong>NEUERSALON<\/strong>&#8220; in der Kasse eingeben.<\/p>\n<p>\t\t\t<a href=\"https:\/\/www.treatwell.ch\/orte\/markieren-neue-salons\/\" target=\"_self\" role=\"button\"><br \/>\n\t\t\t\t\t\t\tAlle neuen Salons entdecken<br \/>\n\t\t\t\t\t<\/a><\/p>\n<p>Z\u00fcrich<\/p>\n<p>\u00a0Z\u00fcrich<\/p>\n<h1>Coiffeur<\/h1>\n<p>\t\t\t<a href=\"https:\/\/www.treatwell.ch\/orte\/behandlung-gruppe-coiffeur\/markieren-neue-salons\/angebot-typ-lokal\/\" target=\"_self\" role=\"button\"><br \/>\n\t\t\t\t\t\t\tJetzt mit CHF 25 Rabatt buchen<br \/>\n\t\t\t\t\t<\/a><\/p>\n<h1>N\u00e4gel<\/h1>\n<p>\t\t\t<a href=\"https:\/\/www.treatwell.ch\/orte\/behandlung-gruppe-nagel\/markieren-neue-salons\/angebot-typ-lokal\/\" target=\"_self\" role=\"button\"><br \/>\n\t\t\t\t\t\t\tJetzt mit CHF 25 Rabatt buchen<br \/>\n\t\t\t\t\t<\/a><\/p>\n<h1>Haarentfernung<\/h1>\n<p>\t\t\t<a href=\"https:\/\/www.treatwell.ch\/orte\/behandlung-gruppe-haarentfernung\/markieren-neue-salons\/angebot-typ-lokal\/\" target=\"_self\" role=\"button\"><br \/>\n\t\t\t\t\t\t\tJetzt mit CHF 25 Rabatt buchen<br \/>\n\t\t\t\t\t<\/a><\/p>\n<h1>Kosmetik<\/h1>\n<p>\t\t\t<a href=\"https:\/\/www.treatwell.ch\/orte\/behandlung-gruppe-gesicht\/markieren-neue-salons\/angebot-typ-lokal\/\" target=\"_self\" role=\"button\"><br \/>\n\t\t\t\t\t\t\tJetzt mit CHF 25 Rabatt buchen<br \/>\n\t\t\t\t\t<\/a><\/p>\n<h1>Massage<\/h1>\n<p>\t\t\t<a href=\"https:\/\/www.treatwell.ch\/orte\/behandlung-gruppe-massage\/markieren-neue-salons\/angebot-typ-lokal\/\" target=\"_self\" role=\"button\"><br \/>\n\t\t\t\t\t\t\tJetzt mit CHF 25 Rabatt buchen<br \/>\n\t\t\t\t\t<\/a><\/p>\n<h1>M\u00e4nner<\/h1>\n<p>\t\t\t<a href=\"https:\/\/www.treatwell.ch\/orte\/behandlung-maennerhaarschnitte\/markieren-neue-salons\/angebot-typ-lokal\/\" target=\"_self\" role=\"button\"><br \/>\n\t\t\t\t\t\t\tJetzt mit CHF 25 Rabatt buchen<br \/>\n\t\t\t\t\t<\/a><\/p>\n<p>*Einl\u00f6sbar mit Online-Zahlung in ausgew\u00e4hlten Newcomer-Salons. Gutscheincode nicht kombinierbar, das Angebot ist begrenzt. Gutscheinkosten tr\u00e4gt Treatwell. Es gelten die Treatwell AGB. G\u00fcltig bis 31. Dezember 2021.<\/p>\n","protected":false},"excerpt":{"rendered":"<p>15% sparen in neuen Salons\u00a0 \u00a0 \u00a0 \u00a0 \u00a0 \u00a0 \u00a0 Code: NEUERSALON* Wir sind immer\u00a0auf der Suche nach\u00a0wunderbaren\u00a0neuen Salons die unser Portfolio\u00a0bereichern. Entdecke jetzt neue Lieblinge und wir schenken dir zur Begr\u00fcssung der Salons 15% Rabatt auf deinen\u00a0Termin. Einfach einen Termin bei einem neuen Salons w\u00e4hlen und Code &#8222;NEUERSALON&#8220; in der Kasse eingeben. Alle&hellip;<\/p>\n","protected":false},"author":51,"featured_media":0,"parent":0,"menu_order":0,"comment_status":"closed","ping_status":"closed","template":"","meta":{"inline_featured_image":false,"footnotes":""},"class_list":["post-4785","page","type-page","status-publish","hentry"],"yoast_head":"<!-- This site is optimized with the Yoast SEO plugin v27.4 - https:\/\/yoast.com\/product\/yoast-seo-wordpress\/ -->\n<title>newcomer - Treatwell CH<\/title>\n<meta name=\"robots\" content=\"index, follow, max-snippet:-1, max-image-preview:large, max-video-preview:-1\" \/>\n<link rel=\"canonical\" href=\"https:\/\/www.treatwell.ch/inspiration\/newcomer\/\" \/>\n<meta property=\"og:locale\" content=\"de_DE\" \/>\n<meta property=\"og:type\" content=\"article\" \/>\n<meta property=\"og:title\" content=\"newcomer - Treatwell CH\" \/>\n<meta property=\"og:description\" content=\"15% sparen in neuen Salons\u00a0 \u00a0 \u00a0 \u00a0 \u00a0 \u00a0 \u00a0 Code: NEUERSALON* Wir sind immer\u00a0auf der Suche nach\u00a0wunderbaren\u00a0neuen Salons die unser Portfolio\u00a0bereichern. Entdecke jetzt neue Lieblinge und wir schenken dir zur Begr\u00fcssung der Salons 15% Rabatt auf deinen\u00a0Termin. Einfach einen Termin bei einem neuen Salons w\u00e4hlen und Code &#8222;NEUERSALON&#8220; in der Kasse eingeben. Alle&hellip;\" \/>\n<meta property=\"og:url\" content=\"https:\/\/www.treatwell.ch/inspiration\/newcomer\/\" \/>\n<meta property=\"og:site_name\" content=\"Treatwell CH\" \/>\n<meta property=\"article:modified_time\" content=\"2021-07-08T11:34:14+00:00\" \/>\n<meta name=\"twitter:card\" content=\"summary_large_image\" \/>\n<meta name=\"twitter:label1\" content=\"Gesch\u00e4tzte Lesezeit\" \/>\n\t<meta name=\"twitter:data1\" content=\"1 Minute\" \/>\n<script type=\"application\/ld+json\" class=\"yoast-schema-graph\">{\"@context\":\"https:\\\/\\\/schema.org\",\"@graph\":[{\"@type\":\"WebPage\",\"@id\":\"https:\\\/\\\/www.treatwell.ch/inspiration\\\/newcomer\\\/\",\"url\":\"https:\\\/\\\/www.treatwell.ch/inspiration\\\/newcomer\\\/\",\"name\":\"newcomer - Treatwell CH\",\"isPartOf\":{\"@id\":\"https:\\\/\\\/www.treatwell.ch/inspiration\\\/#website\"},\"datePublished\":\"2017-04-12T15:21:01+00:00\",\"dateModified\":\"2021-07-08T11:34:14+00:00\",\"breadcrumb\":{\"@id\":\"https:\\\/\\\/www.treatwell.ch/inspiration\\\/newcomer\\\/#breadcrumb\"},\"inLanguage\":\"de-DE\",\"potentialAction\":[{\"@type\":\"ReadAction\",\"target\":[\"https:\\\/\\\/www.treatwell.ch/inspiration\\\/newcomer\\\/\"]}]},{\"@type\":\"BreadcrumbList\",\"@id\":\"https:\\\/\\\/www.treatwell.ch/inspiration\\\/newcomer\\\/#breadcrumb\",\"itemListElement\":[{\"@type\":\"ListItem\",\"position\":1,\"name\":\"Home\",\"item\":\"https:\\\/\\\/www.treatwell.ch/inspiration\\\/\"},{\"@type\":\"ListItem\",\"position\":2,\"name\":\"newcomer\"}]},{\"@type\":\"WebSite\",\"@id\":\"https:\\\/\\\/www.treatwell.ch/inspiration\\\/#website\",\"url\":\"https:\\\/\\\/www.treatwell.ch/inspiration\\\/\",\"name\":\"Treatwell CH\",\"description\":\"\",\"potentialAction\":[{\"@type\":\"SearchAction\",\"target\":{\"@type\":\"EntryPoint\",\"urlTemplate\":\"https:\\\/\\\/www.treatwell.ch/inspiration\\\/?s={search_term_string}\"},\"query-input\":{\"@type\":\"PropertyValueSpecification\",\"valueRequired\":true,\"valueName\":\"search_term_string\"}}],\"inLanguage\":\"de-DE\"}]}<\/script>\n<!-- \/ Yoast SEO plugin. -->","yoast_head_json":{"title":"newcomer - Treatwell CH","robots":{"index":"index","follow":"follow","max-snippet":"max-snippet:-1","max-image-preview":"max-image-preview:large","max-video-preview":"max-video-preview:-1"},"canonical":"https:\/\/www.treatwell.ch/inspiration\/newcomer\/","og_locale":"de_DE","og_type":"article","og_title":"newcomer - Treatwell CH","og_description":"15% sparen in neuen Salons\u00a0 \u00a0 \u00a0 \u00a0 \u00a0 \u00a0 \u00a0 Code: NEUERSALON* Wir sind immer\u00a0auf der Suche nach\u00a0wunderbaren\u00a0neuen Salons die unser Portfolio\u00a0bereichern. Entdecke jetzt neue Lieblinge und wir schenken dir zur Begr\u00fcssung der Salons 15% Rabatt auf deinen\u00a0Termin. Einfach einen Termin bei einem neuen Salons w\u00e4hlen und Code &#8222;NEUERSALON&#8220; in der Kasse eingeben. Alle&hellip;","og_url":"https:\/\/www.treatwell.ch/inspiration\/newcomer\/","og_site_name":"Treatwell CH","article_modified_time":"2021-07-08T11:34:14+00:00","twitter_card":"summary_large_image","twitter_misc":{"Gesch\u00e4tzte Lesezeit":"1 Minute"},"schema":{"@context":"https:\/\/schema.org","@graph":[{"@type":"WebPage","@id":"https:\/\/www.treatwell.ch/inspiration\/newcomer\/","url":"https:\/\/www.treatwell.ch/inspiration\/newcomer\/","name":"newcomer - Treatwell CH","isPartOf":{"@id":"https:\/\/www.treatwell.ch/inspiration\/#website"},"datePublished":"2017-04-12T15:21:01+00:00","dateModified":"2021-07-08T11:34:14+00:00","breadcrumb":{"@id":"https:\/\/www.treatwell.ch/inspiration\/newcomer\/#breadcrumb"},"inLanguage":"de-DE","potentialAction":[{"@type":"ReadAction","target":["https:\/\/www.treatwell.ch/inspiration\/newcomer\/"]}]},{"@type":"BreadcrumbList","@id":"https:\/\/www.treatwell.ch/inspiration\/newcomer\/#breadcrumb","itemListElement":[{"@type":"ListItem","position":1,"name":"Home","item":"https:\/\/www.treatwell.ch/inspiration\/"},{"@type":"ListItem","position":2,"name":"newcomer"}]},{"@type":"WebSite","@id":"https:\/\/www.treatwell.ch/inspiration\/#website","url":"https:\/\/www.treatwell.ch/inspiration\/","name":"Treatwell CH","description":"","potentialAction":[{"@type":"SearchAction","target":{"@type":"EntryPoint","urlTemplate":"https:\/\/www.treatwell.ch/inspiration\/?s={search_term_string}"},"query-input":{"@type":"PropertyValueSpecification","valueRequired":true,"valueName":"search_term_string"}}],"inLanguage":"de-DE"}]}},"_links":{"self":[{"href":"https:\/\/www.treatwell.ch\/inspiration\/wp-json\/wp\/v2\/pages\/4785","targetHints":{"allow":["GET"]}}],"collection":[{"href":"https:\/\/www.treatwell.ch\/inspiration\/wp-json\/wp\/v2\/pages"}],"about":[{"href":"https:\/\/www.treatwell.ch\/inspiration\/wp-json\/wp\/v2\/types\/page"}],"author":[{"embeddable":true,"href":"https:\/\/www.treatwell.ch\/inspiration\/wp-json\/wp\/v2\/users\/51"}],"replies":[{"embeddable":true,"href":"https:\/\/www.treatwell.ch\/inspiration\/wp-json\/wp\/v2\/comments?post=4785"}],"version-history":[{"count":0,"href":"https:\/\/www.treatwell.ch\/inspiration\/wp-json\/wp\/v2\/pages\/4785\/revisions"}],"wp:attachment":[{"href":"https:\/\/www.treatwell.ch\/inspiration\/wp-json\/wp\/v2\/media?parent=4785"}],"curies":[{"name":"wp","href":"https:\/\/api.w.org\/{rel}","templated":true}]}}