{"id":5765,"date":"2016-10-18T10:14:25","date_gmt":"2016-10-18T10:14:25","guid":{"rendered":"https:\/\/www.treatwell.ch\/inspiration\/?page_id=5765"},"modified":"2017-10-18T12:23:29","modified_gmt":"2017-10-18T12:23:29","slug":"skp-teilnahmebedingungen","status":"publish","type":"page","link":"https:\/\/www.treatwell.ch/inspiration\/skp-teilnahmebedingungen\/","title":{"rendered":"SKP &#8211; Teilnahmebedingungen 2017"},"content":{"rendered":"<h1><b>Teilnahmebedingungen<\/b><\/h1>\n<ul>\n<li style=\"font-weight: 400\"><b>Veranstalter<\/b><\/li>\n<\/ul>\n<p>Das Gewinnspiel wird durchgef\u00fchrt von:<\/p>\n<p>Treatwell DACH GmbH, Zweigniederlassung Z\u00fcrich, Hagenholzstrasse 83 b, 8050 Z\u00fcrich<\/p>\n<p>&nbsp;<\/p>\n<ul>\n<li style=\"font-weight: 400\"><b>Teilnehmer<\/b><\/li>\n<\/ul>\n<h1><\/h1>\n<p>Alle Personen, die den Facebook-Beitrag (https:\/\/www.facebook.com\/treatwellch\/photos\/a.490608667760296.1073741829.428933287261168\/864400377047788\/?type=3&amp;theater) gelikt und kommentiert (Beantwortung der Frage \u201cWarum hast gerade du ein #gowiththepro Treatment n\u00f6tig) haben, nehmen an der Verlosung teil. Teilnahmeberechtigt sind vollj\u00e4hrige Personen.<\/p>\n<p>Mitarbeiter der Treatwell DACH GmbH, Greifswalder Str. 212, 10405 Berlin, Deutschland, sowie damit verbundene Unternehmen, Kooperationspartner und deren Angeh\u00f6rige sind von der Teilnahme ausgeschlossen.<\/p>\n<ol>\n<li style=\"font-weight: 400\"><b>Teilnahme<\/b><\/li>\n<\/ol>\n<p>Das Gewinnspiel beginnt am Tag, 18.10.2017 und endet am Tag, 25.10.2017 um 23:59 Uhr.<\/p>\n<p>Unter allen Teilnehmern des Gewinnspiels werden folgende Preise verlost:<\/p>\n<ul>\n<li style=\"font-weight: 400\">Ein Schwarzkopf Professional #gowiththepro Treatment im Wert von 200CHF bei Coiffure Noblesse in Z\u00fcrich<\/li>\n<\/ul>\n<h1><\/h1>\n<ol>\n<li style=\"font-weight: 400\"><b>Gewinnermittlung und Benachrichtigung<\/b><\/li>\n<\/ol>\n<p>Eine Barauszahlung des Gewinns oder die \u00dcbertragung des Gewinns auf andere Personen ist nicht m\u00f6glich.<\/p>\n<p>Es wird darauf hingewiesen, dass Beitr\u00e4ge keine Beleidigungen, falsche Tatsachen, Wettbewerbs-, Marken oder Urheberrechtsverst\u00f6\u00dfe enthalten d\u00fcrfen. Teilnehmer(innen) des Gewinnspiels, welche gegen diese Teilnahmebedingungen versto\u00dfen werden ohne weiteres vom Gewinnspiel ausgeschlossen und haften eigens f\u00fcr etwaige Rechtsverst\u00f6\u00dfe bzw. Sch\u00e4den, die dadurch entstanden sind oder entstehen k\u00f6nnen. Der entsprechende Beitrag wird von der Treatwell DE Facebook-Unternehmensseite oder den Seiten der Kooperationspartner gel\u00f6scht.<\/p>\n<p>Der bzw. die Gewinner(-in) des Treatwell Gewinnspiels wird bis Tag, 26.10.2017 \u00fcber Facebook informiert. Die Gewinner erkl\u00e4ren sich mit der Ver\u00f6ffentlichung seines Namens auf Facebook einverstanden.<\/p>\n<p>Der bzw. die Gewinner(in) des Treatwell Gewinnspiels bekommt einen Gutscheincode im Wert von 200CHF f\u00fcr Coiffure Noblesse in Z\u00fcrich ausgestellt. Der Gutscheincode f\u00fcr die Terminbuchung im jeweiligen Salon kann nur auf treatwell.ch eingel\u00f6st werden und setzt voraus, dass der bzw. die Gewinner(in) ein pers\u00f6nliches Kundenprofil auf treatwell.ch erstellt oder bereits besitzt Der Gutschein ist nur f\u00fcr eine Buchung g\u00fcltig. Eventuelle Restbetr\u00e4ge verfallen.<\/p>\n<p>Sofern sich die Gewinner nicht innerhalb von 5 Tagen nach Bekanntgabe der Gewinnerermittlung per E-Mail zur\u00fcck meldet, um seinen\/ihren Anspruch auf den Gewinn geltend zu machen, ist die Treatwell DACH GmbH berechtigt, einen\/eine Ersatz Gewinner(-in) zu ziehen.<\/p>\n<p>Mit der Teilnahme am Gewinnspiel erkl\u00e4rt der bzw. die Teilnehmer(-in) sein\/ihr Einverst\u00e4ndnis dazu, dass die Treatwell DACH GmbH den Namen des Gewinners \u00f6ffentlich bekannt gibt. Der Rechtsweg ist ausgeschlossen.<\/p>\n<ol>\n<li style=\"font-weight: 400\"><b>Ausschluss von Teilnehmern<\/b><\/li>\n<\/ol>\n<p>Mehrfacheintr\u00e4ge sowie automatische Eintr\u00e4ge von Gewinnspielrobots sind nicht zul\u00e4ssig und werden bei der Verlosung der Gewinne nicht ber\u00fccksichtigt und vom Gewinnspiel ausgeschlossen.<\/p>\n<ol>\n<li style=\"font-weight: 400\"><b>Datenschutz<\/b><\/li>\n<\/ol>\n<p>Der Veranstalter weist darauf hin, dass s\u00e4mtliche personenbezogenen Daten des Teilnehmers ohne Einverst\u00e4ndnis weder an Dritte weitergegeben noch diesen zur Nutzung \u00fcberlassen werden. Die ausf\u00fchrlichen Datenschutzbestimmungen sind <a href=\"https:\/\/www.treatwell.de\/info\/datenschutz\/\">HIER<\/a> zu finden.<\/p>\n<ol>\n<li style=\"font-weight: 400\"><b>Sonstiges<\/b><\/li>\n<\/ol>\n<p>Das Gewinnspiel steht in keiner Verbindung zu Facebook und wird in keiner Weise von Facebook gesponsert, unterst\u00fctzt oder organisiert. Veranstalter des Gewinnspiels sind die Treatwell DACH GmbH und Kooperationspartner. Alle Informationen werden ausschlie\u00dflich von der Treatwell DACH GmbH und ihren Kooperationspartnern und nicht durch Facebook bereitgestellt. Die Teilnehmer stellen Facebook von s\u00e4mtlichen Anspr\u00fcchen aus oder im Zusammenhang mit diesem Gewinnspiel frei.<\/p>\n<p>Sollten einzelne Bestimmungen dieser Teilnahmebedingungen ung\u00fcltig sein oder ung\u00fcltig werden, bleibt die G\u00fcltigkeit der \u00fcbrigen Teilnahmebedingungen unber\u00fchrt. An ihre Stelle tritt eine angemessene Regelung, die dem Zweck der unwirksamen Bestimmung am ehesten entspricht. Bei Gewinnspielen und Verlosungen der Treatwell DACH GmbH und Kooperationspartnern ist der Rechtsweg ausgeschlossen.<\/p>\n<p>&nbsp;<\/p>\n<ol>\n<li style=\"font-weight: 400\"><b>Kontakt<\/b><\/li>\n<\/ol>\n<p>Treatwell DACH GmbH, Zweigniederlassung Z\u00fcrich, Hagenholzstrasse 83 b, 8050 Z\u00fcrich<\/p>\n<p>Telefon: +41 (0) 31 528 10 50<\/p>\n<p>E-Mail: koenigkunde@treatwell.ch<\/p>\n<p>Kundenservice Montag bis Freitag von 8-19 Uhr und Samstag von 9-15 Uhr unter +41 (0) 31 528 10 50<\/p>\n<h1><\/h1>\n","protected":false},"excerpt":{"rendered":"<p>Teilnahmebedingungen Veranstalter Das Gewinnspiel wird durchgef\u00fchrt von: Treatwell DACH GmbH, Zweigniederlassung Z\u00fcrich, Hagenholzstrasse 83 b, 8050 Z\u00fcrich &nbsp; Teilnehmer Alle Personen, die den Facebook-Beitrag (https:\/\/www.facebook.com\/treatwellch\/photos\/a.490608667760296.1073741829.428933287261168\/864400377047788\/?type=3&amp;theater) gelikt und kommentiert (Beantwortung der Frage \u201cWarum hast gerade du ein #gowiththepro Treatment n\u00f6tig) haben, nehmen an der Verlosung teil. Teilnahmeberechtigt sind vollj\u00e4hrige Personen. Mitarbeiter der Treatwell DACH GmbH, Greifswalder&hellip;<\/p>\n","protected":false},"author":117,"featured_media":0,"parent":0,"menu_order":0,"comment_status":"closed","ping_status":"closed","template":"","meta":{"inline_featured_image":false,"footnotes":""},"class_list":["post-5765","page","type-page","status-publish","hentry"],"yoast_head":"<!-- This site is optimized with the Yoast SEO plugin v27.5 - https:\/\/yoast.com\/product\/yoast-seo-wordpress\/ -->\n<title>SKP - Teilnahmebedingungen 2017 - Treatwell CH<\/title>\n<meta name=\"robots\" content=\"index, follow, max-snippet:-1, max-image-preview:large, max-video-preview:-1\" \/>\n<link rel=\"canonical\" href=\"https:\/\/www.treatwell.ch/inspiration\/skp-teilnahmebedingungen\/\" \/>\n<meta property=\"og:locale\" content=\"de_DE\" \/>\n<meta property=\"og:type\" content=\"article\" \/>\n<meta property=\"og:title\" content=\"SKP - Teilnahmebedingungen 2017 - Treatwell CH\" \/>\n<meta property=\"og:description\" content=\"Teilnahmebedingungen Veranstalter Das Gewinnspiel wird durchgef\u00fchrt von: Treatwell DACH GmbH, Zweigniederlassung Z\u00fcrich, Hagenholzstrasse 83 b, 8050 Z\u00fcrich &nbsp; Teilnehmer Alle Personen, die den Facebook-Beitrag (https:\/\/www.facebook.com\/treatwellch\/photos\/a.490608667760296.1073741829.428933287261168\/864400377047788\/?type=3&amp;theater) gelikt und kommentiert (Beantwortung der Frage \u201cWarum hast gerade du ein #gowiththepro Treatment n\u00f6tig) haben, nehmen an der Verlosung teil. Teilnahmeberechtigt sind vollj\u00e4hrige Personen. Mitarbeiter der Treatwell DACH GmbH, Greifswalder&hellip;\" \/>\n<meta property=\"og:url\" content=\"https:\/\/www.treatwell.ch/inspiration\/skp-teilnahmebedingungen\/\" \/>\n<meta property=\"og:site_name\" content=\"Treatwell CH\" \/>\n<meta property=\"article:modified_time\" content=\"2017-10-18T12:23:29+00:00\" \/>\n<meta name=\"twitter:card\" content=\"summary_large_image\" \/>\n<meta name=\"twitter:label1\" content=\"Gesch\u00e4tzte Lesezeit\" \/>\n\t<meta name=\"twitter:data1\" content=\"3 Minuten\" \/>\n<script type=\"application\/ld+json\" class=\"yoast-schema-graph\">{\"@context\":\"https:\\\/\\\/schema.org\",\"@graph\":[{\"@type\":\"WebPage\",\"@id\":\"https:\\\/\\\/www.treatwell.ch/inspiration\\\/skp-teilnahmebedingungen\\\/\",\"url\":\"https:\\\/\\\/www.treatwell.ch/inspiration\\\/skp-teilnahmebedingungen\\\/\",\"name\":\"SKP - Teilnahmebedingungen 2017 - Treatwell CH\",\"isPartOf\":{\"@id\":\"https:\\\/\\\/www.treatwell.ch/inspiration\\\/#website\"},\"datePublished\":\"2016-10-18T10:14:25+00:00\",\"dateModified\":\"2017-10-18T12:23:29+00:00\",\"breadcrumb\":{\"@id\":\"https:\\\/\\\/www.treatwell.ch/inspiration\\\/skp-teilnahmebedingungen\\\/#breadcrumb\"},\"inLanguage\":\"de-DE\",\"potentialAction\":[{\"@type\":\"ReadAction\",\"target\":[\"https:\\\/\\\/www.treatwell.ch/inspiration\\\/skp-teilnahmebedingungen\\\/\"]}]},{\"@type\":\"BreadcrumbList\",\"@id\":\"https:\\\/\\\/www.treatwell.ch/inspiration\\\/skp-teilnahmebedingungen\\\/#breadcrumb\",\"itemListElement\":[{\"@type\":\"ListItem\",\"position\":1,\"name\":\"Home\",\"item\":\"https:\\\/\\\/www.treatwell.ch/inspiration\\\/\"},{\"@type\":\"ListItem\",\"position\":2,\"name\":\"SKP &#8211; Teilnahmebedingungen 2017\"}]},{\"@type\":\"WebSite\",\"@id\":\"https:\\\/\\\/www.treatwell.ch/inspiration\\\/#website\",\"url\":\"https:\\\/\\\/www.treatwell.ch/inspiration\\\/\",\"name\":\"Treatwell CH\",\"description\":\"\",\"potentialAction\":[{\"@type\":\"SearchAction\",\"target\":{\"@type\":\"EntryPoint\",\"urlTemplate\":\"https:\\\/\\\/www.treatwell.ch/inspiration\\\/?s={search_term_string}\"},\"query-input\":{\"@type\":\"PropertyValueSpecification\",\"valueRequired\":true,\"valueName\":\"search_term_string\"}}],\"inLanguage\":\"de-DE\"}]}<\/script>\n<!-- \/ Yoast SEO plugin. -->","yoast_head_json":{"title":"SKP - Teilnahmebedingungen 2017 - Treatwell CH","robots":{"index":"index","follow":"follow","max-snippet":"max-snippet:-1","max-image-preview":"max-image-preview:large","max-video-preview":"max-video-preview:-1"},"canonical":"https:\/\/www.treatwell.ch/inspiration\/skp-teilnahmebedingungen\/","og_locale":"de_DE","og_type":"article","og_title":"SKP - Teilnahmebedingungen 2017 - Treatwell CH","og_description":"Teilnahmebedingungen Veranstalter Das Gewinnspiel wird durchgef\u00fchrt von: Treatwell DACH GmbH, Zweigniederlassung Z\u00fcrich, Hagenholzstrasse 83 b, 8050 Z\u00fcrich &nbsp; Teilnehmer Alle Personen, die den Facebook-Beitrag (https:\/\/www.facebook.com\/treatwellch\/photos\/a.490608667760296.1073741829.428933287261168\/864400377047788\/?type=3&amp;theater) gelikt und kommentiert (Beantwortung der Frage \u201cWarum hast gerade du ein #gowiththepro Treatment n\u00f6tig) haben, nehmen an der Verlosung teil. Teilnahmeberechtigt sind vollj\u00e4hrige Personen. Mitarbeiter der Treatwell DACH GmbH, Greifswalder&hellip;","og_url":"https:\/\/www.treatwell.ch/inspiration\/skp-teilnahmebedingungen\/","og_site_name":"Treatwell CH","article_modified_time":"2017-10-18T12:23:29+00:00","twitter_card":"summary_large_image","twitter_misc":{"Gesch\u00e4tzte Lesezeit":"3 Minuten"},"schema":{"@context":"https:\/\/schema.org","@graph":[{"@type":"WebPage","@id":"https:\/\/www.treatwell.ch/inspiration\/skp-teilnahmebedingungen\/","url":"https:\/\/www.treatwell.ch/inspiration\/skp-teilnahmebedingungen\/","name":"SKP - Teilnahmebedingungen 2017 - Treatwell CH","isPartOf":{"@id":"https:\/\/www.treatwell.ch/inspiration\/#website"},"datePublished":"2016-10-18T10:14:25+00:00","dateModified":"2017-10-18T12:23:29+00:00","breadcrumb":{"@id":"https:\/\/www.treatwell.ch/inspiration\/skp-teilnahmebedingungen\/#breadcrumb"},"inLanguage":"de-DE","potentialAction":[{"@type":"ReadAction","target":["https:\/\/www.treatwell.ch/inspiration\/skp-teilnahmebedingungen\/"]}]},{"@type":"BreadcrumbList","@id":"https:\/\/www.treatwell.ch/inspiration\/skp-teilnahmebedingungen\/#breadcrumb","itemListElement":[{"@type":"ListItem","position":1,"name":"Home","item":"https:\/\/www.treatwell.ch/inspiration\/"},{"@type":"ListItem","position":2,"name":"SKP &#8211; Teilnahmebedingungen 2017"}]},{"@type":"WebSite","@id":"https:\/\/www.treatwell.ch/inspiration\/#website","url":"https:\/\/www.treatwell.ch/inspiration\/","name":"Treatwell CH","description":"","potentialAction":[{"@type":"SearchAction","target":{"@type":"EntryPoint","urlTemplate":"https:\/\/www.treatwell.ch/inspiration\/?s={search_term_string}"},"query-input":{"@type":"PropertyValueSpecification","valueRequired":true,"valueName":"search_term_string"}}],"inLanguage":"de-DE"}]}},"_links":{"self":[{"href":"https:\/\/www.treatwell.ch\/inspiration\/wp-json\/wp\/v2\/pages\/5765","targetHints":{"allow":["GET"]}}],"collection":[{"href":"https:\/\/www.treatwell.ch\/inspiration\/wp-json\/wp\/v2\/pages"}],"about":[{"href":"https:\/\/www.treatwell.ch\/inspiration\/wp-json\/wp\/v2\/types\/page"}],"author":[{"embeddable":true,"href":"https:\/\/www.treatwell.ch\/inspiration\/wp-json\/wp\/v2\/users\/117"}],"replies":[{"embeddable":true,"href":"https:\/\/www.treatwell.ch\/inspiration\/wp-json\/wp\/v2\/comments?post=5765"}],"version-history":[{"count":0,"href":"https:\/\/www.treatwell.ch\/inspiration\/wp-json\/wp\/v2\/pages\/5765\/revisions"}],"wp:attachment":[{"href":"https:\/\/www.treatwell.ch\/inspiration\/wp-json\/wp\/v2\/media?parent=5765"}],"curies":[{"name":"wp","href":"https:\/\/api.w.org\/{rel}","templated":true}]}}