{"id":6247,"date":"2017-11-07T14:00:35","date_gmt":"2017-11-07T14:00:35","guid":{"rendered":"https:\/\/www.treatwell.de\/inspiration\/?page_id=6247"},"modified":"2017-11-07T14:00:35","modified_gmt":"2017-11-07T14:00:35","slug":"teilnahmebedingungen-skp-2","status":"publish","type":"page","link":"https:\/\/www.treatwell.ch/inspiration\/teilnahmebedingungen-skp-2\/","title":{"rendered":"Teilnahmebedingungen-SKP"},"content":{"rendered":"<h1><b>Teilnahmebedingungen<\/b><\/h1>\n<ul>\n<li style=\"font-weight: 400\"><b>Veranstalter<\/b><\/li>\n<\/ul>\n<p>Das Gewinnspiel wird durchgef\u00fchrt von:<\/p>\n<p>Treatwell DACH GmbH, Greifswalder Str. 212, 10405 Berlin<\/p>\n<ul>\n<li style=\"font-weight: 400\"><b>Teilnehmer<\/b><\/li>\n<\/ul>\n<p>Alle Personen, die den Facebook-Beitrag (<a href=\"http:\/\/facebook.com\/treatwelldach\/videos\/280964786070901\">facebook.com\/treatwelldach\/videos\/280964786070901<\/a>) gelikt und kommentiert (Antwort auf die Frage: Welche Produktreihe m\u00f6chtest du gewinnen?) haben, nehmen an der Verlosung teil. Teilnahmeberechtigt sind vollj\u00e4hrige Personen.<\/p>\n<p>Mitarbeiter der Treatwell DACH GmbH, Greifswalder Str. 212, 10405 Berlin, Deutschland, sowie damit verbundene Unternehmen, Kooperationspartner und deren Angeh\u00f6rige sind von der Teilnahme ausgeschlossen.<\/p>\n<ul>\n<li style=\"font-weight: 400\"><b>Teilnahme<\/b><\/li>\n<\/ul>\n<p>Das Gewinnspiel beginnt am Tag, 05.09.2018 und endet am Tag, 18.09.2018 um 23:59 Uhr.<\/p>\n<p>Unter allen Teilnehmern des Gewinnspiels werden folgende Preise verlost:<\/p>\n<ul>\n<li style=\"font-weight: 400\">11 x Schwarzkopf Professional BC Bonacure Goodie Bag\u00a0mit Produkten aus der Reihe &#8222;Hyaluronic Moisture Kick&#8220;<\/li>\n<li style=\"font-weight: 400\">11 x Schwarzkopf Professional BC Bonacure Goodie Bag\u00a0mit\u00a0Produkten\u00a0aus\u00a0der Reihe &#8222;Keratin Smooth Perfect&#8220;<\/li>\n<li style=\"font-weight: 400\">11 x Schwarzkopf Professional BC Bonacure Goodie Bag\u00a0mit\u00a0Produkten\u00a0aus\u00a0der Reihe &#8222;Repair Rescue&#8220;<\/li>\n<\/ul>\n<p>&nbsp;<\/p>\n<ul>\n<li style=\"font-weight: 400\"><b>Gewinnermittlung und Benachrichtigung<\/b><\/li>\n<\/ul>\n<p>Eine Barauszahlung des Gewinns oder die \u00dcbertragung des Gewinns auf andere Personen ist nicht m\u00f6glich.<\/p>\n<p>Es wird darauf hingewiesen, dass Beitr\u00e4ge keine Beleidigungen, falsche Tatsachen, Wettbewerbs-, Marken oder Urheberrechtsverst\u00f6\u00dfe enthalten d\u00fcrfen. Teilnehmer(innen) des Gewinnspiels, welche gegen diese Teilnahmebedingungen versto\u00dfen werden ohne weiteres vom Gewinnspiel ausgeschlossen und haften eigens f\u00fcr etwaige Rechtsverst\u00f6\u00dfe bzw. Sch\u00e4den, die dadurch entstanden sind oder entstehen k\u00f6nnen. Der entsprechende Beitrag wird von der Treatwell DE Facebook-Unternehmensseite oder den Seiten der Kooperationspartner gel\u00f6scht.<\/p>\n<p>Der bzw. die Gewinner(-in) des Treatwell Gewinnspiels wird bis Tag, 20.11.2017 \u00fcber Facebook informiert. Die Gewinner erkl\u00e4ren sich mit der Ver\u00f6ffentlichung seines Namens auf Facebook einverstanden. Au\u00dferdem erkl\u00e4ren sich die Gewinner bereit auf Anfrage eine Adresse f\u00fcr die Zusendung des Gewinns bereitzustellen.<\/p>\n<p>Sofern sich die Gewinner nicht innerhalb von 5 Tagen nach Bekanntgabe der Gewinnerermittlung per E-Mail zur\u00fcck meldet, um seinen\/ihren Anspruch auf den Gewinn geltend zu machen, ist die Treatwell DACH GmbH berechtigt, einen\/eine Ersatz Gewinner(-in) zu ziehen.<\/p>\n<p>Mit der Teilnahme am Gewinnspiel erkl\u00e4rt der bzw. die Teilnehmer(-in) sein\/ihr Einverst\u00e4ndnis dazu, dass die Treatwell DACH GmbH den Namen des Gewinners \u00f6ffentlich bekannt gibt. Der Rechtsweg ist ausgeschlossen.<\/p>\n<ul>\n<li style=\"font-weight: 400\"><b>Ausschluss von Teilnehmern<\/b><\/li>\n<\/ul>\n<p>Mehrfacheintr\u00e4ge sowie automatische Eintr\u00e4ge von Gewinnspielrobots sind nicht zul\u00e4ssig und werden bei der Verlosung der Gewinne nicht ber\u00fccksichtigt und vom Gewinnspiel ausgeschlossen.<\/p>\n<ul>\n<li style=\"font-weight: 400\"><b>Datenschutz<\/b><\/li>\n<\/ul>\n<p>Der Veranstalter weist darauf hin, dass s\u00e4mtliche personenbezogenen Daten des Teilnehmers ohne Einverst\u00e4ndnis weder an Dritte weitergegeben noch diesen zur Nutzung \u00fcberlassen werden. Die ausf\u00fchrlichen Datenschutzbestimmungen sind <a href=\"https:\/\/www.treatwell.de\/info\/datenschutz\/\">HIER<\/a> zu finden.<\/p>\n<ul>\n<li style=\"font-weight: 400\"><b>Sonstiges<\/b><\/li>\n<\/ul>\n<p>Das Gewinnspiel steht in keiner Verbindung zu Facebook und wird in keiner Weise von Facebook gesponsert, unterst\u00fctzt oder organisiert. Veranstalter des Gewinnspiels sind die Treatwell DACH GmbH und Kooperationspartner. Alle Informationen werden ausschlie\u00dflich von der Treatwell DACH GmbH und ihren Kooperationspartnern und nicht durch Facebook bereitgestellt. Die Teilnehmer stellen Facebook von s\u00e4mtlichen Anspr\u00fcchen aus oder im Zusammenhang mit diesem Gewinnspiel frei.<\/p>\n<p>Sollten einzelne Bestimmungen dieser Teilnahmebedingungen ung\u00fcltig sein oder ung\u00fcltig werden, bleibt die G\u00fcltigkeit der \u00fcbrigen Teilnahmebedingungen unber\u00fchrt. An ihre Stelle tritt eine angemessene Regelung, die dem Zweck der unwirksamen Bestimmung am ehesten entspricht. Bei Gewinnspielen und Verlosungen der Treatwell DACH GmbH und Kooperationspartnern ist der Rechtsweg ausgeschlossen.<\/p>\n<ul>\n<li style=\"font-weight: 400\"><b>Kontakt<\/b><\/li>\n<\/ul>\n<p>Treatwell DACH GmbH, Greifswalder Str. 212, 10405 Berlin<\/p>\n<p>Telefon: 030 &#8211; 224 030 299<\/p>\n<p>E-Mail: koenigkunde@treatwell.de<\/p>\n<p>Kundenservice Montag bis Freitag von 8-19 Uhr und Samstag von 9-15 Uhr unter (+49) 030 &#8211; 224 030 299<\/p>\n","protected":false},"excerpt":{"rendered":"<p>Teilnahmebedingungen Veranstalter Das Gewinnspiel wird durchgef\u00fchrt von: Treatwell DACH GmbH, Greifswalder Str. 212, 10405 Berlin Teilnehmer Alle Personen, die den Facebook-Beitrag (facebook.com\/treatwelldach\/videos\/280964786070901) gelikt und kommentiert (Antwort auf die Frage: Welche Produktreihe m\u00f6chtest du gewinnen?) haben, nehmen an der Verlosung teil. Teilnahmeberechtigt sind vollj\u00e4hrige Personen. Mitarbeiter der Treatwell DACH GmbH, Greifswalder Str. 212, 10405 Berlin, Deutschland,&hellip;<\/p>\n","protected":false},"author":10,"featured_media":0,"parent":0,"menu_order":0,"comment_status":"closed","ping_status":"closed","template":"","meta":{"inline_featured_image":false,"footnotes":""},"class_list":["post-6247","page","type-page","status-publish","hentry"],"yoast_head":"<!-- This site is optimized with the Yoast SEO plugin v27.4 - https:\/\/yoast.com\/product\/yoast-seo-wordpress\/ -->\n<title>Teilnahmebedingungen-SKP - Treatwell CH<\/title>\n<meta name=\"robots\" content=\"index, follow, max-snippet:-1, max-image-preview:large, max-video-preview:-1\" \/>\n<link rel=\"canonical\" href=\"https:\/\/www.treatwell.ch/inspiration\/teilnahmebedingungen-skp-2\/\" \/>\n<meta property=\"og:locale\" content=\"de_DE\" \/>\n<meta property=\"og:type\" content=\"article\" \/>\n<meta property=\"og:title\" content=\"Teilnahmebedingungen-SKP - Treatwell CH\" \/>\n<meta property=\"og:description\" content=\"Teilnahmebedingungen Veranstalter Das Gewinnspiel wird durchgef\u00fchrt von: Treatwell DACH GmbH, Greifswalder Str. 212, 10405 Berlin Teilnehmer Alle Personen, die den Facebook-Beitrag (facebook.com\/treatwelldach\/videos\/280964786070901) gelikt und kommentiert (Antwort auf die Frage: Welche Produktreihe m\u00f6chtest du gewinnen?) haben, nehmen an der Verlosung teil. Teilnahmeberechtigt sind vollj\u00e4hrige Personen. Mitarbeiter der Treatwell DACH GmbH, Greifswalder Str. 212, 10405 Berlin, Deutschland,&hellip;\" \/>\n<meta property=\"og:url\" content=\"https:\/\/www.treatwell.ch/inspiration\/teilnahmebedingungen-skp-2\/\" \/>\n<meta property=\"og:site_name\" content=\"Treatwell CH\" \/>\n<meta name=\"twitter:card\" content=\"summary_large_image\" \/>\n<meta name=\"twitter:label1\" content=\"Gesch\u00e4tzte Lesezeit\" \/>\n\t<meta name=\"twitter:data1\" content=\"3 Minuten\" \/>\n<script type=\"application\/ld+json\" class=\"yoast-schema-graph\">{\"@context\":\"https:\\\/\\\/schema.org\",\"@graph\":[{\"@type\":\"WebPage\",\"@id\":\"https:\\\/\\\/www.treatwell.ch/inspiration\\\/teilnahmebedingungen-skp-2\\\/\",\"url\":\"https:\\\/\\\/www.treatwell.ch/inspiration\\\/teilnahmebedingungen-skp-2\\\/\",\"name\":\"Teilnahmebedingungen-SKP - Treatwell CH\",\"isPartOf\":{\"@id\":\"https:\\\/\\\/www.treatwell.ch/inspiration\\\/#website\"},\"datePublished\":\"2017-11-07T14:00:35+00:00\",\"breadcrumb\":{\"@id\":\"https:\\\/\\\/www.treatwell.ch/inspiration\\\/teilnahmebedingungen-skp-2\\\/#breadcrumb\"},\"inLanguage\":\"de-DE\",\"potentialAction\":[{\"@type\":\"ReadAction\",\"target\":[\"https:\\\/\\\/www.treatwell.ch/inspiration\\\/teilnahmebedingungen-skp-2\\\/\"]}]},{\"@type\":\"BreadcrumbList\",\"@id\":\"https:\\\/\\\/www.treatwell.ch/inspiration\\\/teilnahmebedingungen-skp-2\\\/#breadcrumb\",\"itemListElement\":[{\"@type\":\"ListItem\",\"position\":1,\"name\":\"Home\",\"item\":\"https:\\\/\\\/www.treatwell.ch/inspiration\\\/\"},{\"@type\":\"ListItem\",\"position\":2,\"name\":\"Teilnahmebedingungen-SKP\"}]},{\"@type\":\"WebSite\",\"@id\":\"https:\\\/\\\/www.treatwell.ch/inspiration\\\/#website\",\"url\":\"https:\\\/\\\/www.treatwell.ch/inspiration\\\/\",\"name\":\"Treatwell CH\",\"description\":\"\",\"potentialAction\":[{\"@type\":\"SearchAction\",\"target\":{\"@type\":\"EntryPoint\",\"urlTemplate\":\"https:\\\/\\\/www.treatwell.ch/inspiration\\\/?s={search_term_string}\"},\"query-input\":{\"@type\":\"PropertyValueSpecification\",\"valueRequired\":true,\"valueName\":\"search_term_string\"}}],\"inLanguage\":\"de-DE\"}]}<\/script>\n<!-- \/ Yoast SEO plugin. -->","yoast_head_json":{"title":"Teilnahmebedingungen-SKP - Treatwell CH","robots":{"index":"index","follow":"follow","max-snippet":"max-snippet:-1","max-image-preview":"max-image-preview:large","max-video-preview":"max-video-preview:-1"},"canonical":"https:\/\/www.treatwell.ch/inspiration\/teilnahmebedingungen-skp-2\/","og_locale":"de_DE","og_type":"article","og_title":"Teilnahmebedingungen-SKP - Treatwell CH","og_description":"Teilnahmebedingungen Veranstalter Das Gewinnspiel wird durchgef\u00fchrt von: Treatwell DACH GmbH, Greifswalder Str. 212, 10405 Berlin Teilnehmer Alle Personen, die den Facebook-Beitrag (facebook.com\/treatwelldach\/videos\/280964786070901) gelikt und kommentiert (Antwort auf die Frage: Welche Produktreihe m\u00f6chtest du gewinnen?) haben, nehmen an der Verlosung teil. Teilnahmeberechtigt sind vollj\u00e4hrige Personen. Mitarbeiter der Treatwell DACH GmbH, Greifswalder Str. 212, 10405 Berlin, Deutschland,&hellip;","og_url":"https:\/\/www.treatwell.ch/inspiration\/teilnahmebedingungen-skp-2\/","og_site_name":"Treatwell CH","twitter_card":"summary_large_image","twitter_misc":{"Gesch\u00e4tzte Lesezeit":"3 Minuten"},"schema":{"@context":"https:\/\/schema.org","@graph":[{"@type":"WebPage","@id":"https:\/\/www.treatwell.ch/inspiration\/teilnahmebedingungen-skp-2\/","url":"https:\/\/www.treatwell.ch/inspiration\/teilnahmebedingungen-skp-2\/","name":"Teilnahmebedingungen-SKP - Treatwell CH","isPartOf":{"@id":"https:\/\/www.treatwell.ch/inspiration\/#website"},"datePublished":"2017-11-07T14:00:35+00:00","breadcrumb":{"@id":"https:\/\/www.treatwell.ch/inspiration\/teilnahmebedingungen-skp-2\/#breadcrumb"},"inLanguage":"de-DE","potentialAction":[{"@type":"ReadAction","target":["https:\/\/www.treatwell.ch/inspiration\/teilnahmebedingungen-skp-2\/"]}]},{"@type":"BreadcrumbList","@id":"https:\/\/www.treatwell.ch/inspiration\/teilnahmebedingungen-skp-2\/#breadcrumb","itemListElement":[{"@type":"ListItem","position":1,"name":"Home","item":"https:\/\/www.treatwell.ch/inspiration\/"},{"@type":"ListItem","position":2,"name":"Teilnahmebedingungen-SKP"}]},{"@type":"WebSite","@id":"https:\/\/www.treatwell.ch/inspiration\/#website","url":"https:\/\/www.treatwell.ch/inspiration\/","name":"Treatwell CH","description":"","potentialAction":[{"@type":"SearchAction","target":{"@type":"EntryPoint","urlTemplate":"https:\/\/www.treatwell.ch/inspiration\/?s={search_term_string}"},"query-input":{"@type":"PropertyValueSpecification","valueRequired":true,"valueName":"search_term_string"}}],"inLanguage":"de-DE"}]}},"_links":{"self":[{"href":"https:\/\/www.treatwell.ch\/inspiration\/wp-json\/wp\/v2\/pages\/6247","targetHints":{"allow":["GET"]}}],"collection":[{"href":"https:\/\/www.treatwell.ch\/inspiration\/wp-json\/wp\/v2\/pages"}],"about":[{"href":"https:\/\/www.treatwell.ch\/inspiration\/wp-json\/wp\/v2\/types\/page"}],"author":[{"embeddable":true,"href":"https:\/\/www.treatwell.ch\/inspiration\/wp-json\/wp\/v2\/users\/10"}],"replies":[{"embeddable":true,"href":"https:\/\/www.treatwell.ch\/inspiration\/wp-json\/wp\/v2\/comments?post=6247"}],"version-history":[{"count":0,"href":"https:\/\/www.treatwell.ch\/inspiration\/wp-json\/wp\/v2\/pages\/6247\/revisions"}],"wp:attachment":[{"href":"https:\/\/www.treatwell.ch\/inspiration\/wp-json\/wp\/v2\/media?parent=6247"}],"curies":[{"name":"wp","href":"https:\/\/api.w.org\/{rel}","templated":true}]}}