{"id":6393,"date":"2017-12-20T14:21:28","date_gmt":"2017-12-20T14:21:28","guid":{"rendered":"https:\/\/www.treatwell.ch\/inspiration\/?page_id=6393"},"modified":"2018-01-02T09:29:50","modified_gmt":"2018-01-02T09:29:50","slug":"detox","status":"publish","type":"page","link":"https:\/\/www.treatwell.ch/inspiration\/detox\/","title":{"rendered":"Detox"},"content":{"rendered":"<h1>\n\t\tOkay, 2018.<br \/>\n\t<\/h1>\n<h1>\n\t\tLass es uns angehen!<br \/>\n\t<\/h1>\n<p>\t\t\t\t<img decoding=\"async\" src=\"https:\/\/de-at.twinspiration.wpengine.treatwell.com\/wp-content\/uploads\/sites\/5\/2017\/12\/02.png\" alt=\"02\" \/><\/p>\n<p style=\"text-align: justify\">Wir wissen ja nicht, wie es dir geht aber wir haben dieses Jahr keine Lust auf Neujahrs-Vors\u00e4tze, die eh nach zwei Wochen vernachl\u00e4ssigt werden. Deswegen dreht sich dieses Jahr bei uns alles um Vors\u00e4tze, an die du dich gern h\u00e4ltst und mit denen du dich einfach wohl f\u00fchlst.<\/p>\n<p>\t\t\t\t<img decoding=\"async\" src=\"https:\/\/de-at.twinspiration.wpengine.treatwell.com\/wp-content\/uploads\/sites\/5\/2017\/12\/03.jpg\" alt=\"03\" \/><\/p>\n<p><strong>Lebe jeden<\/strong><\/p>\n<p><strong>\u00a0 \u00a0 \u00a0 \u00a0 \u00a0 \u00a0 \u00a0 Moment<\/strong><\/p>\n<p>\t\t\t\t<img decoding=\"async\" src=\"https:\/\/de-at.twinspiration.wpengine.treatwell.com\/wp-content\/uploads\/sites\/5\/2017\/12\/06.png\" alt=\"06\" \/><\/p>\n<p>Die Gegenwart ist viel spannender. Verschwende nicht zu viele Gedanken an die Zukunft.<\/p>\n<p>\t\t\t<a href=\"https:\/\/www.treatwell.ch\/orte\/angebot-typ-lokal\/rabatte-flexibel\/in-ch\/\" target=\"_blank\" role=\"button\"><br \/>\n\t\t\t\t\t\t\tLast-Minute buchen<br \/>\n\t\t\t\t\t<\/a><br \/>\n\t\t\t\t<img decoding=\"async\" src=\"https:\/\/de-at.twinspiration.wpengine.treatwell.com\/wp-content\/uploads\/sites\/5\/2017\/12\/04-1.jpg\" alt=\"04 (1)\" \/><\/p>\n<p><strong>Mut zur<\/strong><\/p>\n<p><strong>\u00a0 \u00a0 \u00a0 \u00a0 \u00a0 Ver\u00e4nderung<\/strong><\/p>\n<p>\t\t\t\t<img decoding=\"async\" src=\"https:\/\/de-at.twinspiration.wpengine.treatwell.com\/wp-content\/uploads\/sites\/5\/2017\/12\/06.png\" alt=\"06\" \/><\/p>\n<p>Wie lange tr\u00e4umst du schon von einer neuen Frisur? Wenn nicht jetzt, wann dann!?<\/p>\n<p>\t\t\t<a href=\"https:\/\/www.treatwell.ch\/orte\/behandlung-gruppe-coiffeur\/angebot-typ-lokal\/in-ch\/ordnen-beliebteste-aufsteigend\/\" target=\"_blank\" role=\"button\"><br \/>\n\t\t\t\t\t\t\tFinde den perfekten Salon<br \/>\n\t\t\t\t\t<\/a><br \/>\n\t\t\t\t<img decoding=\"async\" src=\"https:\/\/de-at.twinspiration.wpengine.treatwell.com\/wp-content\/uploads\/sites\/5\/2017\/12\/05-1.jpg\" alt=\"05 (1)\" \/><\/p>\n<p><strong>Money<\/strong><\/p>\n<p><strong>\u00a0 \u00a0 \u00a0 \u00a0 \u00a0Money<\/strong><\/p>\n<p>\t\t\t\t<img decoding=\"async\" src=\"https:\/\/de-at.twinspiration.wpengine.treatwell.com\/wp-content\/uploads\/sites\/5\/2017\/12\/06.png\" alt=\"06\" \/><\/p>\n<p>Letzten Monat im Minus gelandet? Auf Beauty Treatments musst du deshalb trotzdem nicht verzichten!<\/p>\n<p>\t\t\t<a href=\"https:\/\/www.treatwell.ch\/orte\/angebot-typ-lokal\/in-ch\/ordnen-rabatt-absteigend\/\" target=\"_blank\" role=\"button\"><br \/>\n\t\t\t\t\t\t\tBuchen und sparen<br \/>\n\t\t\t\t\t<\/a><br \/>\n\t\t\t\t<img decoding=\"async\" src=\"https:\/\/de-de.twinspiration.wpengine.treatwell.com\/wp-content\/uploads\/sites\/7\/2017\/11\/Top-Rated-Slot-2-1.jpg\" alt=\"Top Rated Slot-2\" \/><\/p>\n<h3>Top Rated 2017<\/h3>\n<p>Egal, ob Friseur, Kosmetik, Waxing oder Nagelstudio &#8211;\u00a0Hier findest du die besten Salons der Schweiz.<\/p>\n<p>\t\t\t<a href=\"https:\/\/www.treatwell.ch\/orte\/award-top-rated\/angebot-typ-lokal\/in-ch\/\" target=\"_blank\" role=\"button\"><br \/>\n\t\t\t\t\t\t\tJetzt ansehen<br \/>\n\t\t\t\t\t<\/a><\/p>\n","protected":false},"excerpt":{"rendered":"<p>Okay, 2018. Lass es uns angehen! Wir wissen ja nicht, wie es dir geht aber wir haben dieses Jahr keine Lust auf Neujahrs-Vors\u00e4tze, die eh nach zwei Wochen vernachl\u00e4ssigt werden. Deswegen dreht sich dieses Jahr bei uns alles um Vors\u00e4tze, an die du dich gern h\u00e4ltst und mit denen du dich einfach wohl f\u00fchlst. Lebe&hellip;<\/p>\n","protected":false},"author":51,"featured_media":6395,"parent":0,"menu_order":0,"comment_status":"closed","ping_status":"closed","template":"","meta":{"inline_featured_image":false,"footnotes":""},"class_list":["post-6393","page","type-page","status-publish","has-post-thumbnail","hentry"],"yoast_head":"<!-- This site is optimized with the Yoast SEO plugin v27.5 - https:\/\/yoast.com\/product\/yoast-seo-wordpress\/ -->\n<title>Okay, 2018 - Here we glow! | Neues Jahr, neues Haar | Treatwell.ch<\/title>\n<meta name=\"description\" content=\"Wir wissen ja nicht, wie es dir geht aber wir haben dieses Jahr keine Lust auf Neujahrs-Vors\u00e4tze, die eh nach zwei Wochen vernachl\u00e4ssigt werden.\" \/>\n<meta name=\"robots\" content=\"index, follow, max-snippet:-1, max-image-preview:large, max-video-preview:-1\" \/>\n<link rel=\"canonical\" href=\"https:\/\/www.treatwell.ch/inspiration\/detox\/\" \/>\n<meta property=\"og:locale\" content=\"de_DE\" \/>\n<meta property=\"og:type\" content=\"article\" \/>\n<meta property=\"og:title\" content=\"Okay, 2018 - Here we glow! | Neues Jahr, neues Haar | Treatwell.ch\" \/>\n<meta property=\"og:description\" content=\"Wir wissen ja nicht, wie es dir geht aber wir haben dieses Jahr keine Lust auf Neujahrs-Vors\u00e4tze, die eh nach zwei Wochen vernachl\u00e4ssigt werden.\" \/>\n<meta property=\"og:url\" content=\"https:\/\/www.treatwell.ch/inspiration\/detox\/\" \/>\n<meta property=\"og:site_name\" content=\"Treatwell CH\" \/>\n<meta property=\"article:modified_time\" content=\"2018-01-02T09:29:50+00:00\" \/>\n<meta property=\"og:image\" content=\"https:\/\/www.treatwell.ch/inspiration\/wp-content\/uploads\/sites\/6\/2017\/12\/05-1.jpg\" \/>\n\t<meta property=\"og:image:width\" content=\"360\" \/>\n\t<meta property=\"og:image:height\" content=\"360\" \/>\n\t<meta property=\"og:image:type\" content=\"image\/jpeg\" \/>\n<meta name=\"twitter:card\" content=\"summary_large_image\" \/>\n<meta name=\"twitter:label1\" content=\"Gesch\u00e4tzte Lesezeit\" \/>\n\t<meta name=\"twitter:data1\" content=\"1 Minute\" \/>\n<script type=\"application\/ld+json\" class=\"yoast-schema-graph\">{\"@context\":\"https:\\\/\\\/schema.org\",\"@graph\":[{\"@type\":\"WebPage\",\"@id\":\"https:\\\/\\\/www.treatwell.ch/inspiration\\\/detox\\\/\",\"url\":\"https:\\\/\\\/www.treatwell.ch/inspiration\\\/detox\\\/\",\"name\":\"Okay, 2018 - Here we glow! | Neues Jahr, neues Haar | Treatwell.ch\",\"isPartOf\":{\"@id\":\"https:\\\/\\\/www.treatwell.ch/inspiration\\\/#website\"},\"primaryImageOfPage\":{\"@id\":\"https:\\\/\\\/www.treatwell.ch/inspiration\\\/detox\\\/#primaryimage\"},\"image\":{\"@id\":\"https:\\\/\\\/www.treatwell.ch/inspiration\\\/detox\\\/#primaryimage\"},\"thumbnailUrl\":\"https:\\\/\\\/www.treatwell.ch/inspiration\\\/wp-content\\\/uploads\\\/sites\\\/6\\\/2017\\\/12\\\/05-1.jpg\",\"datePublished\":\"2017-12-20T14:21:28+00:00\",\"dateModified\":\"2018-01-02T09:29:50+00:00\",\"description\":\"Wir wissen ja nicht, wie es dir geht aber wir haben dieses Jahr keine Lust auf Neujahrs-Vors\u00e4tze, die eh nach zwei Wochen vernachl\u00e4ssigt werden.\",\"breadcrumb\":{\"@id\":\"https:\\\/\\\/www.treatwell.ch/inspiration\\\/detox\\\/#breadcrumb\"},\"inLanguage\":\"de-DE\",\"potentialAction\":[{\"@type\":\"ReadAction\",\"target\":[\"https:\\\/\\\/www.treatwell.ch/inspiration\\\/detox\\\/\"]}]},{\"@type\":\"ImageObject\",\"inLanguage\":\"de-DE\",\"@id\":\"https:\\\/\\\/www.treatwell.ch/inspiration\\\/detox\\\/#primaryimage\",\"url\":\"https:\\\/\\\/www.treatwell.ch/inspiration\\\/wp-content\\\/uploads\\\/sites\\\/6\\\/2017\\\/12\\\/05-1.jpg\",\"contentUrl\":\"https:\\\/\\\/www.treatwell.ch/inspiration\\\/wp-content\\\/uploads\\\/sites\\\/6\\\/2017\\\/12\\\/05-1.jpg\",\"width\":360,\"height\":360},{\"@type\":\"BreadcrumbList\",\"@id\":\"https:\\\/\\\/www.treatwell.ch/inspiration\\\/detox\\\/#breadcrumb\",\"itemListElement\":[{\"@type\":\"ListItem\",\"position\":1,\"name\":\"Home\",\"item\":\"https:\\\/\\\/www.treatwell.ch/inspiration\\\/\"},{\"@type\":\"ListItem\",\"position\":2,\"name\":\"Detox\"}]},{\"@type\":\"WebSite\",\"@id\":\"https:\\\/\\\/www.treatwell.ch/inspiration\\\/#website\",\"url\":\"https:\\\/\\\/www.treatwell.ch/inspiration\\\/\",\"name\":\"Treatwell CH\",\"description\":\"\",\"potentialAction\":[{\"@type\":\"SearchAction\",\"target\":{\"@type\":\"EntryPoint\",\"urlTemplate\":\"https:\\\/\\\/www.treatwell.ch/inspiration\\\/?s={search_term_string}\"},\"query-input\":{\"@type\":\"PropertyValueSpecification\",\"valueRequired\":true,\"valueName\":\"search_term_string\"}}],\"inLanguage\":\"de-DE\"}]}<\/script>\n<!-- \/ Yoast SEO plugin. -->","yoast_head_json":{"title":"Okay, 2018 - Here we glow! | Neues Jahr, neues Haar | Treatwell.ch","description":"Wir wissen ja nicht, wie es dir geht aber wir haben dieses Jahr keine Lust auf Neujahrs-Vors\u00e4tze, die eh nach zwei Wochen vernachl\u00e4ssigt werden.","robots":{"index":"index","follow":"follow","max-snippet":"max-snippet:-1","max-image-preview":"max-image-preview:large","max-video-preview":"max-video-preview:-1"},"canonical":"https:\/\/www.treatwell.ch/inspiration\/detox\/","og_locale":"de_DE","og_type":"article","og_title":"Okay, 2018 - Here we glow! | Neues Jahr, neues Haar | Treatwell.ch","og_description":"Wir wissen ja nicht, wie es dir geht aber wir haben dieses Jahr keine Lust auf Neujahrs-Vors\u00e4tze, die eh nach zwei Wochen vernachl\u00e4ssigt werden.","og_url":"https:\/\/www.treatwell.ch/inspiration\/detox\/","og_site_name":"Treatwell CH","article_modified_time":"2018-01-02T09:29:50+00:00","og_image":[{"width":360,"height":360,"url":"https:\/\/www.treatwell.ch/inspiration\/wp-content\/uploads\/sites\/6\/2017\/12\/05-1.jpg","type":"image\/jpeg"}],"twitter_card":"summary_large_image","twitter_misc":{"Gesch\u00e4tzte Lesezeit":"1 Minute"},"schema":{"@context":"https:\/\/schema.org","@graph":[{"@type":"WebPage","@id":"https:\/\/www.treatwell.ch/inspiration\/detox\/","url":"https:\/\/www.treatwell.ch/inspiration\/detox\/","name":"Okay, 2018 - Here we glow! | Neues Jahr, neues Haar | Treatwell.ch","isPartOf":{"@id":"https:\/\/www.treatwell.ch/inspiration\/#website"},"primaryImageOfPage":{"@id":"https:\/\/www.treatwell.ch/inspiration\/detox\/#primaryimage"},"image":{"@id":"https:\/\/www.treatwell.ch/inspiration\/detox\/#primaryimage"},"thumbnailUrl":"https:\/\/www.treatwell.ch/inspiration\/wp-content\/uploads\/sites\/6\/2017\/12\/05-1.jpg","datePublished":"2017-12-20T14:21:28+00:00","dateModified":"2018-01-02T09:29:50+00:00","description":"Wir wissen ja nicht, wie es dir geht aber wir haben dieses Jahr keine Lust auf Neujahrs-Vors\u00e4tze, die eh nach zwei Wochen vernachl\u00e4ssigt werden.","breadcrumb":{"@id":"https:\/\/www.treatwell.ch/inspiration\/detox\/#breadcrumb"},"inLanguage":"de-DE","potentialAction":[{"@type":"ReadAction","target":["https:\/\/www.treatwell.ch/inspiration\/detox\/"]}]},{"@type":"ImageObject","inLanguage":"de-DE","@id":"https:\/\/www.treatwell.ch/inspiration\/detox\/#primaryimage","url":"https:\/\/www.treatwell.ch/inspiration\/wp-content\/uploads\/sites\/6\/2017\/12\/05-1.jpg","contentUrl":"https:\/\/www.treatwell.ch/inspiration\/wp-content\/uploads\/sites\/6\/2017\/12\/05-1.jpg","width":360,"height":360},{"@type":"BreadcrumbList","@id":"https:\/\/www.treatwell.ch/inspiration\/detox\/#breadcrumb","itemListElement":[{"@type":"ListItem","position":1,"name":"Home","item":"https:\/\/www.treatwell.ch/inspiration\/"},{"@type":"ListItem","position":2,"name":"Detox"}]},{"@type":"WebSite","@id":"https:\/\/www.treatwell.ch/inspiration\/#website","url":"https:\/\/www.treatwell.ch/inspiration\/","name":"Treatwell CH","description":"","potentialAction":[{"@type":"SearchAction","target":{"@type":"EntryPoint","urlTemplate":"https:\/\/www.treatwell.ch/inspiration\/?s={search_term_string}"},"query-input":{"@type":"PropertyValueSpecification","valueRequired":true,"valueName":"search_term_string"}}],"inLanguage":"de-DE"}]}},"_links":{"self":[{"href":"https:\/\/www.treatwell.ch\/inspiration\/wp-json\/wp\/v2\/pages\/6393","targetHints":{"allow":["GET"]}}],"collection":[{"href":"https:\/\/www.treatwell.ch\/inspiration\/wp-json\/wp\/v2\/pages"}],"about":[{"href":"https:\/\/www.treatwell.ch\/inspiration\/wp-json\/wp\/v2\/types\/page"}],"author":[{"embeddable":true,"href":"https:\/\/www.treatwell.ch\/inspiration\/wp-json\/wp\/v2\/users\/51"}],"replies":[{"embeddable":true,"href":"https:\/\/www.treatwell.ch\/inspiration\/wp-json\/wp\/v2\/comments?post=6393"}],"version-history":[{"count":0,"href":"https:\/\/www.treatwell.ch\/inspiration\/wp-json\/wp\/v2\/pages\/6393\/revisions"}],"wp:featuredmedia":[{"embeddable":true,"href":"https:\/\/www.treatwell.ch\/inspiration\/wp-json\/wp\/v2\/media\/6395"}],"wp:attachment":[{"href":"https:\/\/www.treatwell.ch\/inspiration\/wp-json\/wp\/v2\/media?parent=6393"}],"curies":[{"name":"wp","href":"https:\/\/api.w.org\/{rel}","templated":true}]}}