{"id":7271,"date":"2018-05-03T17:33:32","date_gmt":"2018-05-03T17:33:32","guid":{"rendered":"https:\/\/www.treatwell.ch\/inspiration\/?page_id=7271"},"modified":"2018-05-04T13:36:37","modified_gmt":"2018-05-04T13:36:37","slug":"muttertag","status":"publish","type":"page","link":"https:\/\/www.treatwell.ch/inspiration\/muttertag\/","title":{"rendered":"Muttertagsgeschenke"},"content":{"rendered":"<p>&nbsp;<\/p>\n<p><strong>Schon an<\/strong><\/p>\n<p><strong>\u00a0 \u00a0 \u00a0 \u00a0 \u00a0 \u00a0deine Mama gedacht?<\/strong><\/p>\n<h3>Sie umsorgt uns noch heute und hat immer ein offenes Ohr.\u00a0Zeit ihr daf\u00fcr zu danken und unsere M\u00fctter zu feiern. Verschenke jetzt Beauty-Momente.<\/h3>\n<p>&nbsp;<\/p>\n<p><a href=\"https:\/\/www.treatwell.ch\/geschenkkarte\/\" target=\"_blank\"><br \/>\nGeschenkgutschein kaufen<br \/>\n<\/a><br \/>\n<img decoding=\"async\" src=\"https:\/\/de-de.twinspiration.wpengine.treatwell.com\/wp-content\/uploads\/sites\/7\/2018\/05\/Treatment-module-01-Pedicure.jpg\" alt=\"Treatment module 01 Pedicure\" \/><\/p>\n<p><strong>Pedicure<\/strong><\/p>\n<p>F\u00fcr all die Jahre in denen uns unsere Mama hinterhergerannt ist.<\/p>\n<p><a href=\"https:\/\/www.treatwell.de\/inspiration\/muttertag\/\" target=\"_blank\"><br \/>\nPedicure verschenken<br \/>\n<\/a><br \/>\n<img decoding=\"async\" src=\"https:\/\/de-de.twinspiration.wpengine.treatwell.com\/wp-content\/uploads\/sites\/7\/2018\/05\/Treatment-module-03-Massage-1.jpg\" alt=\"Treatment module 03 Massage (1)\" \/><\/p>\n<p><strong>Massage<\/strong><\/p>\n<p>F\u00fcr all den Stress den wir in der Vergangenheit verursacht haben.<\/p>\n<p><a href=\"https:\/\/www.treatwell.ch\/orte\/behandlung-gruppe-massage\/angebot-typ-lokal\/in-zuerich-ch\/\" target=\"_blank\"><br \/>\nMassage verschenken<br \/>\n<\/a><br \/>\n<img decoding=\"async\" src=\"https:\/\/de-de.twinspiration.wpengine.treatwell.com\/wp-content\/uploads\/sites\/7\/2018\/05\/Treatment-module-02-Blow-dry-1.jpg\" alt=\"Treatment module 02 Blow dry (1)\" \/><\/p>\n<p><strong>Haarschnitt<\/strong><\/p>\n<p>F\u00fcr all das Haareraufen, welches wir bisher bei unserer Mama verursacht haben.<\/p>\n<p><a href=\"https:\/\/www.treatwell.ch\/orte\/behandlung-pedikuere\/angebot-typ-lokal\/in-zuerich-ch\/\" target=\"_blank\"><br \/>\nHaarschnitt verschenken<br \/>\n<\/a><br \/>\n<img decoding=\"async\" src=\"https:\/\/de-de.twinspiration.wpengine.treatwell.com\/wp-content\/uploads\/sites\/7\/2018\/05\/Treatment-module-04-Manicure-1.jpg\" alt=\"Treatment module 04 Manicure\" \/><\/p>\n<p><strong>Manicure<\/strong><\/p>\n<p>F\u00fcr all die Jahre in denen uns unsere Mama an die Hand genommen hat.<\/p>\n<p><a href=\"https:\/\/www.treatwell.ch\/orte\/behandlung-manikuere\/angebot-typ-lokal\/in-zuerich-ch\/\" target=\"_blank\"><br \/>\nManicure verschenken<br \/>\n<\/a><\/p>\n","protected":false},"excerpt":{"rendered":"<p>&nbsp; Schon an \u00a0 \u00a0 \u00a0 \u00a0 \u00a0 \u00a0deine Mama gedacht? Sie umsorgt uns noch heute und hat immer ein offenes Ohr.\u00a0Zeit ihr daf\u00fcr zu danken und unsere M\u00fctter zu feiern. Verschenke jetzt Beauty-Momente. &nbsp; Geschenkgutschein kaufen Pedicure F\u00fcr all die Jahre in denen uns unsere Mama hinterhergerannt ist. Pedicure verschenken Massage F\u00fcr all den&hellip;<\/p>\n","protected":false},"author":113,"featured_media":7283,"parent":0,"menu_order":0,"comment_status":"closed","ping_status":"closed","template":"","meta":{"inline_featured_image":false,"footnotes":""},"class_list":["post-7271","page","type-page","status-publish","has-post-thumbnail","hentry"],"yoast_head":"<!-- This site is optimized with the Yoast SEO plugin v27.5 - https:\/\/yoast.com\/product\/yoast-seo-wordpress\/ -->\n<title>Muttertag | Beauty-Geschenke um M\u00fctter zu feiern | Treatwelll.de<\/title>\n<meta name=\"description\" content=\"Sie umsorgt uns noch heute und hat immer ein offenes Ohr. Zeit ihr daf\u00fcr zu danken und unsere M\u00fctter zu feiern. Verschenke jetzt Beauty-Momente.\" \/>\n<meta name=\"robots\" content=\"index, follow, max-snippet:-1, max-image-preview:large, max-video-preview:-1\" \/>\n<link rel=\"canonical\" href=\"https:\/\/www.treatwell.ch/inspiration\/muttertag\/\" \/>\n<meta property=\"og:locale\" content=\"de_DE\" \/>\n<meta property=\"og:type\" content=\"article\" \/>\n<meta property=\"og:title\" content=\"Muttertag | Beauty-Geschenke um M\u00fctter zu feiern | Treatwelll.de\" \/>\n<meta property=\"og:description\" content=\"Sie umsorgt uns noch heute und hat immer ein offenes Ohr. Zeit ihr daf\u00fcr zu danken und unsere M\u00fctter zu feiern. Verschenke jetzt Beauty-Momente.\" \/>\n<meta property=\"og:url\" content=\"https:\/\/www.treatwell.ch/inspiration\/muttertag\/\" \/>\n<meta property=\"og:site_name\" content=\"Treatwell CH\" \/>\n<meta property=\"article:modified_time\" content=\"2018-05-04T13:36:37+00:00\" \/>\n<meta property=\"og:image\" content=\"https:\/\/www.treatwell.ch/inspiration\/wp-content\/uploads\/sites\/6\/2018\/05\/Treatment-module-04-Manicure.jpg\" \/>\n\t<meta property=\"og:image:width\" content=\"540\" \/>\n\t<meta property=\"og:image:height\" content=\"310\" \/>\n\t<meta property=\"og:image:type\" content=\"image\/jpeg\" \/>\n<meta name=\"twitter:card\" content=\"summary_large_image\" \/>\n<script type=\"application\/ld+json\" class=\"yoast-schema-graph\">{\"@context\":\"https:\\\/\\\/schema.org\",\"@graph\":[{\"@type\":\"WebPage\",\"@id\":\"https:\\\/\\\/www.treatwell.ch/inspiration\\\/muttertag\\\/\",\"url\":\"https:\\\/\\\/www.treatwell.ch/inspiration\\\/muttertag\\\/\",\"name\":\"Muttertag | Beauty-Geschenke um M\u00fctter zu feiern | Treatwelll.de\",\"isPartOf\":{\"@id\":\"https:\\\/\\\/www.treatwell.ch/inspiration\\\/#website\"},\"primaryImageOfPage\":{\"@id\":\"https:\\\/\\\/www.treatwell.ch/inspiration\\\/muttertag\\\/#primaryimage\"},\"image\":{\"@id\":\"https:\\\/\\\/www.treatwell.ch/inspiration\\\/muttertag\\\/#primaryimage\"},\"thumbnailUrl\":\"https:\\\/\\\/www.treatwell.ch/inspiration\\\/wp-content\\\/uploads\\\/sites\\\/6\\\/2018\\\/05\\\/Treatment-module-04-Manicure.jpg\",\"datePublished\":\"2018-05-03T17:33:32+00:00\",\"dateModified\":\"2018-05-04T13:36:37+00:00\",\"description\":\"Sie umsorgt uns noch heute und hat immer ein offenes Ohr. Zeit ihr daf\u00fcr zu danken und unsere M\u00fctter zu feiern. Verschenke jetzt Beauty-Momente.\",\"breadcrumb\":{\"@id\":\"https:\\\/\\\/www.treatwell.ch/inspiration\\\/muttertag\\\/#breadcrumb\"},\"inLanguage\":\"de-DE\",\"potentialAction\":[{\"@type\":\"ReadAction\",\"target\":[\"https:\\\/\\\/www.treatwell.ch/inspiration\\\/muttertag\\\/\"]}]},{\"@type\":\"ImageObject\",\"inLanguage\":\"de-DE\",\"@id\":\"https:\\\/\\\/www.treatwell.ch/inspiration\\\/muttertag\\\/#primaryimage\",\"url\":\"https:\\\/\\\/www.treatwell.ch/inspiration\\\/wp-content\\\/uploads\\\/sites\\\/6\\\/2018\\\/05\\\/Treatment-module-04-Manicure.jpg\",\"contentUrl\":\"https:\\\/\\\/www.treatwell.ch/inspiration\\\/wp-content\\\/uploads\\\/sites\\\/6\\\/2018\\\/05\\\/Treatment-module-04-Manicure.jpg\",\"width\":540,\"height\":310},{\"@type\":\"BreadcrumbList\",\"@id\":\"https:\\\/\\\/www.treatwell.ch/inspiration\\\/muttertag\\\/#breadcrumb\",\"itemListElement\":[{\"@type\":\"ListItem\",\"position\":1,\"name\":\"Home\",\"item\":\"https:\\\/\\\/www.treatwell.ch/inspiration\\\/\"},{\"@type\":\"ListItem\",\"position\":2,\"name\":\"Muttertagsgeschenke\"}]},{\"@type\":\"WebSite\",\"@id\":\"https:\\\/\\\/www.treatwell.ch/inspiration\\\/#website\",\"url\":\"https:\\\/\\\/www.treatwell.ch/inspiration\\\/\",\"name\":\"Treatwell CH\",\"description\":\"\",\"potentialAction\":[{\"@type\":\"SearchAction\",\"target\":{\"@type\":\"EntryPoint\",\"urlTemplate\":\"https:\\\/\\\/www.treatwell.ch/inspiration\\\/?s={search_term_string}\"},\"query-input\":{\"@type\":\"PropertyValueSpecification\",\"valueRequired\":true,\"valueName\":\"search_term_string\"}}],\"inLanguage\":\"de-DE\"}]}<\/script>\n<!-- \/ Yoast SEO plugin. -->","yoast_head_json":{"title":"Muttertag | Beauty-Geschenke um M\u00fctter zu feiern | Treatwelll.de","description":"Sie umsorgt uns noch heute und hat immer ein offenes Ohr. Zeit ihr daf\u00fcr zu danken und unsere M\u00fctter zu feiern. Verschenke jetzt Beauty-Momente.","robots":{"index":"index","follow":"follow","max-snippet":"max-snippet:-1","max-image-preview":"max-image-preview:large","max-video-preview":"max-video-preview:-1"},"canonical":"https:\/\/www.treatwell.ch/inspiration\/muttertag\/","og_locale":"de_DE","og_type":"article","og_title":"Muttertag | Beauty-Geschenke um M\u00fctter zu feiern | Treatwelll.de","og_description":"Sie umsorgt uns noch heute und hat immer ein offenes Ohr. Zeit ihr daf\u00fcr zu danken und unsere M\u00fctter zu feiern. Verschenke jetzt Beauty-Momente.","og_url":"https:\/\/www.treatwell.ch/inspiration\/muttertag\/","og_site_name":"Treatwell CH","article_modified_time":"2018-05-04T13:36:37+00:00","og_image":[{"width":540,"height":310,"url":"https:\/\/www.treatwell.ch/inspiration\/wp-content\/uploads\/sites\/6\/2018\/05\/Treatment-module-04-Manicure.jpg","type":"image\/jpeg"}],"twitter_card":"summary_large_image","schema":{"@context":"https:\/\/schema.org","@graph":[{"@type":"WebPage","@id":"https:\/\/www.treatwell.ch/inspiration\/muttertag\/","url":"https:\/\/www.treatwell.ch/inspiration\/muttertag\/","name":"Muttertag | Beauty-Geschenke um M\u00fctter zu feiern | Treatwelll.de","isPartOf":{"@id":"https:\/\/www.treatwell.ch/inspiration\/#website"},"primaryImageOfPage":{"@id":"https:\/\/www.treatwell.ch/inspiration\/muttertag\/#primaryimage"},"image":{"@id":"https:\/\/www.treatwell.ch/inspiration\/muttertag\/#primaryimage"},"thumbnailUrl":"https:\/\/www.treatwell.ch/inspiration\/wp-content\/uploads\/sites\/6\/2018\/05\/Treatment-module-04-Manicure.jpg","datePublished":"2018-05-03T17:33:32+00:00","dateModified":"2018-05-04T13:36:37+00:00","description":"Sie umsorgt uns noch heute und hat immer ein offenes Ohr. Zeit ihr daf\u00fcr zu danken und unsere M\u00fctter zu feiern. Verschenke jetzt Beauty-Momente.","breadcrumb":{"@id":"https:\/\/www.treatwell.ch/inspiration\/muttertag\/#breadcrumb"},"inLanguage":"de-DE","potentialAction":[{"@type":"ReadAction","target":["https:\/\/www.treatwell.ch/inspiration\/muttertag\/"]}]},{"@type":"ImageObject","inLanguage":"de-DE","@id":"https:\/\/www.treatwell.ch/inspiration\/muttertag\/#primaryimage","url":"https:\/\/www.treatwell.ch/inspiration\/wp-content\/uploads\/sites\/6\/2018\/05\/Treatment-module-04-Manicure.jpg","contentUrl":"https:\/\/www.treatwell.ch/inspiration\/wp-content\/uploads\/sites\/6\/2018\/05\/Treatment-module-04-Manicure.jpg","width":540,"height":310},{"@type":"BreadcrumbList","@id":"https:\/\/www.treatwell.ch/inspiration\/muttertag\/#breadcrumb","itemListElement":[{"@type":"ListItem","position":1,"name":"Home","item":"https:\/\/www.treatwell.ch/inspiration\/"},{"@type":"ListItem","position":2,"name":"Muttertagsgeschenke"}]},{"@type":"WebSite","@id":"https:\/\/www.treatwell.ch/inspiration\/#website","url":"https:\/\/www.treatwell.ch/inspiration\/","name":"Treatwell CH","description":"","potentialAction":[{"@type":"SearchAction","target":{"@type":"EntryPoint","urlTemplate":"https:\/\/www.treatwell.ch/inspiration\/?s={search_term_string}"},"query-input":{"@type":"PropertyValueSpecification","valueRequired":true,"valueName":"search_term_string"}}],"inLanguage":"de-DE"}]}},"_links":{"self":[{"href":"https:\/\/www.treatwell.ch\/inspiration\/wp-json\/wp\/v2\/pages\/7271","targetHints":{"allow":["GET"]}}],"collection":[{"href":"https:\/\/www.treatwell.ch\/inspiration\/wp-json\/wp\/v2\/pages"}],"about":[{"href":"https:\/\/www.treatwell.ch\/inspiration\/wp-json\/wp\/v2\/types\/page"}],"author":[{"embeddable":true,"href":"https:\/\/www.treatwell.ch\/inspiration\/wp-json\/wp\/v2\/users\/113"}],"replies":[{"embeddable":true,"href":"https:\/\/www.treatwell.ch\/inspiration\/wp-json\/wp\/v2\/comments?post=7271"}],"version-history":[{"count":0,"href":"https:\/\/www.treatwell.ch\/inspiration\/wp-json\/wp\/v2\/pages\/7271\/revisions"}],"wp:featuredmedia":[{"embeddable":true,"href":"https:\/\/www.treatwell.ch\/inspiration\/wp-json\/wp\/v2\/media\/7283"}],"wp:attachment":[{"href":"https:\/\/www.treatwell.ch\/inspiration\/wp-json\/wp\/v2\/media?parent=7271"}],"curies":[{"name":"wp","href":"https:\/\/api.w.org\/{rel}","templated":true}]}}