{"id":7535,"date":"2018-05-18T07:13:08","date_gmt":"2018-05-18T07:13:08","guid":{"rendered":"https:\/\/www.treatwell.ch\/inspiration\/?page_id=7535"},"modified":"2018-05-18T08:16:21","modified_gmt":"2018-05-18T08:16:21","slug":"vatertag","status":"publish","type":"page","link":"https:\/\/www.treatwell.ch/inspiration\/vatertag\/","title":{"rendered":"Vatertag"},"content":{"rendered":"<p><img decoding=\"async\" src=\"https:\/\/de-de.twinspiration.wpengine.treatwell.com\/wp-content\/uploads\/sites\/7\/2018\/05\/DACH_Fathers-Day.gif\" alt=\"DACH_Father's-Day\" \/><br \/>\n<img decoding=\"async\" src=\"https:\/\/de-de.twinspiration.wpengine.treatwell.com\/wp-content\/uploads\/sites\/7\/2018\/05\/03.png\" alt=\"03\" \/><\/p>\n<p><strong>Bartpflege<\/strong><\/p>\n<p>Feine Rasur oder bartige Angelegenheit.<\/p>\n<p><a href=\"https:\/\/www.treatwell.ch\/orte\/behandlung-bart-trimmen-rasur\/angebot-typ-lokal\/in-zuerich-ch\/?mkt_params=GC~fathersday18_LC~vatertag18_PM~LP-slot_CM~beard\" target=\"_self\"><br \/>\nBartpflege verschenken<br \/>\n<\/a><br \/>\n<img decoding=\"async\" src=\"https:\/\/de-de.twinspiration.wpengine.treatwell.com\/wp-content\/uploads\/sites\/7\/2018\/05\/02.png\" alt=\"02\" \/><\/p>\n<p><strong>Massage<\/strong><\/p>\n<p>F\u00fcr alle Huckepacks in unserer Kindheit.<\/p>\n<p><a href=\"https:\/\/www.treatwell.ch\/orte\/behandlung-gruppe-massage\/angebot-typ-lokal\/in-zuerich-ch\/?mkt_params=GC~fathersday18_LC~vatertag18_PM~LP-slot_CM~massage\" target=\"_self\"><br \/>\nMassage verschenken<br \/>\n<\/a><br \/>\n<img decoding=\"async\" src=\"https:\/\/de-de.twinspiration.wpengine.treatwell.com\/wp-content\/uploads\/sites\/7\/2018\/05\/01.png\" alt=\"01\" \/><\/p>\n<p><strong>Haarschnitt<\/strong><\/p>\n<p>Ein frischer Schnitt bewegt Wunder.<\/p>\n<p><a href=\"https:\/\/www.treatwell.ch\/orte\/behandlung-maennerhaarschnitte\/angebot-typ-lokal\/in-zuerich-ch\/?mkt_params=GC~fathersday18_LC~vatertag18_PM~LP-slot_CM~mens%20hair\" target=\"_self\"><br \/>\nHaarschnitt verschenken<br \/>\n<\/a><\/p>\n","protected":false},"excerpt":{"rendered":"<p>Bartpflege Feine Rasur oder bartige Angelegenheit. Bartpflege verschenken Massage F\u00fcr alle Huckepacks in unserer Kindheit. Massage verschenken Haarschnitt Ein frischer Schnitt bewegt Wunder. Haarschnitt verschenken<\/p>\n","protected":false},"author":113,"featured_media":7539,"parent":0,"menu_order":0,"comment_status":"closed","ping_status":"closed","template":"","meta":{"inline_featured_image":false,"footnotes":""},"class_list":["post-7535","page","type-page","status-publish","has-post-thumbnail","hentry"],"yoast_head":"<!-- This site is optimized with the Yoast SEO plugin v27.5 - https:\/\/yoast.com\/product\/yoast-seo-wordpress\/ -->\n<title>Vatertag: Geschenke um unsere V\u00e4ter zu feiern | M\u00e4nnerpflege<\/title>\n<meta name=\"description\" content=\"Er packt noch heute in deinem Leben mit an. Zeit ihm daf\u00fcr zu danken und unsere V\u00e4ter zu feiern. G\u00f6nn&#039; ihm eine Auszeit und verschenke M\u00e4nnerpflege.\" \/>\n<meta name=\"robots\" content=\"index, follow, max-snippet:-1, max-image-preview:large, max-video-preview:-1\" \/>\n<link rel=\"canonical\" href=\"https:\/\/www.treatwell.ch/inspiration\/vatertag\/\" \/>\n<meta property=\"og:locale\" content=\"de_DE\" \/>\n<meta property=\"og:type\" content=\"article\" \/>\n<meta property=\"og:title\" content=\"Vatertag: Geschenke um unsere V\u00e4ter zu feiern | M\u00e4nnerpflege\" \/>\n<meta property=\"og:description\" content=\"Er packt noch heute in deinem Leben mit an. Zeit ihm daf\u00fcr zu danken und unsere V\u00e4ter zu feiern. G\u00f6nn&#039; ihm eine Auszeit und verschenke M\u00e4nnerpflege.\" \/>\n<meta property=\"og:url\" content=\"https:\/\/www.treatwell.ch/inspiration\/vatertag\/\" \/>\n<meta property=\"og:site_name\" content=\"Treatwell CH\" \/>\n<meta property=\"article:modified_time\" content=\"2018-05-18T08:16:21+00:00\" \/>\n<meta property=\"og:image\" content=\"https:\/\/www.treatwell.ch/inspiration\/wp-content\/uploads\/sites\/6\/2018\/05\/03.png\" \/>\n\t<meta property=\"og:image:width\" content=\"436\" \/>\n\t<meta property=\"og:image:height\" content=\"360\" \/>\n\t<meta property=\"og:image:type\" content=\"image\/png\" \/>\n<meta name=\"twitter:card\" content=\"summary_large_image\" \/>\n<script type=\"application\/ld+json\" class=\"yoast-schema-graph\">{\"@context\":\"https:\\\/\\\/schema.org\",\"@graph\":[{\"@type\":\"WebPage\",\"@id\":\"https:\\\/\\\/www.treatwell.ch/inspiration\\\/vatertag\\\/\",\"url\":\"https:\\\/\\\/www.treatwell.ch/inspiration\\\/vatertag\\\/\",\"name\":\"Vatertag: Geschenke um unsere V\u00e4ter zu feiern | M\u00e4nnerpflege\",\"isPartOf\":{\"@id\":\"https:\\\/\\\/www.treatwell.ch/inspiration\\\/#website\"},\"primaryImageOfPage\":{\"@id\":\"https:\\\/\\\/www.treatwell.ch/inspiration\\\/vatertag\\\/#primaryimage\"},\"image\":{\"@id\":\"https:\\\/\\\/www.treatwell.ch/inspiration\\\/vatertag\\\/#primaryimage\"},\"thumbnailUrl\":\"https:\\\/\\\/www.treatwell.ch/inspiration\\\/wp-content\\\/uploads\\\/sites\\\/6\\\/2018\\\/05\\\/03.png\",\"datePublished\":\"2018-05-18T07:13:08+00:00\",\"dateModified\":\"2018-05-18T08:16:21+00:00\",\"description\":\"Er packt noch heute in deinem Leben mit an. Zeit ihm daf\u00fcr zu danken und unsere V\u00e4ter zu feiern. G\u00f6nn' ihm eine Auszeit und verschenke M\u00e4nnerpflege.\",\"breadcrumb\":{\"@id\":\"https:\\\/\\\/www.treatwell.ch/inspiration\\\/vatertag\\\/#breadcrumb\"},\"inLanguage\":\"de-DE\",\"potentialAction\":[{\"@type\":\"ReadAction\",\"target\":[\"https:\\\/\\\/www.treatwell.ch/inspiration\\\/vatertag\\\/\"]}]},{\"@type\":\"ImageObject\",\"inLanguage\":\"de-DE\",\"@id\":\"https:\\\/\\\/www.treatwell.ch/inspiration\\\/vatertag\\\/#primaryimage\",\"url\":\"https:\\\/\\\/www.treatwell.ch/inspiration\\\/wp-content\\\/uploads\\\/sites\\\/6\\\/2018\\\/05\\\/03.png\",\"contentUrl\":\"https:\\\/\\\/www.treatwell.ch/inspiration\\\/wp-content\\\/uploads\\\/sites\\\/6\\\/2018\\\/05\\\/03.png\",\"width\":436,\"height\":360},{\"@type\":\"BreadcrumbList\",\"@id\":\"https:\\\/\\\/www.treatwell.ch/inspiration\\\/vatertag\\\/#breadcrumb\",\"itemListElement\":[{\"@type\":\"ListItem\",\"position\":1,\"name\":\"Home\",\"item\":\"https:\\\/\\\/www.treatwell.ch/inspiration\\\/\"},{\"@type\":\"ListItem\",\"position\":2,\"name\":\"Vatertag\"}]},{\"@type\":\"WebSite\",\"@id\":\"https:\\\/\\\/www.treatwell.ch/inspiration\\\/#website\",\"url\":\"https:\\\/\\\/www.treatwell.ch/inspiration\\\/\",\"name\":\"Treatwell CH\",\"description\":\"\",\"potentialAction\":[{\"@type\":\"SearchAction\",\"target\":{\"@type\":\"EntryPoint\",\"urlTemplate\":\"https:\\\/\\\/www.treatwell.ch/inspiration\\\/?s={search_term_string}\"},\"query-input\":{\"@type\":\"PropertyValueSpecification\",\"valueRequired\":true,\"valueName\":\"search_term_string\"}}],\"inLanguage\":\"de-DE\"}]}<\/script>\n<!-- \/ Yoast SEO plugin. -->","yoast_head_json":{"title":"Vatertag: Geschenke um unsere V\u00e4ter zu feiern | M\u00e4nnerpflege","description":"Er packt noch heute in deinem Leben mit an. Zeit ihm daf\u00fcr zu danken und unsere V\u00e4ter zu feiern. G\u00f6nn' ihm eine Auszeit und verschenke M\u00e4nnerpflege.","robots":{"index":"index","follow":"follow","max-snippet":"max-snippet:-1","max-image-preview":"max-image-preview:large","max-video-preview":"max-video-preview:-1"},"canonical":"https:\/\/www.treatwell.ch/inspiration\/vatertag\/","og_locale":"de_DE","og_type":"article","og_title":"Vatertag: Geschenke um unsere V\u00e4ter zu feiern | M\u00e4nnerpflege","og_description":"Er packt noch heute in deinem Leben mit an. Zeit ihm daf\u00fcr zu danken und unsere V\u00e4ter zu feiern. G\u00f6nn' ihm eine Auszeit und verschenke M\u00e4nnerpflege.","og_url":"https:\/\/www.treatwell.ch/inspiration\/vatertag\/","og_site_name":"Treatwell CH","article_modified_time":"2018-05-18T08:16:21+00:00","og_image":[{"width":436,"height":360,"url":"https:\/\/www.treatwell.ch/inspiration\/wp-content\/uploads\/sites\/6\/2018\/05\/03.png","type":"image\/png"}],"twitter_card":"summary_large_image","schema":{"@context":"https:\/\/schema.org","@graph":[{"@type":"WebPage","@id":"https:\/\/www.treatwell.ch/inspiration\/vatertag\/","url":"https:\/\/www.treatwell.ch/inspiration\/vatertag\/","name":"Vatertag: Geschenke um unsere V\u00e4ter zu feiern | M\u00e4nnerpflege","isPartOf":{"@id":"https:\/\/www.treatwell.ch/inspiration\/#website"},"primaryImageOfPage":{"@id":"https:\/\/www.treatwell.ch/inspiration\/vatertag\/#primaryimage"},"image":{"@id":"https:\/\/www.treatwell.ch/inspiration\/vatertag\/#primaryimage"},"thumbnailUrl":"https:\/\/www.treatwell.ch/inspiration\/wp-content\/uploads\/sites\/6\/2018\/05\/03.png","datePublished":"2018-05-18T07:13:08+00:00","dateModified":"2018-05-18T08:16:21+00:00","description":"Er packt noch heute in deinem Leben mit an. Zeit ihm daf\u00fcr zu danken und unsere V\u00e4ter zu feiern. G\u00f6nn' ihm eine Auszeit und verschenke M\u00e4nnerpflege.","breadcrumb":{"@id":"https:\/\/www.treatwell.ch/inspiration\/vatertag\/#breadcrumb"},"inLanguage":"de-DE","potentialAction":[{"@type":"ReadAction","target":["https:\/\/www.treatwell.ch/inspiration\/vatertag\/"]}]},{"@type":"ImageObject","inLanguage":"de-DE","@id":"https:\/\/www.treatwell.ch/inspiration\/vatertag\/#primaryimage","url":"https:\/\/www.treatwell.ch/inspiration\/wp-content\/uploads\/sites\/6\/2018\/05\/03.png","contentUrl":"https:\/\/www.treatwell.ch/inspiration\/wp-content\/uploads\/sites\/6\/2018\/05\/03.png","width":436,"height":360},{"@type":"BreadcrumbList","@id":"https:\/\/www.treatwell.ch/inspiration\/vatertag\/#breadcrumb","itemListElement":[{"@type":"ListItem","position":1,"name":"Home","item":"https:\/\/www.treatwell.ch/inspiration\/"},{"@type":"ListItem","position":2,"name":"Vatertag"}]},{"@type":"WebSite","@id":"https:\/\/www.treatwell.ch/inspiration\/#website","url":"https:\/\/www.treatwell.ch/inspiration\/","name":"Treatwell CH","description":"","potentialAction":[{"@type":"SearchAction","target":{"@type":"EntryPoint","urlTemplate":"https:\/\/www.treatwell.ch/inspiration\/?s={search_term_string}"},"query-input":{"@type":"PropertyValueSpecification","valueRequired":true,"valueName":"search_term_string"}}],"inLanguage":"de-DE"}]}},"_links":{"self":[{"href":"https:\/\/www.treatwell.ch\/inspiration\/wp-json\/wp\/v2\/pages\/7535","targetHints":{"allow":["GET"]}}],"collection":[{"href":"https:\/\/www.treatwell.ch\/inspiration\/wp-json\/wp\/v2\/pages"}],"about":[{"href":"https:\/\/www.treatwell.ch\/inspiration\/wp-json\/wp\/v2\/types\/page"}],"author":[{"embeddable":true,"href":"https:\/\/www.treatwell.ch\/inspiration\/wp-json\/wp\/v2\/users\/113"}],"replies":[{"embeddable":true,"href":"https:\/\/www.treatwell.ch\/inspiration\/wp-json\/wp\/v2\/comments?post=7535"}],"version-history":[{"count":0,"href":"https:\/\/www.treatwell.ch\/inspiration\/wp-json\/wp\/v2\/pages\/7535\/revisions"}],"wp:featuredmedia":[{"embeddable":true,"href":"https:\/\/www.treatwell.ch\/inspiration\/wp-json\/wp\/v2\/media\/7539"}],"wp:attachment":[{"href":"https:\/\/www.treatwell.ch\/inspiration\/wp-json\/wp\/v2\/media?parent=7535"}],"curies":[{"name":"wp","href":"https:\/\/api.w.org\/{rel}","templated":true}]}}