{"id":8096,"date":"2016-09-11T15:14:20","date_gmt":"2016-09-11T15:14:20","guid":{"rendered":"https:\/\/www.treatwell.ch\/inspiration\/?page_id=8096"},"modified":"2018-09-12T15:52:58","modified_gmt":"2018-09-12T15:52:58","slug":"express-treatments","status":"publish","type":"page","link":"https:\/\/www.treatwell.ch/inspiration\/express-treatments\/","title":{"rendered":"Express treatments CH"},"content":{"rendered":"<p>\t\t\t\t<img decoding=\"async\" src=\"https:\/\/de-de.twinspiration.wpengine.treatwell.com\/wp-content\/uploads\/sites\/7\/2015\/08\/crm-hero-dach.gif\" alt=\"crm-hero-dach\" \/><\/p>\n<p><strong>\u00a0\u00a0Maximal<\/strong><\/p>\n<p><strong>\u00a0 \u00a0 \u00a0 \u00a0wohlf\u00fchlen mit<br \/>\n<\/strong><\/p>\n<p><strong>Express Treatments<\/strong><\/p>\n<p>&#8222;Bei meinem Termin lief alles perfekt ab. Die Mitarbeiter waren alle sehr freundlich und haben sich sehr gut mich und meine Freundin gek\u00fcmmert!!&#8220;\u00a0 \u00a0 \u00a0 \u2013 Hanna<\/p>\n<p>&#8222;Wie immer hat es mir sehr gut gefallen und die Pedicure sieht auch noch nach 3 Wochen super aus.&#8220;\u00a0 \u00a0 \u00a0 \u00a0\u2013 Violetta<\/p>\n<p style=\"text-align: right;color: #ffffff;font-size: 42px;line-height: 100%;font-weight: bold\">Zeig her<\/p>\n<p style=\"text-align: right;color: #ffffff;font-size: 42px;line-height: 100%;font-weight: bold\">deine H\u00e4nde<\/p>\n<p>\t\t\t<a href=\"https:\/\/www.treatwell.ch\/orte\/behandlung-gel-manikuere,manikuere,nagelmodellage\/angebot-typ-lokal\/in-ch\/dauer-max-45\/?mkt_params=GC~backtobusiness18_LC~expressbeauty_PM~LP-slot_CM~\" target=\"_self\" role=\"button\"><br \/>\n\t\t\t\t\t\t\tMani buchen<br \/>\n\t\t\t\t\t<\/a><br \/>\n\t\t\t\t<img decoding=\"async\" src=\"https:\/\/en-gb.twinspiration.wpengine.treatwell.com\/wp-content\/uploads\/sites\/9\/2015\/08\/GLO_Express-treatments_Landingpage_KK_03-02-1.jpg\" alt=\"GLO_Express-treatments_Landingpage_KK_03-02\" \/><br \/>\n\t\t\t\t<img decoding=\"async\" src=\"https:\/\/en-gb.twinspiration.wpengine.treatwell.com\/wp-content\/uploads\/sites\/9\/2015\/08\/GLO_Express-treatments_Landingpage_KK_03.jpg\" alt=\"GLO_Express-treatments_Landingpage_KK_03\" \/><br \/>\n\t\t\t\t<img decoding=\"async\" src=\"https:\/\/en-gb.twinspiration.wpengine.treatwell.com\/wp-content\/uploads\/sites\/9\/2015\/08\/GLO_Express-treatments_Landingpage_KK_05.jpg\" alt=\"GLO_Express-treatments_Landingpage_KK_05\" \/><\/p>\n<p style=\"text-align: center;color: #001e62;font-size: 38px;line-height: 100%;font-weight: bold\">Zum Gl\u00fcck<\/p>\n<p style=\"text-align: center;color: #001e62;font-size: 38px;line-height: 100%;font-weight: bold\">\u00a0 \u00a0geht&#8217;s schnell<\/p>\n<p>\t\t\t<a href=\"https:\/\/www.treatwell.ch\/orte\/behandlung-gruppe-haarentfernung\/angebot-typ-lokal\/in-ch\/dauer-max-45\/?mkt_params=GC~backtobusiness18_LC~expressbeauty_PM~LP-slot_CM~\" target=\"_self\" role=\"button\"><br \/>\n\t\t\t\t\t\t\tWaxing buchen<br \/>\n\t\t\t\t\t<\/a><br \/>\n\t\t\t\t<img decoding=\"async\" src=\"https:\/\/en-gb.twinspiration.wpengine.treatwell.com\/wp-content\/uploads\/sites\/9\/2015\/08\/hair_treatment_slot_big-1.gif\" alt=\"hair_treatment_slot_big\" \/><\/p>\n<p style=\"text-align: center;color: #001e62;font-size: 38px;line-height: 100%;font-weight: bold\">Schnipp,<\/p>\n<p style=\"text-align: center;color: #001e62;font-size: 38px;line-height: 100%;font-weight: bold\">schnapp<\/p>\n<p>\t\t\t<a href=\"https:\/\/www.treatwell.ch\/orte\/behandlung-gruppe-friseur\/angebot-typ-lokal\/in-ch\/dauer-max-45\/?mkt_params=GC~backtobusiness18_LC~expressbeauty_PM~LP-slot_CM~\" target=\"_self\" role=\"button\"><br \/>\n\t\t\t\t\t\t\tCoiffeur buchen<br \/>\n\t\t\t\t\t<\/a><br \/>\n\t\t\t\t<img decoding=\"async\" src=\"https:\/\/en-gb.twinspiration.wpengine.treatwell.com\/wp-content\/uploads\/sites\/9\/2015\/08\/GLO_Express-treatments_Landingpage_KK_03-1.jpg\" alt=\"GLO_Express-treatments_Landingpage_KK_03\" \/><\/p>\n<p style=\"text-align: center;color: #ffffff;font-size: 32px;line-height: 100%;font-weight: bold\">Zeig her<br \/>\ndeine H\u00e4nde<\/p>\n<p>\t\t\t<a href=\"https:\/\/www.treatwell.ch\/orte\/behandlung-gel-manikuere,manikuere,nagelmodellage\/angebot-typ-lokal\/in-ch\/dauer-max-45\/?mkt_params=GC~backtobusiness18_LC~expressbeauty_PM~LP-slot_CM~\" target=\"_self\" role=\"button\"><br \/>\n\t\t\t\t\t\t\tMani buchen<br \/>\n\t\t\t\t\t<\/a><br \/>\n\t\t\t\t<img decoding=\"async\" src=\"https:\/\/de-de.twinspiration.wpengine.treatwell.com\/wp-content\/uploads\/sites\/7\/2015\/08\/hair_treatment_slot.gif\" alt=\"hair_treatment_slot\" \/><\/p>\n<p style=\"text-align: center;color: #ffffff;font-size: 32px;line-height: 100%;font-weight: bold\">Schnipp,<br \/>\nschnapp<\/p>\n<p>\t\t\t<a href=\"https:\/\/www.treatwell.ch\/orte\/behandlung-gruppe-friseur\/angebot-typ-lokal\/in-ch\/dauer-max-45\/?mkt_params=GC~backtobusiness18_LC~expressbeauty_PM~LP-slot_CM~\" target=\"_self\" role=\"button\"><br \/>\n\t\t\t\t\t\t\tFriseur buchen<br \/>\n\t\t\t\t\t<\/a><br \/>\n\t\t\t\t<img decoding=\"async\" src=\"https:\/\/de-de.twinspiration.wpengine.treatwell.com\/wp-content\/uploads\/sites\/7\/2015\/08\/GLO_Express-treatments_Landingpage_KK_05.jpg\" alt=\"GLO_Express-treatments_Landingpage_KK_05\" \/><\/p>\n<p style=\"text-align: center;color: #ffffff;font-size: 32px;line-height: 100%;font-weight: bold\">Zum Gl\u00fcck<br \/>\ngeht&#8217;s schnell<\/p>\n<p>\t\t\t<a href=\"https:\/\/www.treatwell.ch\/orte\/behandlung-gruppe-haarentfernung\/angebot-typ-lokal\/in-ch\/dauer-max-45\/?mkt_params=GC~backtobusiness18_LC~expressbeauty_PM~LP-slot_CM~\" target=\"_self\" role=\"button\"><br \/>\n\t\t\t\t\t\t\tWaxing buchen<br \/>\n\t\t\t\t\t<\/a><\/p>\n<p style=\"color: #001e62;font-size: 32px;line-height: 100%;font-weight: bold;text-align: center\">In Windeseile<\/p>\n<p>\t\t\t<a href=\"https:\/\/www.treatwell.ch\/orte\/behandlung-augenbrauen-wimpern-faerben,augenbrauen-zupfen,augenbrauenkorrektur,wimpernverlaengerung,wimpernwelle\/angebot-typ-lokal\/in-ch\/dauer-max-45\/?mkt_params=GC~backtobusiness18_LC~expressbeauty_PM~LP-slot_CM~\" target=\"_self\" role=\"button\"><br \/>\n\t\t\t\t\t\t\tAugenbrauen und Wimpern buchen<br \/>\n\t\t\t\t\t<\/a><br \/>\n\t\t\t\t<img decoding=\"async\" src=\"https:\/\/de-de.twinspiration.wpengine.treatwell.com\/wp-content\/uploads\/sites\/7\/2015\/08\/lashes_treatment_slot.gif\" alt=\"lashes_treatment_slot\" \/><\/p>\n<p style=\"text-align: center;color: #001e62;font-size: 32px;line-height: 100%;font-weight: bold\">Lehn dich<br \/>\nzur\u00fcck, du<br \/>\nhast ZeitV<\/p>\n<p>\t\t\t<a href=\"https:\/\/www.treatwell.ch\/orte\/behandlung-gruppe-massage\/angebot-typ-lokal\/in-ch\/dauer-max-45\/?mkt_params=GC~backtobusiness18_LC~expressbeauty_PM~LP-slot_CM~\" target=\"_self\" role=\"button\"><br \/>\n\t\t\t\t\t\t\tMassage buchen<br \/>\n\t\t\t\t\t<\/a><br \/>\n\t\t\t\t<img decoding=\"async\" src=\"https:\/\/de-de.twinspiration.wpengine.treatwell.com\/wp-content\/uploads\/sites\/7\/2015\/08\/GLO_Express-treatments_Landingpage_KK_07.jpg\" alt=\"GLO_Express-treatments_Landingpage_KK_07\" \/><\/p>\n<p style=\"text-align: center;color: #001e62;font-size: 32px;line-height: 100%;font-weight: bold\">Ein Booster<br \/>\nf\u00fcr die Haut<\/p>\n<p>\t\t\t<a href=\"https:\/\/www.treatwell.ch\/orte\/behandlung-gesichtsbehandlungen\/angebot-typ-lokal\/in-ch\/dauer-max-45\/?mkt_params=GC~backtobusiness18_LC~expressbeauty_PM~LP-slot_CM~\" target=\"_self\" role=\"button\"><br \/>\n\t\t\t\t\t\t\tFacial buchen<br \/>\n\t\t\t\t\t<\/a><br \/>\n\t\t\t\t<img decoding=\"async\" src=\"https:\/\/de-de.twinspiration.wpengine.treatwell.com\/wp-content\/uploads\/sites\/7\/2015\/08\/GLO_Express-treatments_Landingpage_KK_15.jpg\" alt=\"GLO_Express-treatments_Landingpage_KK_15\" \/><\/p>\n<p style=\"text-align: center;font-size: 42px;line-height: 100%;color: #ffffff;font-weight: bold\">In Windeseile<\/p>\n<p style=\"text-align: center;font-size: 38px;line-height: 100%;color: #001e62;font-weight: bold\">In Windeseile<\/p>\n<p>\t\t\t<a href=\"https:\/\/www.treatwell.ch\/orte\/behandlung-augenbrauen-wimpern-faerben,augenbrauen-zupfen,augenbrauenkorrektur,wimpernverlaengerung,wimpernwelle\/angebot-typ-lokal\/in-ch\/dauer-max-45\/?mkt_params=GC~backtobusiness18_LC~expressbeauty_PM~LP-slot_CM~\" target=\"_self\" role=\"button\"><br \/>\n\t\t\t\t\t\t\tAugenbrauen und Wimpern buchen<br \/>\n\t\t\t\t\t<\/a><\/p>\n<p style=\"text-align: center;font-size: 38px;line-height: 100%;color: #001e62;font-weight: bold\">Lehn dich<\/p>\n<p style=\"text-align: center;font-size: 38px;line-height: 100%;color: #001e62;font-weight: bold\">zur\u00fcck, du<\/p>\n<p style=\"text-align: center;font-size: 38px;line-height: 100%;color: #001e62;font-weight: bold\">du hast Zeit<\/p>\n<p>\t\t\t<a href=\"https:\/\/www.treatwell.ch\/orte\/behandlung-gruppe-massage\/angebot-typ-lokal\/in-ch\/dauer-max-45\/?mkt_params=GC~backtobusiness18_LC~expressbeauty_PM~LP-slot_CM~\" target=\"_self\" role=\"button\"><br \/>\n\t\t\t\t\t\t\tMassage buchen<br \/>\n\t\t\t\t\t<\/a><\/p>\n<p style=\"text-align: center;font-size: 38px;line-height: 100%;color: #001e62;font-weight: bold\">Ein Booster<\/p>\n<p style=\"text-align: center;font-size: 38px;line-height: 100%;color: #001e62;font-weight: bold\">f\u00fcr die Haut<\/p>\n<p>\t\t\t<a href=\"https:\/\/www.treatwell.ch\/orte\/behandlung-gesichtsbehandlungen\/angebot-typ-lokal\/in-ch\/dauer-max-45\/?mkt_params=GC~backtobusiness18_LC~expressbeauty_PM~LP-slot_CM~\" target=\"_self\" role=\"button\"><br \/>\n\t\t\t\t\t\t\tFacial buchen<br \/>\n\t\t\t\t\t<\/a><br \/>\n\t\t\t\t<img decoding=\"async\" src=\"https:\/\/en-gb.twinspiration.wpengine.treatwell.com\/wp-content\/uploads\/sites\/9\/2015\/08\/lashes_treatment_slot.gif\" alt=\"lashes_treatment_slot\" \/><br \/>\n\t\t\t\t<img decoding=\"async\" src=\"https:\/\/en-gb.twinspiration.wpengine.treatwell.com\/wp-content\/uploads\/sites\/9\/2015\/08\/GLO_Express-treatments_Landingpage_KK_13.jpg\" alt=\"GLO_Express-treatments_Landingpage_KK_13\" \/><br \/>\n\t\t\t\t<img decoding=\"async\" src=\"https:\/\/en-gb.twinspiration.wpengine.treatwell.com\/wp-content\/uploads\/sites\/9\/2015\/08\/GLO_Express-treatments_Landingpage_KK_15.jpg\" alt=\"GLO_Express-treatments_Landingpage_KK_15\" \/><\/p>\n<p style=\"text-align: center\">Tief durchatmen.<\/p>\n<p style=\"text-align: center\">Lies ein wenig<\/p>\n<p style=\"text-align: center;font-size: 30px;line-height: 100%;color: #00b0b9;font-weight: bold\">Tief durchatmen.<br \/>\nLies ein wenig<\/p>\n<p>\t\t\t<a href=\"https:\/\/www.treatwell.ch\/treatment-files\/diese-5-feierabend-treats-muss-man-probiert-haben\/?mkt_params=GC~backtobusiness18_LC~expressbeauty_PM~LP-slot_CM~\" target=\"_self\"><\/a>\t\t\t<\/p>\n<h2>Diese 5 Feierabend Treats muss man probiert haben<\/h2>\n<p>Wie w\u00e4re es\u00a0 mit ein wenig Beauty und Pampering f\u00fcr deinen Feierabend? Wir haben 5 Ideen f\u00fcr dich\u00a0auf Lager, wie du deinen\u00a0Abend ideal\u00a0verbringen kannst\u00a0\u00a0\u2013 hier sind unsere Top 5 Feierabend Treats!<\/p>\n<p>\t\t\t<a href=\"https:\/\/www.treatwell.ch\/treatment-files\/diese-5-feierabend-treats-muss-man-probiert-haben\/?mkt_params=GC~backtobusiness18_LC~expressbeauty_PM~LP-slot_CM~\" target=\"_self\" role=\"button\"><br \/>\n\t\t\t\t\t\t\tZum Artikel<br \/>\n\t\t\t\t\t<\/a><br \/>\n\t\t\t<a href=\"https:\/\/www.treatwell.ch\/treatment-files\/lunch-time-treats-fuer-die-mittagspause\/?mkt_params=GC~backtobusiness18_LC~expressbeauty_PM~LP-slot_CM~\" target=\"_self\"><\/a>\t\t\t<\/p>\n<h2>Express Treats f\u00fcr die Mittagspause<\/h2>\n<p>Die perfekte Balance zwischen Arbeit und Privatleben zu schaffen kann oft eine Herausforderung sein. Wir sagen: hol dir deine Mittagspause zur\u00fcck und probiere diese Express Treats aus!<\/p>\n<p>\t\t\t<a href=\"https:\/\/www.treatwell.ch\/treatment-files\/lunch-time-treats-fuer-die-mittagspause\/?mkt_params=GC~backtobusiness18_LC~expressbeauty_PM~LP-slot_CM~\" target=\"_self\" role=\"button\"><br \/>\n\t\t\t\t\t\t\tZum Artikel<br \/>\n\t\t\t\t\t<\/a><br \/>\n\t\t\t<a href=\"https:\/\/www.treatwell.ch\/treatment-files\/die-top-3-salons-extra-lange-oeffnungszeiten\/?mkt_params=GC~backtobusiness18_LC~expressbeauty_PM~LP-slot_CM~\" target=\"_self\"><\/a>\t\t\t<\/p>\n<h2>Salons mit extra langen \u00d6ffnungszeiten<\/h2>\n<p>Jeder kennt das Problem: So manch&#8216; eine \u00d6ffnungszeit l\u00e4sst dir nicht gen\u00fcgend Freiraum deinen Feierabend in vollen Z\u00fcgen zu genie\u00dfen. Wir haben uns auf die Suche gemacht und tolle Salons mit langen \u00d6ffnungszeiten entdeckt \u2013 hier entlang.<\/p>\n<p>\t\t\t<a href=\"https:\/\/www.treatwell.ch\/treatment-files\/die-top-3-salons-extra-lange-oeffnungszeiten\/?mkt_params=GC~backtobusiness18_LC~expressbeauty_PM~LP-slot_CM~\" target=\"_self\" role=\"button\"><br \/>\n\t\t\t\t\t\t\tZum Artikel<br \/>\n\t\t\t\t\t<\/a><br \/>\n\t\t\t<img decoding=\"async\" src=\"https:\/\/en-gb.twinspiration.wpengine.treatwell.com\/wp-content\/uploads\/sites\/9\/2015\/08\/GLO_Express-treatments_Landingpage_KK_21.jpg\" alt=\"\" \/><br \/>\n\t\t\t<img decoding=\"async\" src=\"https:\/\/en-gb.twinspiration.wpengine.treatwell.com\/wp-content\/uploads\/sites\/9\/2015\/08\/GLO_Express-treatments_Landingpage_KK_21_21.jpg\" alt=\"\" \/>\t\t\t<\/p>\n","protected":false},"excerpt":{"rendered":"<p>\u00a0\u00a0Maximal \u00a0 \u00a0 \u00a0 \u00a0wohlf\u00fchlen mit Express Treatments &#8222;Bei meinem Termin lief alles perfekt ab. Die Mitarbeiter waren alle sehr freundlich und haben sich sehr gut mich und meine Freundin gek\u00fcmmert!!&#8220;\u00a0 \u00a0 \u00a0 \u2013 Hanna &#8222;Wie immer hat es mir sehr gut gefallen und die Pedicure sieht auch noch nach 3 Wochen super aus.&#8220;\u00a0 \u00a0&hellip;<\/p>\n","protected":false},"author":117,"featured_media":0,"parent":0,"menu_order":0,"comment_status":"closed","ping_status":"closed","template":"","meta":{"inline_featured_image":false,"footnotes":""},"class_list":["post-8096","page","type-page","status-publish","hentry"],"yoast_head":"<!-- This site is optimized with the Yoast SEO plugin v27.4 - https:\/\/yoast.com\/product\/yoast-seo-wordpress\/ -->\n<title>Hol&#039; dir deine Pause zur\u00fcck mit Express Treatments<\/title>\n<meta name=\"description\" content=\"Egal ob in der Mittagspause oder im Feierabend, wir haben f\u00fcr jeden Kalender ein Treatment parat. Jetzt Express-Treatments buchen!\" \/>\n<meta name=\"robots\" content=\"index, follow, max-snippet:-1, max-image-preview:large, max-video-preview:-1\" \/>\n<link rel=\"canonical\" href=\"https:\/\/www.treatwell.ch/inspiration\/express-treatments\/\" \/>\n<meta property=\"og:locale\" content=\"de_DE\" \/>\n<meta property=\"og:type\" content=\"article\" \/>\n<meta property=\"og:title\" content=\"Hol&#039; dir deine Pause zur\u00fcck mit Express Treatments\" \/>\n<meta property=\"og:description\" content=\"Egal ob in der Mittagspause oder im Feierabend, wir haben f\u00fcr jeden Kalender ein Treatment parat. Jetzt Express-Treatments buchen!\" \/>\n<meta property=\"og:url\" content=\"https:\/\/www.treatwell.ch/inspiration\/express-treatments\/\" \/>\n<meta property=\"og:site_name\" content=\"Treatwell CH\" \/>\n<meta property=\"article:modified_time\" content=\"2018-09-12T15:52:58+00:00\" \/>\n<meta property=\"og:image\" content=\"https:\/\/de-de.twinspiration.wpengine.treatwell.com\/wp-content\/uploads\/sites\/7\/2015\/08\/crm-hero-dach.gif\" \/>\n<meta name=\"twitter:card\" content=\"summary_large_image\" \/>\n<meta name=\"twitter:label1\" content=\"Gesch\u00e4tzte Lesezeit\" \/>\n\t<meta name=\"twitter:data1\" content=\"1 Minute\" \/>\n<script type=\"application\/ld+json\" class=\"yoast-schema-graph\">{\"@context\":\"https:\\\/\\\/schema.org\",\"@graph\":[{\"@type\":\"WebPage\",\"@id\":\"https:\\\/\\\/www.treatwell.ch/inspiration\\\/express-treatments\\\/\",\"url\":\"https:\\\/\\\/www.treatwell.ch/inspiration\\\/express-treatments\\\/\",\"name\":\"Hol' dir deine Pause zur\u00fcck mit Express Treatments\",\"isPartOf\":{\"@id\":\"https:\\\/\\\/www.treatwell.ch/inspiration\\\/#website\"},\"primaryImageOfPage\":{\"@id\":\"https:\\\/\\\/www.treatwell.ch/inspiration\\\/express-treatments\\\/#primaryimage\"},\"image\":{\"@id\":\"https:\\\/\\\/www.treatwell.ch/inspiration\\\/express-treatments\\\/#primaryimage\"},\"thumbnailUrl\":\"https:\\\/\\\/de-de.twinspiration.wpengine.treatwell.com\\\/wp-content\\\/uploads\\\/sites\\\/7\\\/2015\\\/08\\\/crm-hero-dach.gif\",\"datePublished\":\"2016-09-11T15:14:20+00:00\",\"dateModified\":\"2018-09-12T15:52:58+00:00\",\"description\":\"Egal ob in der Mittagspause oder im Feierabend, wir haben f\u00fcr jeden Kalender ein Treatment parat. Jetzt Express-Treatments buchen!\",\"breadcrumb\":{\"@id\":\"https:\\\/\\\/www.treatwell.ch/inspiration\\\/express-treatments\\\/#breadcrumb\"},\"inLanguage\":\"de-DE\",\"potentialAction\":[{\"@type\":\"ReadAction\",\"target\":[\"https:\\\/\\\/www.treatwell.ch/inspiration\\\/express-treatments\\\/\"]}]},{\"@type\":\"ImageObject\",\"inLanguage\":\"de-DE\",\"@id\":\"https:\\\/\\\/www.treatwell.ch/inspiration\\\/express-treatments\\\/#primaryimage\",\"url\":\"https:\\\/\\\/de-de.twinspiration.wpengine.treatwell.com\\\/wp-content\\\/uploads\\\/sites\\\/7\\\/2015\\\/08\\\/crm-hero-dach.gif\",\"contentUrl\":\"https:\\\/\\\/de-de.twinspiration.wpengine.treatwell.com\\\/wp-content\\\/uploads\\\/sites\\\/7\\\/2015\\\/08\\\/crm-hero-dach.gif\"},{\"@type\":\"BreadcrumbList\",\"@id\":\"https:\\\/\\\/www.treatwell.ch/inspiration\\\/express-treatments\\\/#breadcrumb\",\"itemListElement\":[{\"@type\":\"ListItem\",\"position\":1,\"name\":\"Home\",\"item\":\"https:\\\/\\\/www.treatwell.ch/inspiration\\\/\"},{\"@type\":\"ListItem\",\"position\":2,\"name\":\"Express treatments CH\"}]},{\"@type\":\"WebSite\",\"@id\":\"https:\\\/\\\/www.treatwell.ch/inspiration\\\/#website\",\"url\":\"https:\\\/\\\/www.treatwell.ch/inspiration\\\/\",\"name\":\"Treatwell CH\",\"description\":\"\",\"potentialAction\":[{\"@type\":\"SearchAction\",\"target\":{\"@type\":\"EntryPoint\",\"urlTemplate\":\"https:\\\/\\\/www.treatwell.ch/inspiration\\\/?s={search_term_string}\"},\"query-input\":{\"@type\":\"PropertyValueSpecification\",\"valueRequired\":true,\"valueName\":\"search_term_string\"}}],\"inLanguage\":\"de-DE\"}]}<\/script>\n<!-- \/ Yoast SEO plugin. -->","yoast_head_json":{"title":"Hol' dir deine Pause zur\u00fcck mit Express Treatments","description":"Egal ob in der Mittagspause oder im Feierabend, wir haben f\u00fcr jeden Kalender ein Treatment parat. Jetzt Express-Treatments buchen!","robots":{"index":"index","follow":"follow","max-snippet":"max-snippet:-1","max-image-preview":"max-image-preview:large","max-video-preview":"max-video-preview:-1"},"canonical":"https:\/\/www.treatwell.ch/inspiration\/express-treatments\/","og_locale":"de_DE","og_type":"article","og_title":"Hol' dir deine Pause zur\u00fcck mit Express Treatments","og_description":"Egal ob in der Mittagspause oder im Feierabend, wir haben f\u00fcr jeden Kalender ein Treatment parat. Jetzt Express-Treatments buchen!","og_url":"https:\/\/www.treatwell.ch/inspiration\/express-treatments\/","og_site_name":"Treatwell CH","article_modified_time":"2018-09-12T15:52:58+00:00","og_image":[{"url":"https:\/\/de-de.twinspiration.wpengine.treatwell.com\/wp-content\/uploads\/sites\/7\/2015\/08\/crm-hero-dach.gif","type":"","width":"","height":""}],"twitter_card":"summary_large_image","twitter_misc":{"Gesch\u00e4tzte Lesezeit":"1 Minute"},"schema":{"@context":"https:\/\/schema.org","@graph":[{"@type":"WebPage","@id":"https:\/\/www.treatwell.ch/inspiration\/express-treatments\/","url":"https:\/\/www.treatwell.ch/inspiration\/express-treatments\/","name":"Hol' dir deine Pause zur\u00fcck mit Express Treatments","isPartOf":{"@id":"https:\/\/www.treatwell.ch/inspiration\/#website"},"primaryImageOfPage":{"@id":"https:\/\/www.treatwell.ch/inspiration\/express-treatments\/#primaryimage"},"image":{"@id":"https:\/\/www.treatwell.ch/inspiration\/express-treatments\/#primaryimage"},"thumbnailUrl":"https:\/\/de-de.twinspiration.wpengine.treatwell.com\/wp-content\/uploads\/sites\/7\/2015\/08\/crm-hero-dach.gif","datePublished":"2016-09-11T15:14:20+00:00","dateModified":"2018-09-12T15:52:58+00:00","description":"Egal ob in der Mittagspause oder im Feierabend, wir haben f\u00fcr jeden Kalender ein Treatment parat. Jetzt Express-Treatments buchen!","breadcrumb":{"@id":"https:\/\/www.treatwell.ch/inspiration\/express-treatments\/#breadcrumb"},"inLanguage":"de-DE","potentialAction":[{"@type":"ReadAction","target":["https:\/\/www.treatwell.ch/inspiration\/express-treatments\/"]}]},{"@type":"ImageObject","inLanguage":"de-DE","@id":"https:\/\/www.treatwell.ch/inspiration\/express-treatments\/#primaryimage","url":"https:\/\/de-de.twinspiration.wpengine.treatwell.com\/wp-content\/uploads\/sites\/7\/2015\/08\/crm-hero-dach.gif","contentUrl":"https:\/\/de-de.twinspiration.wpengine.treatwell.com\/wp-content\/uploads\/sites\/7\/2015\/08\/crm-hero-dach.gif"},{"@type":"BreadcrumbList","@id":"https:\/\/www.treatwell.ch/inspiration\/express-treatments\/#breadcrumb","itemListElement":[{"@type":"ListItem","position":1,"name":"Home","item":"https:\/\/www.treatwell.ch/inspiration\/"},{"@type":"ListItem","position":2,"name":"Express treatments CH"}]},{"@type":"WebSite","@id":"https:\/\/www.treatwell.ch/inspiration\/#website","url":"https:\/\/www.treatwell.ch/inspiration\/","name":"Treatwell CH","description":"","potentialAction":[{"@type":"SearchAction","target":{"@type":"EntryPoint","urlTemplate":"https:\/\/www.treatwell.ch/inspiration\/?s={search_term_string}"},"query-input":{"@type":"PropertyValueSpecification","valueRequired":true,"valueName":"search_term_string"}}],"inLanguage":"de-DE"}]}},"_links":{"self":[{"href":"https:\/\/www.treatwell.ch\/inspiration\/wp-json\/wp\/v2\/pages\/8096","targetHints":{"allow":["GET"]}}],"collection":[{"href":"https:\/\/www.treatwell.ch\/inspiration\/wp-json\/wp\/v2\/pages"}],"about":[{"href":"https:\/\/www.treatwell.ch\/inspiration\/wp-json\/wp\/v2\/types\/page"}],"author":[{"embeddable":true,"href":"https:\/\/www.treatwell.ch\/inspiration\/wp-json\/wp\/v2\/users\/117"}],"replies":[{"embeddable":true,"href":"https:\/\/www.treatwell.ch\/inspiration\/wp-json\/wp\/v2\/comments?post=8096"}],"version-history":[{"count":0,"href":"https:\/\/www.treatwell.ch\/inspiration\/wp-json\/wp\/v2\/pages\/8096\/revisions"}],"wp:attachment":[{"href":"https:\/\/www.treatwell.ch\/inspiration\/wp-json\/wp\/v2\/media?parent=8096"}],"curies":[{"name":"wp","href":"https:\/\/api.w.org\/{rel}","templated":true}]}}