{"id":8443,"date":"2018-12-13T14:32:25","date_gmt":"2018-12-13T14:32:25","guid":{"rendered":"https:\/\/www.treatwell.ch\/inspiration\/?page_id=8443"},"modified":"2018-12-19T11:09:12","modified_gmt":"2018-12-19T11:09:12","slug":"mitbewerber-geschaftsbedingungen","status":"publish","type":"page","link":"https:\/\/www.treatwell.ch/inspiration\/mitbewerber-geschaftsbedingungen\/","title":{"rendered":"Allgemeine Gewinnspielbedingungen von Treatwell"},"content":{"rendered":"<p><strong>Allgemeine Gewinnspielbedingungen von Treatwell<\/strong><\/p>\n<p>Bitte lesen Sie diese Allgemeinen Gewinnspielbedingungen sorgf\u00e4ltig durch, bevor Sie an einem Gewinnspiel von Treatwell \u00fcber <a href=\"https:\/\/www.treatwell.ch\">www.treatwell.ch<\/a>  (das \u201c<strong>Gewinnspiel<\/strong>\u201d) teilnehmen, da diese dann gelten.  Wenn Sie mit diesen Allgemeinen Gewinnspielbedingungen nicht einverstanden sind, d\u00fcrfen Sie nicht am Gewinnspiel teilnehmen. Bitte beachten Sie, dass unsere Allgemeinen Gesch\u00e4ftsbedingungen, wie unter <a href=\"https:\/\/www.treatwell.ch\/info\/nutzungsbedingungen\/\">www.treatwell.ch\/info\/nutzungsbedingungen<\/a> beschrieben, weiterhin f\u00fcr Ihre Nutzung von <a href=\"https:\/\/www.treatwell.ch\">www.treatwell.ch<\/a>   (die &#8222;<strong>Website<\/strong>&#8222;) und der Treatwell-Marktplatzanwendung (die &#8222;<strong>App<\/strong>&#8222;) sowie f\u00fcr alle Buchungen, die Sie entweder auf der Website oder in der App vornehmen, gelten. Der Veranstalter des Gewinnspiels ist Treatwell DACH GmbH Zweigniederlassung Z\u00fcrich  (t\/a Treatwell), Hagenholzstrasse 83b 8050 Z\u00fcrich  (&#8222;<strong>Treatwell<\/strong>&#8222;) und kann auch in Partnerschaft mit einer Drittmarke (&#8222;<strong>Dritter<\/strong>&#8222;) betrieben werden. Dies wird gegebenenfalls auf der Gewinnspielseite (siehe unten) mitgeteilt.<\/p>\n<p><strong>TEILNAHMEBERECHTIGUNG:<\/strong> An den Gewinnspielen k\u00f6nnen Einwohner von Schweiz ab 18 Jahren teilnehmen. Die Teilnehmer m\u00fcssen die Seite mit dem Online-Einreichungsformular f\u00fcr das Gewinnspiel (die &#8222;<strong>Gewinnspielseite<\/strong>&#8222;) erfolgreich ausf\u00fcllen, um gewinnberechtigt zu sein. Auf der Gewinnspielseite werden die Frist f\u00fcr die Teilnahme am Gewinnspiel, die Anzahl der Gewinner (der\/die &#8222;<strong>Gewinner<\/strong>&#8222;) und der Zeitpunkt der Kontaktaufnahme mit dem\/den Gewinner(n) festgelegt. Einsendungen, die nicht \u00fcber die Gewinnspielseite oder nicht in \u00dcbereinstimmung mit allen Anweisungen auf der Gewinnspielseite erfolgen, werden nicht ber\u00fccksichtigt. Die Gewinnspiele schlie\u00dfen Mitarbeiter von Treatwell und Dritten, wie auf der Gewinnspielseite beschrieben, und ihre unmittelbaren Familienangeh\u00f6rigen sowie alle Personen, die beruflich mit dem Gewinnspiel verbunden sind, aus. Der\/die Gewinner kann\/k\u00f6nnen aufgefordert werden, einen Ausweis vorzulegen. Kein Kauf erforderlich. Einsendungen von H\u00e4ndlern, Verbrauchergruppen, Dritten, Agenten oder automatisch vom Computer generierten Eingaben werden nicht akzeptiert. Keine Masseneinsendungen.<\/p>\n<p><strong>DER GEWINN:<\/strong> Der\/die Gewinner ist\/sind berechtigt, einen Gewinn zu erhalten, dessen Einzelheiten auf der Gewinnspielseite aufgef\u00fchrt sind. Es k\u00f6nnen ein oder mehrere Gewinne verf\u00fcgbar sein, die auf der Gewinnspielseite beschrieben sind. Der\/die Gewinner wird\/werden nach dem Zufallsprinzip aus allen teilnahmeberechtigten Einsendungen auf der Gewinnspielseite ausgew\u00e4hlt. <\/p>\n<p>Wenn der Gewinn aus einem Treatwell-Geschenkgutschein besteht, m\u00fcssen alle Treatwell-Geschenkgutscheine innerhalb von 24 Monaten eingel\u00f6st werden. Die Gewinne m\u00fcssen immer \u00fcber Treatwell innerhalb einer begrenzten Zeit eingel\u00f6st werden, wie es dem\/den Gewinner(n) erkl\u00e4rt wird. Gewinne k\u00f6nnen nicht in Verbindung mit anderen Angeboten eingel\u00f6st werden. Es erfolgt keine Auszahlung in Bar. Treatwell beh\u00e4lt sich das Recht vor, einen Gewinn durch einen anderen mit gleichem Wert zu ersetzen.  <\/p>\n<p>Besteht ein Gewinn aus einem physischen Produkt, wird\/werden der\/die Gewinn(e) dem\/den Gewinner(n) innerhalb von zwei Wochen nach der \u00dcbermittlung ihrer Adresse an Treatwell zugeschickt. Ein Gewinn wird nur an eine Adresse in Schweiz geliefert. Treatwell ist nicht verantwortlich f\u00fcr einen nicht zugestellten Gewinn\/nicht zugestellte Gewinne, Verz\u00f6gerungen oder M\u00e4ngel bei der Lieferung aus jeglichem Grund, einschlie\u00dflich, aber nicht beschr\u00e4nkt auf Streiks, Besch\u00e4digung oder Verlust des\/der Gewinns\/Gewinne. Treatwell ist nicht verantwortlich f\u00fcr die Nichtlieferung, wenn die von Ihnen angegebene Adresse  falsch ist oder aus irgendeinem Grund nicht geliefert werden kann, einschlie\u00dflich wenn niemand verf\u00fcgbar ist, um einen Gewinn bei Lieferung entgegenzunehmen. Treatwell \u00fcbernimmt keine Verantwortung f\u00fcr Verletzungen, Verluste oder Sch\u00e4den, die sich aus dem\/den Gewinn(en) ergeben, die durch Allergien oder Gesundheitsprobleme im Zusammenhang mit einem Gewinn verursacht wurden, und es liegt ausschlie\u00dflich in der Verantwortung des\/der Gewinner(s), das\/die Produkt(e) in dem\/den Gewinn(en) vor der Verwendung zu testen. Wenn ein Gewinn aus einer bestimmten Behandlung oder Dienstleistung besteht, h\u00e4ngt das Datum, an dem dieser Gewinn eingel\u00f6st werden kann, von der Verf\u00fcgbarkeit und den spezifischen Bedingungen des Partners ab, bei dem der Gewinn vergeben wird. Sollte(n) der\/die Gewinner eine Behandlung w\u00e4hlen wollen, die \u00fcber dem Wert des erhaltenen Gewinns liegt, ist er\/sind sie verpflichtet, die Differenz zu zahlen, um den Gesamtwert der Buchung zu erreichen. Es liegt in der alleinigen Verantwortung des\/der Gewinner(s), vor Erhalt eines Gewinns \u00fcber medizinische oder gesundheitliche Probleme und\/oder besondere Bed\u00fcrfnisse des\/der Empf\u00e4nger(s) dieses Gewinns zu informieren, die den Gewinn beeinflussen oder von ihm betroffen sein k\u00f6nnten (z.B. Allergieinformationen und Gesundheitsprobleme). Vorbehaltlich dieser Bedingungen haften weder Treatwell noch der Partner gegen\u00fcber dem\/den Gewinner(n) (oder anderen Empf\u00e4ngern eines Gewinns) f\u00fcr Verletzungen, Verluste oder Sch\u00e4den, die sich aus einem Gewinn ergeben, der\/die vern\u00fcnftigerweise h\u00e4tten vermieden werden k\u00f6nnen, wenn der\/die Gewinner (oder ein anderer Empf\u00e4nger eines Gewinns) diese Informationen vor Erhalt des Gewinns offengelegt h\u00e4tte(n). <\/p>\n<p><strong>GEWINNERAUSWAHL:<\/strong> Der\/die Gewinner wird\/werden immer in zuf\u00e4lligen Ziehungen ausgew\u00e4hlt, die nach Abschluss des Gewinnspiels stattfinden. Er\/sie wird\/werden kurz nach Abschluss des Gewinnspiels per E-Mail kontaktiert. Der\/die Gewinner muss\/m\u00fcssen, wie es jedem Gewinner erkl\u00e4rt wird, innerhalb eines begrenzten Zeitraums antworten, um seinen\/ihren Gewinn anzunehmen, ansonsten ist dieser Gewinn nicht mehr zur Annahme verf\u00fcgbar und wird jemand anderem angeboten. Der\/die Gewinner muss\/m\u00fcssen mit seinem\/ihrem vollst\u00e4ndigen Namen und seiner\/ihrer E-Mail-Adresse (und, falls f\u00fcr den Erhalt seines\/ihres Gewinns erforderlich, seiner\/ihrer Postanschrift) antworten, um seinen\/ihren Gewinn zu erhalten. Wenn eine Adresse erforderlich ist, um einen Gewinn an einen Gewinner zu senden, f\u00fchrt die Angabe einer Adresse au\u00dferhalb von Schweiz zum Verfall des Gewinns. Die Einl\u00f6sung eines Gewinns ist abh\u00e4ngig von der Verf\u00fcgbarkeit und kann nach Ermessen von Treatwell und allen Dritten, die mit Treatwell zusammenarbeiten, um das Gewinnspiel durchzuf\u00fchren, durch einen gleichwertigen Gewinn ersetzt werden. <\/p>\n<p><strong>DATENSCHUTZ:<\/strong> Wenn Sie sich f\u00fcr die Teilnahme an einem Gewinnspiel entscheiden und als Gewinner ausgew\u00e4hlt werden, wird sich Treatwell mit Ihnen in Verbindung setzen und Sie bitten, Ihren vollst\u00e4ndigen Namen und Ihre E-Mail-Adresse anzugeben (und auch Ihre Postanschrift, falls erforderlich, damit Ihnen ein Gewinn zugesandt werden kann). Wenn Sie kein Treatwell-Konto haben, m\u00fcssen Sie vor Erhalt Ihres Gewinns ein Konto einrichten und Treatwell die E-Mail-Adresse mitteilen, mit der Sie sich angemeldet haben. Die personenbezogenen Daten werden von Treatwell als Verantwortliche in \u00dcbereinstimmung mit den Datenschutz- und Cookie-Richtlinien von Treatwell erhoben, verarbeitet und verwendet, die Sie hier einsehen k\u00f6nnen: <a href=\"https:\/\/www.treatwell.ch\/info\/datenschutzrichtlinien\/\">www.treatwell.ch\/info\/datenschutzrichtlinien<\/a>. Wir verwenden die von Ihnen angegebenen personenbezogenen Daten, um Sie im Zusammenhang mit dem Wettbewerb zu kontaktieren und Ihnen, sofern zutreffend, den\/die Gewinn(e) zuzusenden. Die Rechtsgrundlage f\u00fcr diese Datenverarbeitung ist Art. 13 Abs. 2 lit. a des Datenschutzgesetzes. Datenschutz-Grundverordnung.<\/p>\n<p>F\u00fcr den Fall, dass ein Gewinnspiel in Zusammenarbeit mit einem Dritten durchgef\u00fchrt wird, werden wir Sie auf der Gewinnspielseite dar\u00fcber informieren. Soweit es f\u00fcr die Bereitstellung des\/der Gewinns\/Gewinne an den\/die Gewinner erforderlich ist, m\u00fcssen wir Ihre personenbezogenen Daten m\u00f6glicherweise an den Dritten weitergeben, mit der wir zusammengearbeitet haben, aber dies geschieht nur dann, wenn der\/die Gewinn(e) direkt von dem Dritten versandt werden muss\/m\u00fcssen. <\/p>\n<p>Durch die Teilnahme an einem Gewinnspiel haben Sie gegebenenfalls auch die M\u00f6glichkeit, sich f\u00fcr den Erhalt laufender Marketing- und Werbe-E-Mails von Treatwell zu registrieren. Wenn Sie diese Mitteilungen von uns nicht erhalten m\u00f6chten, d\u00fcrfen Sie sich zum Zeitpunkt der Teilnahme an einem Gewinnspiel auf der Gewinnspielseite daf\u00fcr nicht anmelden. Wenn Sie sich zu einem sp\u00e4teren Zeitpunkt abmelden m\u00f6chten, k\u00f6nnen Sie uns dies jederzeit mitteilen, indem Sie uns eine E-Mail an <a href=\"mailto:koenigkunde@treatwell.ch\">koenigkunde@treatwell.ch<\/a> senden oder indem Sie auf die Schaltfl\u00e4che &#8222;Abmelden&#8220;, welche am Ende jeder Marketing-E-Mail zu finden ist, klicken, die wir Ihnen senden. Die personenbezogenen Daten werden von Treatwell als Verantwortliche in \u00dcbereinstimmung mit den Datenschutz- und Cookie-Richtlinien von Treatwell erhoben, verarbeitet und verwendet, die Sie hier einsehen k\u00f6nnen: <a href=\"https:\/\/www.treatwell.ch\/info\/datenschutzrichtlinie\">www.treatwell.ch\/info\/datenschutzrichtlinien<\/a>. <\/p>\n<p>Gegebenenfalls haben Sie auch die M\u00f6glichkeit, sich f\u00fcr den Erhalt laufender Marketing- und Werbe-E-Mails oder anderer Mitteilungen von Dritten auf der Gewinnspielseite zu registrieren. Wenn Sie diese Mitteilungen nicht erhalten m\u00f6chten, d\u00fcrfen Sie sich zum Zeitpunkt der Teilnahme an einem Gewinnspiel auf der Gewinnspielseite f\u00fcr solche Mitteilungen nicht anmelden. Wenn Sie f\u00fcr eine Anmeldung entscheiden, werden Ihre personenbezogenen Daten an den Dritten f\u00fcr solche Zwecke weitergegeben und in \u00dcbereinstimmung mit der Datenschutzerkl\u00e4rung des Dritten, wie sie Ihnen auf der Gewinnspielseite pr\u00e4sentiert wird, verarbeitet. Der Dritte ist der in dieser Hinsicht f\u00fcr die Verarbeitung Ihrer Daten Verantwortliche, und wenn Sie sich zu einem sp\u00e4teren Zeitpunkt abmelden m\u00f6chten, m\u00fcssen Sie sich an den Dritten wenden.<\/p>\n<p><strong>HAFTUNGSBESCHR\u00c4NKUNG:<\/strong> Treatwell kann nicht f\u00fcr den Nicht-Erhalt von Eingaben aufgrund von technischen Problemen oder Netzschwierigkeiten haftbar gemacht werden. Der Versandnachweis gilt nicht als Nachweis der Zustellung. Mit der Teilnahme am Gewinnspiel erkl\u00e4ren Sie sich damit einverstanden, dass Sie auf eigenes Risiko teilnehmen.<br \/>\nMit Ausnahme der Tatsache, dass Treatwell seine Haftung f\u00fcr Personensch\u00e4den oder Tod, die durch Fahrl\u00e4ssigkeit verursacht wurden, oder absichtliches oder grobfahrl\u00e4ssiges Verhalten oder andere Haftungen, die gesetzlich nicht beschr\u00e4nkt oder ausgeschlossen werden k\u00f6nnen, nicht ausschlie\u00dft oder beschr\u00e4nkt, \u00fcbernimmt Treatwell keine Haftung in Bezug auf die Teilnahme einer Person (oder die Unf\u00e4higkeit zur Teilnahme) an einem Gewinnspiel im gesetzlich maximal zul\u00e4ssigen Umfang, einschlie\u00dflich aller direkten, indirekten, zuf\u00e4lligen, Folge- oder sonstigen Sch\u00e4den, die mit einem Gewinnspiel oder Ihrer Teilnahme an einem Gewinnspiel verbunden oder daraus resultieren.<\/p>\n<p><strong>SALVATORISCHE KLAUSEL:<\/strong> Sollte sich herausstellen, dass ein Teil dieser   rechtlich nicht durchsetzbar ist, bleiben alle anderen Teile dieser Allgemeinen Gewinnspielbedingungen unber\u00fchrt und in Kraft.<\/p>\n<p><strong>ANWENDBARES RECHT:<\/strong> Gewinnspiele und diese Allgemeinen Gewinnspielbedingungen unterliegen den Gesetzen von Schweiz und werden in \u00dcbereinstimmung mit diesen ausgelegt. Sie und wir stimmen alle darin \u00fcberein, dass die Gerichte des Schweiz eine nicht-ausschlie\u00dfliche Zust\u00e4ndigkeit f\u00fcr alle Anspr\u00fcche oder Streitigkeiten haben, die sich aus dem Gewinnspiel oder diesen Allgemeinen Gewinnspielbedingungen ergeben oder damit in Zusammenhang stehen.<\/p>\n<p><strong>FRAGEN:<\/strong> Wenn Sie Fragen zu einem Gewinnspiel oder dessen Funktionsweise haben, wenden Sie sich bitte an <a href=\"mailto:koenigkunde@treatwell.ch\">koenigkunde@treatwell.ch<\/a>  oder an +41 (0) 315281050.<\/p>\n","protected":false},"excerpt":{"rendered":"<p>Allgemeine Gewinnspielbedingungen von Treatwell Bitte lesen Sie diese Allgemeinen Gewinnspielbedingungen sorgf\u00e4ltig durch, bevor Sie an einem Gewinnspiel von Treatwell \u00fcber www.treatwell.ch (das \u201cGewinnspiel\u201d) teilnehmen, da diese dann gelten. Wenn Sie mit diesen Allgemeinen Gewinnspielbedingungen nicht einverstanden sind, d\u00fcrfen Sie nicht am Gewinnspiel teilnehmen. Bitte beachten Sie, dass unsere Allgemeinen Gesch\u00e4ftsbedingungen, wie unter www.treatwell.ch\/info\/nutzungsbedingungen beschrieben, weiterhin&hellip;<\/p>\n","protected":false},"author":117,"featured_media":0,"parent":0,"menu_order":0,"comment_status":"closed","ping_status":"closed","template":"","meta":{"inline_featured_image":false,"footnotes":""},"class_list":["post-8443","page","type-page","status-publish","hentry"],"yoast_head":"<!-- This site is optimized with the Yoast SEO plugin v27.5 - https:\/\/yoast.com\/product\/yoast-seo-wordpress\/ -->\n<title>Allgemeine Gewinnspielbedingungen von Treatwell - Treatwell CH<\/title>\n<meta name=\"robots\" content=\"index, follow, max-snippet:-1, max-image-preview:large, max-video-preview:-1\" \/>\n<link rel=\"canonical\" href=\"https:\/\/www.treatwell.ch/inspiration\/mitbewerber-geschaftsbedingungen\/\" \/>\n<meta property=\"og:locale\" content=\"de_DE\" \/>\n<meta property=\"og:type\" content=\"article\" \/>\n<meta property=\"og:title\" content=\"Allgemeine Gewinnspielbedingungen von Treatwell - Treatwell CH\" \/>\n<meta property=\"og:description\" content=\"Allgemeine Gewinnspielbedingungen von Treatwell Bitte lesen Sie diese Allgemeinen Gewinnspielbedingungen sorgf\u00e4ltig durch, bevor Sie an einem Gewinnspiel von Treatwell \u00fcber www.treatwell.ch (das \u201cGewinnspiel\u201d) teilnehmen, da diese dann gelten. Wenn Sie mit diesen Allgemeinen Gewinnspielbedingungen nicht einverstanden sind, d\u00fcrfen Sie nicht am Gewinnspiel teilnehmen. Bitte beachten Sie, dass unsere Allgemeinen Gesch\u00e4ftsbedingungen, wie unter www.treatwell.ch\/info\/nutzungsbedingungen beschrieben, weiterhin&hellip;\" \/>\n<meta property=\"og:url\" content=\"https:\/\/www.treatwell.ch/inspiration\/mitbewerber-geschaftsbedingungen\/\" \/>\n<meta property=\"og:site_name\" content=\"Treatwell CH\" \/>\n<meta property=\"article:modified_time\" content=\"2018-12-19T11:09:12+00:00\" \/>\n<meta name=\"twitter:card\" content=\"summary_large_image\" \/>\n<meta name=\"twitter:label1\" content=\"Gesch\u00e4tzte Lesezeit\" \/>\n\t<meta name=\"twitter:data1\" content=\"8 Minuten\" \/>\n<script type=\"application\/ld+json\" class=\"yoast-schema-graph\">{\"@context\":\"https:\\\/\\\/schema.org\",\"@graph\":[{\"@type\":\"WebPage\",\"@id\":\"https:\\\/\\\/www.treatwell.ch/inspiration\\\/mitbewerber-geschaftsbedingungen\\\/\",\"url\":\"https:\\\/\\\/www.treatwell.ch/inspiration\\\/mitbewerber-geschaftsbedingungen\\\/\",\"name\":\"Allgemeine Gewinnspielbedingungen von Treatwell - Treatwell CH\",\"isPartOf\":{\"@id\":\"https:\\\/\\\/www.treatwell.ch/inspiration\\\/#website\"},\"datePublished\":\"2018-12-13T14:32:25+00:00\",\"dateModified\":\"2018-12-19T11:09:12+00:00\",\"breadcrumb\":{\"@id\":\"https:\\\/\\\/www.treatwell.ch/inspiration\\\/mitbewerber-geschaftsbedingungen\\\/#breadcrumb\"},\"inLanguage\":\"de-DE\",\"potentialAction\":[{\"@type\":\"ReadAction\",\"target\":[\"https:\\\/\\\/www.treatwell.ch/inspiration\\\/mitbewerber-geschaftsbedingungen\\\/\"]}]},{\"@type\":\"BreadcrumbList\",\"@id\":\"https:\\\/\\\/www.treatwell.ch/inspiration\\\/mitbewerber-geschaftsbedingungen\\\/#breadcrumb\",\"itemListElement\":[{\"@type\":\"ListItem\",\"position\":1,\"name\":\"Home\",\"item\":\"https:\\\/\\\/www.treatwell.ch/inspiration\\\/\"},{\"@type\":\"ListItem\",\"position\":2,\"name\":\"Allgemeine Gewinnspielbedingungen von Treatwell\"}]},{\"@type\":\"WebSite\",\"@id\":\"https:\\\/\\\/www.treatwell.ch/inspiration\\\/#website\",\"url\":\"https:\\\/\\\/www.treatwell.ch/inspiration\\\/\",\"name\":\"Treatwell CH\",\"description\":\"\",\"potentialAction\":[{\"@type\":\"SearchAction\",\"target\":{\"@type\":\"EntryPoint\",\"urlTemplate\":\"https:\\\/\\\/www.treatwell.ch/inspiration\\\/?s={search_term_string}\"},\"query-input\":{\"@type\":\"PropertyValueSpecification\",\"valueRequired\":true,\"valueName\":\"search_term_string\"}}],\"inLanguage\":\"de-DE\"}]}<\/script>\n<!-- \/ Yoast SEO plugin. -->","yoast_head_json":{"title":"Allgemeine Gewinnspielbedingungen von Treatwell - Treatwell CH","robots":{"index":"index","follow":"follow","max-snippet":"max-snippet:-1","max-image-preview":"max-image-preview:large","max-video-preview":"max-video-preview:-1"},"canonical":"https:\/\/www.treatwell.ch/inspiration\/mitbewerber-geschaftsbedingungen\/","og_locale":"de_DE","og_type":"article","og_title":"Allgemeine Gewinnspielbedingungen von Treatwell - Treatwell CH","og_description":"Allgemeine Gewinnspielbedingungen von Treatwell Bitte lesen Sie diese Allgemeinen Gewinnspielbedingungen sorgf\u00e4ltig durch, bevor Sie an einem Gewinnspiel von Treatwell \u00fcber www.treatwell.ch (das \u201cGewinnspiel\u201d) teilnehmen, da diese dann gelten. Wenn Sie mit diesen Allgemeinen Gewinnspielbedingungen nicht einverstanden sind, d\u00fcrfen Sie nicht am Gewinnspiel teilnehmen. Bitte beachten Sie, dass unsere Allgemeinen Gesch\u00e4ftsbedingungen, wie unter www.treatwell.ch\/info\/nutzungsbedingungen beschrieben, weiterhin&hellip;","og_url":"https:\/\/www.treatwell.ch/inspiration\/mitbewerber-geschaftsbedingungen\/","og_site_name":"Treatwell CH","article_modified_time":"2018-12-19T11:09:12+00:00","twitter_card":"summary_large_image","twitter_misc":{"Gesch\u00e4tzte Lesezeit":"8 Minuten"},"schema":{"@context":"https:\/\/schema.org","@graph":[{"@type":"WebPage","@id":"https:\/\/www.treatwell.ch/inspiration\/mitbewerber-geschaftsbedingungen\/","url":"https:\/\/www.treatwell.ch/inspiration\/mitbewerber-geschaftsbedingungen\/","name":"Allgemeine Gewinnspielbedingungen von Treatwell - Treatwell CH","isPartOf":{"@id":"https:\/\/www.treatwell.ch/inspiration\/#website"},"datePublished":"2018-12-13T14:32:25+00:00","dateModified":"2018-12-19T11:09:12+00:00","breadcrumb":{"@id":"https:\/\/www.treatwell.ch/inspiration\/mitbewerber-geschaftsbedingungen\/#breadcrumb"},"inLanguage":"de-DE","potentialAction":[{"@type":"ReadAction","target":["https:\/\/www.treatwell.ch/inspiration\/mitbewerber-geschaftsbedingungen\/"]}]},{"@type":"BreadcrumbList","@id":"https:\/\/www.treatwell.ch/inspiration\/mitbewerber-geschaftsbedingungen\/#breadcrumb","itemListElement":[{"@type":"ListItem","position":1,"name":"Home","item":"https:\/\/www.treatwell.ch/inspiration\/"},{"@type":"ListItem","position":2,"name":"Allgemeine Gewinnspielbedingungen von Treatwell"}]},{"@type":"WebSite","@id":"https:\/\/www.treatwell.ch/inspiration\/#website","url":"https:\/\/www.treatwell.ch/inspiration\/","name":"Treatwell CH","description":"","potentialAction":[{"@type":"SearchAction","target":{"@type":"EntryPoint","urlTemplate":"https:\/\/www.treatwell.ch/inspiration\/?s={search_term_string}"},"query-input":{"@type":"PropertyValueSpecification","valueRequired":true,"valueName":"search_term_string"}}],"inLanguage":"de-DE"}]}},"_links":{"self":[{"href":"https:\/\/www.treatwell.ch\/inspiration\/wp-json\/wp\/v2\/pages\/8443","targetHints":{"allow":["GET"]}}],"collection":[{"href":"https:\/\/www.treatwell.ch\/inspiration\/wp-json\/wp\/v2\/pages"}],"about":[{"href":"https:\/\/www.treatwell.ch\/inspiration\/wp-json\/wp\/v2\/types\/page"}],"author":[{"embeddable":true,"href":"https:\/\/www.treatwell.ch\/inspiration\/wp-json\/wp\/v2\/users\/117"}],"replies":[{"embeddable":true,"href":"https:\/\/www.treatwell.ch\/inspiration\/wp-json\/wp\/v2\/comments?post=8443"}],"version-history":[{"count":0,"href":"https:\/\/www.treatwell.ch\/inspiration\/wp-json\/wp\/v2\/pages\/8443\/revisions"}],"wp:attachment":[{"href":"https:\/\/www.treatwell.ch\/inspiration\/wp-json\/wp\/v2\/media?parent=8443"}],"curies":[{"name":"wp","href":"https:\/\/api.w.org\/{rel}","templated":true}]}}