{"id":8475,"date":"2018-01-02T10:47:19","date_gmt":"2018-01-02T10:47:19","guid":{"rendered":"https:\/\/www.treatwell.co.uk\/inspiration\/?page_id=6432"},"modified":"2019-01-02T13:02:27","modified_gmt":"2019-01-02T13:02:27","slug":"january-beauty-sale","status":"publish","type":"page","link":"https:\/\/www.treatwell.ch/inspiration\/january-beauty-sale\/","title":{"rendered":"January beauty sale"},"content":{"rendered":"<p>\t\t\t\t<img decoding=\"async\" src=\"https:\/\/www.treatwell.ch/inspiration\/wp-content\/uploads\/sites\/6\/2018\/12\/CH_GLO_January_sale_crm_hero_KK_v01.gif\" alt=\"CH_GLO_January_sale_crm_hero_KK_v01\" \/><\/p>\n<p>Januar Sale \u2013 Coiffeur und Beauty\n<\/p>\n<p>Januar Sale \u2013\n<\/p>\n<p>Coiffeur und Beauty<\/p>\n<p style=\"text-align: left\">Es sind die kleinen Dinge, die gl\u00fccklich machen. Eine frische Manicure, ein regenerierendes Facial oder ein Marmeladenbr\u00f6tchen. Deshalb gibt&#8217;s in unserem Januar-Sale kleine Preise auf Beauty-Goodies f\u00fcr dein grosses Gl\u00fcck in 2019.<\/p>\n<p>\t\t\t\t<img decoding=\"async\" src=\"https:\/\/en-gb.twinspiration.wpengine.treatwell.com\/wp-content\/uploads\/sites\/9\/2018\/12\/hair.jpg\" alt=\"hair\" \/><\/p>\n<p style=\"text-align: left\"><strong>Kopf-hoch-Haarschnitt<br \/>\n<\/strong><\/p>\n<p style=\"text-align: left\">Kopf-hoch Haarschnitt<\/p>\n<p>Grosse Pl\u00e4ne, auch f\u00fcr deine Haare? Wir vers\u00fcssen dir deinen Jahresstart mit kleinen Preisen.<\/p>\n<p>\t\t\t<a href=\"https:\/\/www.treatwell.ch\/orte\/behandlung-gruppe-coiffeur\/angebot-typ-lokal\/rabatte-flexibel\/in-ch\/\/?titleoverride=Januar%20Sale?mkt_params=GC~januarysale_LC~dachljan19_PM~LP-slot_CM~\" target=\"_self\" role=\"button\"><br \/>\n\t\t\t\t\t\t\tBis zu 20% Rabatt<br \/>\n\t\t\t\t\t<\/a><\/p>\n<p>x<\/p>\n<p style=\"text-align: left\">Mood-Booster-Mani<\/p>\n<p style=\"text-align: left\">Mood-Booster-Mani<\/p>\n<p>Nails die einfach gl\u00fccklich machen. Endlich einmal Nail-Art probieren? \u2013 Dann ist jetzt deine Chance bei diesen kleinen Preisen.<\/p>\n<p>\t\t\t<a href=\"https:\/\/www.treatwell.ch\/orte\/behandlung-gruppe-nagel\/angebot-typ-lokal\/rabatte-flexibel\/in-ch\/\/?titleoverride=Januar%20Sale?mkt_params=GC~januarysale_LC~dachljan19_PM~LP-slot_CM~\" target=\"_self\" role=\"button\"><br \/>\n\t\t\t\t\t\t\tBis zu 30% Rabatt<br \/>\n\t\t\t\t\t<\/a><br \/>\n\t\t\t\t<img decoding=\"async\" src=\"https:\/\/en-gb.twinspiration.wpengine.treatwell.com\/wp-content\/uploads\/sites\/9\/2018\/12\/nails.jpg\" alt=\"nails\" \/><\/p>\n<p>x<\/p>\n<p>\t\t\t\t<img decoding=\"async\" src=\"https:\/\/en-gb.twinspiration.wpengine.treatwell.com\/wp-content\/uploads\/sites\/9\/2018\/12\/massage.jpg\" alt=\"massage\" \/><\/p>\n<p style=\"text-align: left\">Ooh-Aah-Mmh-Massage<\/p>\n<p style=\"text-align: left\">Ooh-Aah-Mmh-Massage<\/p>\n<p>Endlich entspannt \u2013 revitalisierende Massage, Hot-Stone oder einfach eine klassische Ganzk\u00f6rpermassage.\u00a0<\/p>\n<p>\t\t\t<a href=\"https:\/\/www.treatwell.ch\/orte\/behandlung-gruppe-massage\/angebot-typ-lokal\/rabatte-flexibel\/in-ch\/\/?titleoverride=Januar%20Sale?mkt_params=GC~januarysale_LC~dachljan19_PM~LP-slot_CM~\" target=\"_self\" role=\"button\"><br \/>\n\t\t\t\t\t\t\tBis zu 20% Rabatt<br \/>\n\t\t\t\t\t<\/a><\/p>\n<p>x<\/p>\n<p style=\"text-align: left\">F\u00fchl-dich-sch\u00f6n-Kosmetik<\/p>\n<p style=\"text-align: left\">F\u00fchl-dich-sch\u00f6n-Kosmetik<\/p>\n<p>Ein Frische-Kick Facial, traumhafte Wimpern oder akurate Augenbrauen. Gro\u00dfes Gl\u00fcck zum kleinen Preis.<\/p>\n<p>\t\t\t<a href=\"https:\/\/www.treatwell.ch\/orte\/behandlung-gruppe-gesicht\/angebot-typ-lokal\/rabatte-flexibel\/in-ch\/\/?titleoverride=Januar%20Sale?mkt_params=GC~januarysale_LC~dachljan19_PM~LP-slot_CM~\" target=\"_self\" role=\"button\"><br \/>\n\t\t\t\t\t\t\tBis zu 40% Rabatt<br \/>\n\t\t\t\t\t<\/a><br \/>\n\t\t\t\t<img decoding=\"async\" src=\"https:\/\/en-gb.twinspiration.wpengine.treatwell.com\/wp-content\/uploads\/sites\/9\/2018\/12\/face.jpg\" alt=\"face\" \/><\/p>\n<p style=\"text-align: left\"><strong>Diese Beauty-Tipps powern dich durch den Januar&#8230;<\/strong><\/p>\n<p><strong>Diese Beauty-Tipps powern <\/strong><\/p>\n<p><strong> dich durch den Januar&#8230;<\/strong><\/p>\n<p>\t\t\t\t<img decoding=\"async\" src=\"https:\/\/en-gb.twinspiration.wpengine.treatwell.com\/wp-content\/uploads\/sites\/9\/2018\/12\/slots_square_1.jpg\" alt=\"slots_square_1\" \/><\/p>\n<p style=\"text-align: left\"><strong>Nagelfarben f\u00fcr\u00a0 \u00a0 \u00a0 \u00a0 \u00a0\u00a0blasse Haut<\/strong><\/p>\n<p>Wie w\u00e4hlt man die richtige Farbe passend zum Hautton? Alle heissen Tipps findest du auf dem Blog.<\/p>\n<p>\t\t\t<a href=\"https:\/\/www.treatwell.ch\/treatment-files\/5-mani-tricks-fuer-blasse-haut-und-wie-du-die-perfekte-farbe-waehlst\/\/?mkt_params=GC~januarysale_LC~dachljan19_PM~LP-slot_CM~\" target=\"_self\" role=\"button\"><br \/>\n\t\t\t\t\t\t\tZum Artikel<br \/>\n\t\t\t\t\t<\/a><br \/>\n\t\t\t\t<img decoding=\"async\" src=\"https:\/\/en-gb.twinspiration.wpengine.treatwell.com\/wp-content\/uploads\/sites\/9\/2018\/12\/slots_square_2.jpg\" alt=\"slots_square_2\" \/><\/p>\n<p style=\"text-align: left\"><strong>Sch\u00f6nheitsroutinen\u00a0 \u00a0 \u00a0 \u00a0f\u00fcr jedes Alter<\/strong><\/p>\n<p>Welche Wirkstoffe braucht die Haut in welchem Alter am Ehesten? Von den 20igern bis zu den 50igern.<\/p>\n<p>\t\t\t<a href=\"https:\/\/www.treatwell.ch\/treatment-files\/von-deinen-20ern-bis-zu-deinen-50ern-das-sind-die-schoenheitsroutinen\/?mkt_params=GC~januarysale_LC~dachljan19_PM~LP-slot_CM~\" target=\"_self\" role=\"button\"><br \/>\n\t\t\t\t\t\t\tZum Artikel<br \/>\n\t\t\t\t\t<\/a><br \/>\n\t\t\t\t<img decoding=\"async\" src=\"https:\/\/en-gb.twinspiration.wpengine.treatwell.com\/wp-content\/uploads\/sites\/9\/2018\/12\/slots_square_3.jpg\" alt=\"slots_square_3\" \/><\/p>\n<p style=\"text-align: left\"><strong>Dein Beauty-\u00a0 \u00a0 \u00a0 \u00a0 \u00a0 \u00a0 \u00a0 \u00a0 \u00a0Detox\u00a0<\/strong><\/p>\n<p>Die Feiertage waren\u00a0intensiv. Zeit, dir und deiner Haut ein Detox zu g\u00f6nnen. So funktioniert es garantiert:\u00a0<\/p>\n<p>\t\t\t<a href=\"https:\/\/www.treatwell.ch\/treatment-files\/6-detox-tipps-fuer-unreine-haut-nach-weihnachten\/?mkt_params=GC~januarysale_LC~dachljan19_PM~LP-slot_CM~\" target=\"_self\" role=\"button\"><br \/>\n\t\t\t\t\t\t\tZum Artikel<br \/>\n\t\t\t\t\t<\/a><\/p>\n","protected":false},"excerpt":{"rendered":"<p>Januar Sale \u2013 Coiffeur und Beauty Januar Sale \u2013 Coiffeur und Beauty Es sind die kleinen Dinge, die gl\u00fccklich machen. Eine frische Manicure, ein regenerierendes Facial oder ein Marmeladenbr\u00f6tchen. Deshalb gibt&#8217;s in unserem Januar-Sale kleine Preise auf Beauty-Goodies f\u00fcr dein grosses Gl\u00fcck in 2019. Kopf-hoch-Haarschnitt Kopf-hoch Haarschnitt Grosse Pl\u00e4ne, auch f\u00fcr deine Haare? Wir vers\u00fcssen&hellip;<\/p>\n","protected":false},"author":10,"featured_media":0,"parent":0,"menu_order":0,"comment_status":"closed","ping_status":"closed","template":"","meta":{"inline_featured_image":false,"footnotes":""},"class_list":["post-8475","page","type-page","status-publish","hentry"],"yoast_head":"<!-- This site is optimized with the Yoast SEO plugin v27.5 - https:\/\/yoast.com\/product\/yoast-seo-wordpress\/ -->\n<title>January beauty sale | Up to 50% off hair and beauty appointments<\/title>\n<meta name=\"description\" content=\"Save up to 50% off your hair and beauty bookings this January with our exclusive sale on hair, nails, massage and brow and lash appointments.\" \/>\n<meta name=\"robots\" content=\"index, follow, max-snippet:-1, max-image-preview:large, max-video-preview:-1\" \/>\n<link rel=\"canonical\" href=\"https:\/\/www.treatwell.ch/inspiration\/january-beauty-sale\/\" \/>\n<meta property=\"og:locale\" content=\"de_DE\" \/>\n<meta property=\"og:type\" content=\"article\" \/>\n<meta property=\"og:title\" content=\"January beauty sale | Up to 50% off hair and beauty appointments\" \/>\n<meta property=\"og:description\" content=\"Save up to 50% off your hair and beauty bookings this January with our exclusive sale on hair, nails, massage and brow and lash appointments.\" \/>\n<meta property=\"og:url\" content=\"https:\/\/www.treatwell.ch/inspiration\/january-beauty-sale\/\" \/>\n<meta property=\"og:site_name\" content=\"Treatwell CH\" \/>\n<meta property=\"article:modified_time\" content=\"2019-01-02T13:02:27+00:00\" \/>\n<meta property=\"og:image\" content=\"https:\/\/www.treatwell.ch/inspiration\/wp-content\/uploads\/sites\/6\/2018\/12\/CH_GLO_January_sale_crm_hero_KK_v01.gif\" \/>\n<meta name=\"twitter:card\" content=\"summary_large_image\" \/>\n<meta name=\"twitter:label1\" content=\"Gesch\u00e4tzte Lesezeit\" \/>\n\t<meta name=\"twitter:data1\" content=\"1 Minute\" \/>\n<script type=\"application\/ld+json\" class=\"yoast-schema-graph\">{\"@context\":\"https:\\\/\\\/schema.org\",\"@graph\":[{\"@type\":\"WebPage\",\"@id\":\"https:\\\/\\\/www.treatwell.ch/inspiration\\\/january-beauty-sale\\\/\",\"url\":\"https:\\\/\\\/www.treatwell.ch/inspiration\\\/january-beauty-sale\\\/\",\"name\":\"January beauty sale | Up to 50% off hair and beauty appointments\",\"isPartOf\":{\"@id\":\"https:\\\/\\\/www.treatwell.ch/inspiration\\\/#website\"},\"primaryImageOfPage\":{\"@id\":\"https:\\\/\\\/www.treatwell.ch/inspiration\\\/january-beauty-sale\\\/#primaryimage\"},\"image\":{\"@id\":\"https:\\\/\\\/www.treatwell.ch/inspiration\\\/january-beauty-sale\\\/#primaryimage\"},\"thumbnailUrl\":\"https:\\\/\\\/www.treatwell.ch/inspiration\\\/wp-content\\\/uploads\\\/sites\\\/6\\\/2018\\\/12\\\/CH_GLO_January_sale_crm_hero_KK_v01.gif\",\"datePublished\":\"2018-01-02T10:47:19+00:00\",\"dateModified\":\"2019-01-02T13:02:27+00:00\",\"description\":\"Save up to 50% off your hair and beauty bookings this January with our exclusive sale on hair, nails, massage and brow and lash appointments.\",\"breadcrumb\":{\"@id\":\"https:\\\/\\\/www.treatwell.ch/inspiration\\\/january-beauty-sale\\\/#breadcrumb\"},\"inLanguage\":\"de-DE\",\"potentialAction\":[{\"@type\":\"ReadAction\",\"target\":[\"https:\\\/\\\/www.treatwell.ch/inspiration\\\/january-beauty-sale\\\/\"]}]},{\"@type\":\"ImageObject\",\"inLanguage\":\"de-DE\",\"@id\":\"https:\\\/\\\/www.treatwell.ch/inspiration\\\/january-beauty-sale\\\/#primaryimage\",\"url\":\"https:\\\/\\\/www.treatwell.ch/inspiration\\\/wp-content\\\/uploads\\\/sites\\\/6\\\/2018\\\/12\\\/CH_GLO_January_sale_crm_hero_KK_v01.gif\",\"contentUrl\":\"https:\\\/\\\/www.treatwell.ch/inspiration\\\/wp-content\\\/uploads\\\/sites\\\/6\\\/2018\\\/12\\\/CH_GLO_January_sale_crm_hero_KK_v01.gif\",\"width\":1160,\"height\":560},{\"@type\":\"BreadcrumbList\",\"@id\":\"https:\\\/\\\/www.treatwell.ch/inspiration\\\/january-beauty-sale\\\/#breadcrumb\",\"itemListElement\":[{\"@type\":\"ListItem\",\"position\":1,\"name\":\"Home\",\"item\":\"https:\\\/\\\/www.treatwell.ch/inspiration\\\/\"},{\"@type\":\"ListItem\",\"position\":2,\"name\":\"January beauty sale\"}]},{\"@type\":\"WebSite\",\"@id\":\"https:\\\/\\\/www.treatwell.ch/inspiration\\\/#website\",\"url\":\"https:\\\/\\\/www.treatwell.ch/inspiration\\\/\",\"name\":\"Treatwell CH\",\"description\":\"\",\"potentialAction\":[{\"@type\":\"SearchAction\",\"target\":{\"@type\":\"EntryPoint\",\"urlTemplate\":\"https:\\\/\\\/www.treatwell.ch/inspiration\\\/?s={search_term_string}\"},\"query-input\":{\"@type\":\"PropertyValueSpecification\",\"valueRequired\":true,\"valueName\":\"search_term_string\"}}],\"inLanguage\":\"de-DE\"}]}<\/script>\n<!-- \/ Yoast SEO plugin. -->","yoast_head_json":{"title":"January beauty sale | Up to 50% off hair and beauty appointments","description":"Save up to 50% off your hair and beauty bookings this January with our exclusive sale on hair, nails, massage and brow and lash appointments.","robots":{"index":"index","follow":"follow","max-snippet":"max-snippet:-1","max-image-preview":"max-image-preview:large","max-video-preview":"max-video-preview:-1"},"canonical":"https:\/\/www.treatwell.ch/inspiration\/january-beauty-sale\/","og_locale":"de_DE","og_type":"article","og_title":"January beauty sale | Up to 50% off hair and beauty appointments","og_description":"Save up to 50% off your hair and beauty bookings this January with our exclusive sale on hair, nails, massage and brow and lash appointments.","og_url":"https:\/\/www.treatwell.ch/inspiration\/january-beauty-sale\/","og_site_name":"Treatwell CH","article_modified_time":"2019-01-02T13:02:27+00:00","og_image":[{"url":"https:\/\/www.treatwell.ch/inspiration\/wp-content\/uploads\/sites\/6\/2018\/12\/CH_GLO_January_sale_crm_hero_KK_v01.gif","type":"","width":"","height":""}],"twitter_card":"summary_large_image","twitter_misc":{"Gesch\u00e4tzte Lesezeit":"1 Minute"},"schema":{"@context":"https:\/\/schema.org","@graph":[{"@type":"WebPage","@id":"https:\/\/www.treatwell.ch/inspiration\/january-beauty-sale\/","url":"https:\/\/www.treatwell.ch/inspiration\/january-beauty-sale\/","name":"January beauty sale | Up to 50% off hair and beauty appointments","isPartOf":{"@id":"https:\/\/www.treatwell.ch/inspiration\/#website"},"primaryImageOfPage":{"@id":"https:\/\/www.treatwell.ch/inspiration\/january-beauty-sale\/#primaryimage"},"image":{"@id":"https:\/\/www.treatwell.ch/inspiration\/january-beauty-sale\/#primaryimage"},"thumbnailUrl":"https:\/\/www.treatwell.ch/inspiration\/wp-content\/uploads\/sites\/6\/2018\/12\/CH_GLO_January_sale_crm_hero_KK_v01.gif","datePublished":"2018-01-02T10:47:19+00:00","dateModified":"2019-01-02T13:02:27+00:00","description":"Save up to 50% off your hair and beauty bookings this January with our exclusive sale on hair, nails, massage and brow and lash appointments.","breadcrumb":{"@id":"https:\/\/www.treatwell.ch/inspiration\/january-beauty-sale\/#breadcrumb"},"inLanguage":"de-DE","potentialAction":[{"@type":"ReadAction","target":["https:\/\/www.treatwell.ch/inspiration\/january-beauty-sale\/"]}]},{"@type":"ImageObject","inLanguage":"de-DE","@id":"https:\/\/www.treatwell.ch/inspiration\/january-beauty-sale\/#primaryimage","url":"https:\/\/www.treatwell.ch/inspiration\/wp-content\/uploads\/sites\/6\/2018\/12\/CH_GLO_January_sale_crm_hero_KK_v01.gif","contentUrl":"https:\/\/www.treatwell.ch/inspiration\/wp-content\/uploads\/sites\/6\/2018\/12\/CH_GLO_January_sale_crm_hero_KK_v01.gif","width":1160,"height":560},{"@type":"BreadcrumbList","@id":"https:\/\/www.treatwell.ch/inspiration\/january-beauty-sale\/#breadcrumb","itemListElement":[{"@type":"ListItem","position":1,"name":"Home","item":"https:\/\/www.treatwell.ch/inspiration\/"},{"@type":"ListItem","position":2,"name":"January beauty sale"}]},{"@type":"WebSite","@id":"https:\/\/www.treatwell.ch/inspiration\/#website","url":"https:\/\/www.treatwell.ch/inspiration\/","name":"Treatwell CH","description":"","potentialAction":[{"@type":"SearchAction","target":{"@type":"EntryPoint","urlTemplate":"https:\/\/www.treatwell.ch/inspiration\/?s={search_term_string}"},"query-input":{"@type":"PropertyValueSpecification","valueRequired":true,"valueName":"search_term_string"}}],"inLanguage":"de-DE"}]}},"_links":{"self":[{"href":"https:\/\/www.treatwell.ch\/inspiration\/wp-json\/wp\/v2\/pages\/8475","targetHints":{"allow":["GET"]}}],"collection":[{"href":"https:\/\/www.treatwell.ch\/inspiration\/wp-json\/wp\/v2\/pages"}],"about":[{"href":"https:\/\/www.treatwell.ch\/inspiration\/wp-json\/wp\/v2\/types\/page"}],"author":[{"embeddable":true,"href":"https:\/\/www.treatwell.ch\/inspiration\/wp-json\/wp\/v2\/users\/10"}],"replies":[{"embeddable":true,"href":"https:\/\/www.treatwell.ch\/inspiration\/wp-json\/wp\/v2\/comments?post=8475"}],"version-history":[{"count":0,"href":"https:\/\/www.treatwell.ch\/inspiration\/wp-json\/wp\/v2\/pages\/8475\/revisions"}],"wp:attachment":[{"href":"https:\/\/www.treatwell.ch\/inspiration\/wp-json\/wp\/v2\/media?parent=8475"}],"curies":[{"name":"wp","href":"https:\/\/api.w.org\/{rel}","templated":true}]}}