{"id":24117,"date":"2018-05-30T14:11:32","date_gmt":"2018-05-30T12:11:32","guid":{"rendered":"https:\/\/www.treatwell.es\/in-the-glow\/?page_id=14028"},"modified":"2026-02-04T08:45:53","modified_gmt":"2026-02-04T08:45:53","slug":"disclaimer","status":"publish","type":"page","link":"https:\/\/www.treatwell.ch/it/treatment-files\/disclaimer\/","title":{"rendered":"Dichiarazione di esonero responsabilit\u00e0"},"content":{"rendered":"<p>Le informazioni contenute nella \u201cTreatment Files\u201d sono state create esclusivamente con lo scopo di fornire informazioni di carattere generale. Le informazioni sono fornite da <a href=\"https:\/\/www.treatwell.ch\/it\">www.treatwell.ch\/it<\/a> e, confermato il nostro impegno nel mantenere le informazioni aggiornate e corrette, non dichiariamo n\u00e9 garantiamo in alcuna maniera espressa o implicita, circa la completezza, accuratezza, affidabilit\u00e0, idoneit\u00e0 o la disponibilit\u00e0 di informazioni, prodotti, servizi o immagini contenuti in <a href=\"https:\/\/www.treatwell.ch\/it\">www.treatwell.ch\/it<\/a>. Il tuo utilizzo parziale o totale delle informazioni, dei prodotti e\/o dei servizi dovr\u00e0 basarsi sulla tua diligenza e ti raccomandiamo di consultare un professionista del settore per consigli ad hoc basati sulla tua situazione e sulle tue necessit\u00e0. Ogni affidabilit\u00e0 che riponi su tali informazioni sar\u00e0 esclusivamente tua responsabilit\u00e0.<\/p>\n<p>Ti ricordiamo di non fare affidamento sulle informazioni contenute nella \u201cTreatment Files\u201d come alternativa a consigli del tuo medico o di altri professionisti sanitari.<br \/>\nQualora fosse necessaria una consulenza medica dovrai consultare il tuo medico o altro operatore sanitario.<\/p>\n<p>Attraverso il nostro sito web potresti atterrare su altri siti che non rientrano sotto il controllo di <a href=\"https:\/\/www.treatwell.ch\/it\">www.treatwell.ch\/it<\/a>. Non abbiamo il controllo circa natura, contenuti e affidabilit\u00e0 di questi siti web e non ne saremo responsabili. L\u2019inclusione di tali link non implica necessariamente una raccomandazione o una promozione di contenuti mostrati all\u2019interno di suddetti siti web.<\/p>\n<p>In nessun caso ci riterremo responsabili per danni diretti, indiretti, accidentali e fortuiti derivanti dall\u2019utilizzo dei servizi e\/o informazioni, prodotti e contenuti riportati su <a href=\"https:\/\/www.treatwell.ch\/it\">www.treatwell.ch\/it<\/a>.<\/p>\n","protected":false},"excerpt":{"rendered":"<p>Le informazioni contenute nella \u201cTreatment Files\u201d sono state create esclusivamente con lo scopo di fornire informazioni di carattere generale. Le informazioni sono fornite da www.treatwell.ch\/it e, confermato il nostro impegno nel mantenere le informazioni aggiornate e corrette, non dichiariamo n\u00e9 garantiamo in alcuna maniera espressa o implicita, circa la completezza, accuratezza, affidabilit\u00e0, idoneit\u00e0 o la [&hellip;]<\/p>\n","protected":false},"author":3398,"featured_media":0,"parent":0,"menu_order":0,"comment_status":"closed","ping_status":"closed","template":"","meta":{"_acf_changed":false,"_genesis_hide_title":false,"_genesis_hide_breadcrumbs":false,"_genesis_hide_singular_image":false,"_genesis_hide_footer_widgets":false,"_genesis_custom_body_class":"","_genesis_custom_post_class":"","_genesis_layout":"","saswp_custom_schema_field":"","footnotes":""},"class_list":{"0":"post-24117","1":"page","2":"type-page","3":"status-publish","5":"entry"},"acf":[],"yoast_head":"<!-- This site is optimized with the Yoast SEO plugin v27.3 - https:\/\/yoast.com\/product\/yoast-seo-wordpress\/ -->\n<title>Dichiarazione di esonero responsabilit\u00e0 | Treatwell<\/title>\n<meta name=\"robots\" content=\"index, follow, max-snippet:-1, max-image-preview:large, max-video-preview:-1\" \/>\n<link rel=\"canonical\" href=\"https:\/\/www.treatwell.ch/it/treatment-files\/disclaimer\/\" \/>\n<meta property=\"og:locale\" content=\"it_IT\" \/>\n<meta property=\"og:type\" content=\"article\" \/>\n<meta property=\"og:title\" content=\"Dichiarazione di esonero responsabilit\u00e0 | Treatwell\" \/>\n<meta property=\"og:description\" content=\"Le informazioni contenute nella \u201cTreatment Files\u201d sono state create esclusivamente con lo scopo di fornire informazioni di carattere generale. Le informazioni sono fornite da www.treatwell.ch\/it e, confermato il nostro impegno nel mantenere le informazioni aggiornate e corrette, non dichiariamo n\u00e9 garantiamo in alcuna maniera espressa o implicita, circa la completezza, accuratezza, affidabilit\u00e0, idoneit\u00e0 o la [&hellip;]\" \/>\n<meta property=\"og:url\" content=\"https:\/\/www.treatwell.ch/it/treatment-files\/disclaimer\/\" \/>\n<meta property=\"og:site_name\" content=\"The Treatment Files Blog\" \/>\n<meta property=\"article:modified_time\" content=\"2026-02-04T08:45:53+00:00\" \/>\n<meta name=\"twitter:card\" content=\"summary_large_image\" \/>\n<meta name=\"twitter:label1\" content=\"Tempo di lettura stimato\" \/>\n\t<meta name=\"twitter:data1\" content=\"2 minuti\" \/>\n<script type=\"application\/ld+json\" class=\"yoast-schema-graph\">{\"@context\":\"https:\\\/\\\/schema.org\",\"@graph\":[{\"@type\":\"WebPage\",\"@id\":\"https:\\\/\\\/www.treatwell.ch/it/treatment-files\\\/disclaimer\\\/\",\"url\":\"https:\\\/\\\/www.treatwell.ch/it/treatment-files\\\/disclaimer\\\/\",\"name\":\"Dichiarazione di esonero responsabilit\u00e0 | Treatwell\",\"isPartOf\":{\"@id\":\"https:\\\/\\\/www.treatwell.ch/it/treatment-files\\\/#website\"},\"datePublished\":\"2018-05-30T12:11:32+00:00\",\"dateModified\":\"2026-02-04T08:45:53+00:00\",\"breadcrumb\":{\"@id\":\"https:\\\/\\\/www.treatwell.ch/it/treatment-files\\\/disclaimer\\\/#breadcrumb\"},\"inLanguage\":\"it-IT\",\"potentialAction\":[{\"@type\":\"ReadAction\",\"target\":[\"https:\\\/\\\/www.treatwell.ch/it/treatment-files\\\/disclaimer\\\/\"]}]},{\"@type\":\"BreadcrumbList\",\"@id\":\"https:\\\/\\\/www.treatwell.ch/it/treatment-files\\\/disclaimer\\\/#breadcrumb\",\"itemListElement\":[{\"@type\":\"ListItem\",\"position\":1,\"name\":\"Home\",\"item\":\"https:\\\/\\\/www.treatwell.ch/it/treatment-files\\\/\"},{\"@type\":\"ListItem\",\"position\":2,\"name\":\"Dichiarazione di esonero responsabilit\u00e0\"}]},{\"@type\":\"WebSite\",\"@id\":\"https:\\\/\\\/www.treatwell.ch/it/treatment-files\\\/#website\",\"url\":\"https:\\\/\\\/www.treatwell.ch/it/treatment-files\\\/\",\"name\":\"The Treatment Files Blog\",\"description\":\"\",\"publisher\":{\"@id\":\"https:\\\/\\\/www.treatwell.ch/it/treatment-files\\\/#organization\"},\"potentialAction\":[{\"@type\":\"SearchAction\",\"target\":{\"@type\":\"EntryPoint\",\"urlTemplate\":\"https:\\\/\\\/www.treatwell.ch/it/treatment-files\\\/?s={search_term_string}\"},\"query-input\":{\"@type\":\"PropertyValueSpecification\",\"valueRequired\":true,\"valueName\":\"search_term_string\"}}],\"inLanguage\":\"it-IT\"},{\"@type\":\"Organization\",\"@id\":\"https:\\\/\\\/www.treatwell.ch/it/treatment-files\\\/#organization\",\"name\":\"Treatwell\",\"url\":\"https:\\\/\\\/www.treatwell.ch/it/treatment-files\\\/\",\"logo\":{\"@type\":\"ImageObject\",\"inLanguage\":\"it-IT\",\"@id\":\"https:\\\/\\\/www.treatwell.ch/it/treatment-files\\\/#\\\/schema\\\/logo\\\/image\\\/\",\"url\":\"\",\"contentUrl\":\"\",\"caption\":\"Treatwell\"},\"image\":{\"@id\":\"https:\\\/\\\/www.treatwell.ch/it/treatment-files\\\/#\\\/schema\\\/logo\\\/image\\\/\"}}]}<\/script>\n<!-- \/ Yoast SEO plugin. -->","yoast_head_json":{"title":"Dichiarazione di esonero responsabilit\u00e0 | Treatwell","robots":{"index":"index","follow":"follow","max-snippet":"max-snippet:-1","max-image-preview":"max-image-preview:large","max-video-preview":"max-video-preview:-1"},"canonical":"https:\/\/www.treatwell.ch/it/treatment-files\/disclaimer\/","og_locale":"it_IT","og_type":"article","og_title":"Dichiarazione di esonero responsabilit\u00e0 | Treatwell","og_description":"Le informazioni contenute nella \u201cTreatment Files\u201d sono state create esclusivamente con lo scopo di fornire informazioni di carattere generale. Le informazioni sono fornite da www.treatwell.ch\/it e, confermato il nostro impegno nel mantenere le informazioni aggiornate e corrette, non dichiariamo n\u00e9 garantiamo in alcuna maniera espressa o implicita, circa la completezza, accuratezza, affidabilit\u00e0, idoneit\u00e0 o la [&hellip;]","og_url":"https:\/\/www.treatwell.ch/it/treatment-files\/disclaimer\/","og_site_name":"The Treatment Files Blog","article_modified_time":"2026-02-04T08:45:53+00:00","twitter_card":"summary_large_image","twitter_misc":{"Tempo di lettura stimato":"2 minuti"},"schema":{"@context":"https:\/\/schema.org","@graph":[{"@type":"WebPage","@id":"https:\/\/www.treatwell.ch/it/treatment-files\/disclaimer\/","url":"https:\/\/www.treatwell.ch/it/treatment-files\/disclaimer\/","name":"Dichiarazione di esonero responsabilit\u00e0 | Treatwell","isPartOf":{"@id":"https:\/\/www.treatwell.ch/it/treatment-files\/#website"},"datePublished":"2018-05-30T12:11:32+00:00","dateModified":"2026-02-04T08:45:53+00:00","breadcrumb":{"@id":"https:\/\/www.treatwell.ch/it/treatment-files\/disclaimer\/#breadcrumb"},"inLanguage":"it-IT","potentialAction":[{"@type":"ReadAction","target":["https:\/\/www.treatwell.ch/it/treatment-files\/disclaimer\/"]}]},{"@type":"BreadcrumbList","@id":"https:\/\/www.treatwell.ch/it/treatment-files\/disclaimer\/#breadcrumb","itemListElement":[{"@type":"ListItem","position":1,"name":"Home","item":"https:\/\/www.treatwell.ch/it/treatment-files\/"},{"@type":"ListItem","position":2,"name":"Dichiarazione di esonero responsabilit\u00e0"}]},{"@type":"WebSite","@id":"https:\/\/www.treatwell.ch/it/treatment-files\/#website","url":"https:\/\/www.treatwell.ch/it/treatment-files\/","name":"The Treatment Files Blog","description":"","publisher":{"@id":"https:\/\/www.treatwell.ch/it/treatment-files\/#organization"},"potentialAction":[{"@type":"SearchAction","target":{"@type":"EntryPoint","urlTemplate":"https:\/\/www.treatwell.ch/it/treatment-files\/?s={search_term_string}"},"query-input":{"@type":"PropertyValueSpecification","valueRequired":true,"valueName":"search_term_string"}}],"inLanguage":"it-IT"},{"@type":"Organization","@id":"https:\/\/www.treatwell.ch/it/treatment-files\/#organization","name":"Treatwell","url":"https:\/\/www.treatwell.ch/it/treatment-files\/","logo":{"@type":"ImageObject","inLanguage":"it-IT","@id":"https:\/\/www.treatwell.ch/it/treatment-files\/#\/schema\/logo\/image\/","url":"","contentUrl":"","caption":"Treatwell"},"image":{"@id":"https:\/\/www.treatwell.ch/it/treatment-files\/#\/schema\/logo\/image\/"}}]}},"featured_image_src":null,"featured_image_src_square":null,"_links":{"self":[{"href":"https:\/\/www.treatwell.ch\/it\/treatment-files\/wp-json\/wp\/v2\/pages\/24117","targetHints":{"allow":["GET"]}}],"collection":[{"href":"https:\/\/www.treatwell.ch\/it\/treatment-files\/wp-json\/wp\/v2\/pages"}],"about":[{"href":"https:\/\/www.treatwell.ch\/it\/treatment-files\/wp-json\/wp\/v2\/types\/page"}],"author":[{"embeddable":true,"href":"https:\/\/www.treatwell.ch\/it\/treatment-files\/wp-json\/wp\/v2\/users\/3398"}],"replies":[{"embeddable":true,"href":"https:\/\/www.treatwell.ch\/it\/treatment-files\/wp-json\/wp\/v2\/comments?post=24117"}],"version-history":[{"count":0,"href":"https:\/\/www.treatwell.ch\/it\/treatment-files\/wp-json\/wp\/v2\/pages\/24117\/revisions"}],"wp:attachment":[{"href":"https:\/\/www.treatwell.ch\/it\/treatment-files\/wp-json\/wp\/v2\/media?parent=24117"}],"curies":[{"name":"wp","href":"https:\/\/api.w.org\/{rel}","templated":true}]}}