{"id":2475,"date":"2022-06-29T13:10:00","date_gmt":"2022-06-29T13:10:00","guid":{"rendered":"https:\/\/www.treatwell.ch/partners\/?page_id=2475"},"modified":"2025-11-18T11:21:03","modified_gmt":"2025-11-18T11:21:03","slug":"bedingungen-und-konditionen","status":"publish","type":"page","link":"https:\/\/www.treatwell.ch/partners\/empfehle-einen-salon-partner\/bedingungen-und-konditionen\/","title":{"rendered":"Bedingungen und Konditionen"},"content":{"rendered":"\n<section  class=\"pt-[calc(var(--top-header)+var(--site-header-h-mobile)+40px)] lg:pt-[calc(var(--top-header)+var(--site-header-h-desktop)+48px)] bg-ethereal-white pb-10 lg:pb-12 xl:pb-16\">\n    <div class=\"container\">\n                    <h1 class=\"text-h2 md:text-5xl lg:text-6xl leading-none tracking-tighter font-bold text-center max-w-3xl mx-auto\">\n                Treatwell PRO Empfehlungsprogramm &#8211; Bedingungen und Konditionen            <\/h1>\n        \n                    <h2 class=\"text-base md:text-xl lg:text-2xl leading-tight text-center md:max-w-xl xl:max-w-3xl mx-auto mt-6 lg:mt-4\">\n                Juni 2022            <\/h2>\n            <\/div>\n<\/section>\n\n\n    <section  class=\"\">\n        <div class=\"container\">\n            <article class=\"single-post-container\">\n                <div class=\"entry-content\">\n                    <p>Bitte lesen Sie diese Allgemeinen Gesch\u00e4ftsbedingungen sorgf\u00e4ltig durch, bevor Sie am Treatwell PRO-Empfehlungsprogramm (das &#8220;Programm&#8221;) teilnehmen, da diese f\u00fcr Sie gelten. Wenn Sie mit diesen Bedingungen nicht einverstanden sind, d\u00fcrfen Sie nicht an dem Programm teilnehmen. Bitte beachten Sie, dass unsere Allgemeinen Gesch\u00e4ftsbedingungen, die im Abschnitt Rechtliches&#8221; auf unserer Website aufgef\u00fchrt sind, weiterhin f\u00fcr Ihre Nutzung unserer Website und von Treatwell PRO gelten. Das Programm wird gef\u00f6rdert und verwaltet von:<\/p>\n<ul>\n<li>In Gro\u00dfbritannien &#8211; Treatwell Limited: Fairfax House, 15 Fulwood Place, London, WC1V 6HU<\/li>\n<li>In Irland &#8211; Treatwell IE, Zweigstelle von Treatwell Limited: Fairfax House, 15 Fulwood Place, London, WC1V 6HU<\/li>\n<li>In Litauen &#8211; Treatwell LT UAB: J. Basanavi\u010diaus g. 15, 03108 Vilnius, Litauen<\/li>\n<li>In Spanien &#8211; Treatwell Spain s.l. : Carrer de Balmes, 7, Planta 3, 08007 Barcelona, Spanien<\/li>\n<li>In Italien &#8211; Treatwell IT s.r.l. : Via Aldo Manuzio, 17, 20124, Mailand, Italien<\/li>\n<li>In Frankreich &#8211; Treatwell FR: 52 rue de la Chauss\u00e9e d&#8217;Antin &#8211; 75009 Paris, Frankreich<\/li>\n<li>In den Niederlanden und Belgien &#8211; Treatwell BNL B.V. : Nieuwezijds Voorburgwal 120-126, 1012 SH Amsterdam, Niederlande<\/li>\n<li>In Deutschland &#8211; Treatwell DACH GmbH: Greifswalder Str. 212, 10405 Berlin, Deutschland<\/li>\n<li>In der Schweiz &#8211; Treatwell DACH GmbH, Zweigniederlassung Z\u00fcrich: Haggenholzstrasse 83b, 8050 Z\u00fcrich<\/li>\n<li>In \u00d6sterreich &#8211; Treatwell DACH GmbH, Zweigniederlassung Wien: Badhausgasse 18-20, Top 1-3, Lerchenfelderstra\u00dfe 95-97, 1070 Wien<\/li>\n<li>In Portugal &#8211; Treatwell PT, Unipessoal, Lda: Rua Garrett, n.\u00ba 64, freguesia de Santa Maria Maior, concelho de Lisboa, 1200-204, Lisboa<\/li>\n<\/ul>\n<p>(&#8220;Treatwell&#8221;).<\/p>\n<h2>ZUL\u00c4SSIGKEIT, ANWENDUNG UND EINSCHR\u00c4NKUNGEN<\/h2>\n<p>Das Programm steht berechtigten Treatwell PRO-Nutzern (&#8220;Empfehlungsgeber&#8221;) offen, die einem Freund ein Treatwell PRO-Abonnement empfehlen, wobei die folgenden Bedingungen und Einschr\u00e4nkungen gelten:<\/p>\n<ul>\n<li>Empfehlungsgeber m\u00fcssen bestehende Treatwell-Partner mit einem aktiven Treatwell PRO-Abonnement sein.<\/li>\n<li>Referrer sind nicht f\u00f6rderf\u00e4hig, wenn:\n<ul>\n<li>ihr Treatwell PRO-Abonnement aus irgendeinem Grund nicht mehr g\u00fcltig ist; oder<\/li>\n<li>der Referrer hat sein Treatwell PRO-Abonnement gek\u00fcndigt; oder<\/li>\n<li>der Referrer gegen eine der Bedingungen seiner Treatwell PRO-Vereinbarung verst\u00f6\u00dft.<\/li>\n<\/ul>\n<\/li>\n<li>Nur der Inhaber des Treatwell-Kontos (TW Pro &amp; TW Connect) kann ein Empfehlungsgeber sein (oder Sie sind ein Angestellter eines Partners und haben das Einverst\u00e4ndnis des Inhabers, die Empfehlung auszusprechen).<\/li>\n<li>Um teilnahmeberechtigt zu sein, m\u00fcssen die Empfehlungsgeber alle angeforderten Informationen des potenziellen Treatwell-Partners (&#8220;Empfehlungsgeber&#8221;) \u00fcber das Online-Einreichungsformular angeben (&#8220;Empfehlung&#8221;). Alle Beitr\u00e4ge, die nicht \u00fcber das Online-Formular eingereicht werden, werden nicht ber\u00fccksichtigt.<\/li>\n<li>Referrer und Referees m\u00fcssen zum Zeitpunkt der Empfehlung in einem Land ans\u00e4ssig sein, in dem Treatwell derzeit t\u00e4tig ist.<\/li>\n<li>Ein Schiedsrichter, der bereits aktiv von Treatwell verfolgt wird, kommt nicht als Referral in Frage.<br \/>\nEmpfehlungen von Referenten f\u00fcr Schiedsrichter, an denen der Referent ein rechtliches oder wirtschaftliches Interesse hat (ob direkt oder indirekt), sind nicht f\u00f6rderf\u00e4hig.<\/li>\n<li>Ein Schiedsrichter darf nicht: (i) zuvor ein Partner gewesen sein, der von Treatwell wegen eines Versto\u00dfes gegen die Partner-Gesch\u00e4ftsbedingungen gek\u00fcndigt wurde; oder (ii) anderweitig von Treatwell nach eigenem Ermessen als nicht teilnahmeberechtigt angesehen werden.<\/li>\n<li>Wenn mehrere Empfehlungen f\u00fcr denselben Schiedsrichter abgegeben werden, ist nur ein Referrer f\u00fcr diese Empfehlung berechtigt, was im alleinigen Ermessen von Treatwell liegt.<\/li>\n<li>Referenten und Schiedsrichter (falls zutreffend) m\u00fcssen mindestens 18 Jahre alt sein.<\/li>\n<li>Das Programm ist ab dem Datum aktiv, an dem es einem potenziellen Werber mitgeteilt wird.<\/li>\n<li>Von dem Programm ausgeschlossen sind Angestellte, Auftragnehmer oder Arbeiter von Treatwell oder einem Unternehmen der Gruppe und deren unmittelbare Familienangeh\u00f6rige sowie alle Personen, die beruflich mit dem Programm in Verbindung stehen.<\/li>\n<li>Der Referent oder Schiedsrichter kann aufgefordert werden, einen Ausweis vorzulegen.<\/li>\n<li>Eintr\u00e4ge von H\u00e4ndlern, Verbrauchergruppen, Dritten, Agenten oder automatisch per Computer generierte Eintr\u00e4ge werden nicht akzeptiert.<\/li>\n<li>Treatwell beh\u00e4lt sich das Recht vor, das Programm jederzeit und ohne Angabe von Gr\u00fcnden zur\u00fcckzuziehen (oder diese Allgemeinen Gesch\u00e4ftsbedingungen zu \u00e4ndern). Alle Empfehlungen, die nach der R\u00fccknahme des Programms erfolgen, sind ung\u00fcltig.<\/li>\n<\/ul>\n<h2>DER GUTSCHEIN:<\/h2>\n<ul>\n<li>Der Werber ist berechtigt, einen Amazon eGift-Gutschein (der &#8220;Gutschein&#8221;) zu erhalten.<\/li>\n<li>Der Empfehlungsgeber hat nur dann Anspruch auf einen Gutschein, wenn der Empfehlungsgeber einen Vertrag \u00fcber eine j\u00e4hrliche Verpflichtung gegen\u00fcber Treatwell PRO unterzeichnet (&#8220;abgeschlossene Empfehlung&#8221;).<\/li>\n<li>Der Abschluss der Verweisung muss innerhalb von 60 Tagen nach der Verweisung erfolgen.<\/li>\n<li>Der Freundschaftswerber ist berechtigt, 1 (einen) Amazon-Gutschein f\u00fcr jede abgeschlossene Freundschaftswerbung zu erhalten.<\/li>\n<li>Der Wert des zur Verf\u00fcgung gestellten Gutscheins wird gem\u00e4\u00df der folgenden Tabelle auf der Grundlage der Anzahl der im Treatwell PRO-Konto des Schiedsrichters registrierten Mitarbeiter berechnet:\n<ul>\n<li>Anzahl der Mitarbeiter 0-2<br \/>\nWert des Gutscheins \u00a3\/\u20ac150<\/li>\n<li>Anzahl der Mitarbeiter 3-5<br \/>\nWert des Gutscheins \u00a3\/\u20ac250<\/li>\n<li>Anzahl der Mitarbeiter 6+<br \/>\nWert des Gutscheins \u00a3\/\u20ac400<\/li>\n<\/ul>\n<\/li>\n<li>Der Gutschein gilt f\u00fcr den Amazon-Marktplatz, auf dem der Werbende ans\u00e4ssig ist. Der Gutschein wird in der W\u00e4hrung des Landes ausgestellt, in dem der Freundschaftswerber seinen Wohnsitz hat (\u00a3GBP oder \u20acEUR).<\/li>\n<li>Die Nutzung des Gutscheins unterliegt den Allgemeinen Gesch\u00e4ftsbedingungen von Amazon. Es liegt in der alleinigen Verantwortung des Werbers, diese Bedingungen einzuhalten.<\/li>\n<li>Der Gutschein kann nicht in Verbindung mit einem anderen Angebot oder Programm eingel\u00f6st werden.<\/li>\n<li>Es ist keine Bargeldalternative verf\u00fcgbar.<\/li>\n<li>Die Einl\u00f6sung des Gutscheins ist von der Verf\u00fcgbarkeit abh\u00e4ngig.<\/li>\n<li>Treatwell beh\u00e4lt sich das Recht vor, den Gutschein durch einen anderen Gutschein mit demselben Wert zu ersetzen.<\/li>\n<li>Treatwell beh\u00e4lt sich das Recht vor, die Bereitstellung eines Gutscheins zu verweigern, wenn Treatwell vern\u00fcnftigerweise davon ausgeht, dass ein Versto\u00df gegen diese Allgemeinen Gesch\u00e4ftsbedingungen vorliegt oder illegale Aktivit\u00e4ten im Zusammenhang mit dem Programm vorliegen.<\/li>\n<\/ul>\n<h2>LIEFERUNG<\/h2>\n<ul>\n<li>Der Empfehlungsgeber erh\u00e4lt den\/die Gutschein(e) automatisch innerhalb von 60 Tagen nach einer abgeschlossenen Empfehlung per E-Mail zugesandt. Wenn das Treatwell PRO-Abonnement des Empfehlers innerhalb dieser 60 Tage gek\u00fcndigt wird, erlischt der Anspruch des Empf\u00e4ngers auf den\/die Gutschein(e).<\/li>\n<li>Der Gutschein wird nur an die E-Mail-Adresse des Eigent\u00fcmers gesendet, die mit dem Treatwell PRO-Konto des Empfehlers verkn\u00fcpft ist. Empfehlungsgeber sind daf\u00fcr verantwortlich, dass ihre E-Mail-Adresse in Treatwell PRO auf dem neuesten Stand ist. Treatwell \u00fcbernimmt keine Verantwortung f\u00fcr die Nichtzustellung, wenn die Adresse nicht korrekt ist.<\/li>\n<li>Treatwell \u00fcbernimmt keine Verantwortung f\u00fcr nicht gelieferte Gutscheine, Verz\u00f6gerungen oder M\u00e4ngel bei der Lieferung oder f\u00fcr den Verlust des Gutscheins.<\/li>\n<li>Treatwell haftet nicht f\u00fcr Verletzungen, Verluste oder Sch\u00e4den, die aus Eink\u00e4ufen mit dem Gutschein resultieren.<\/li>\n<\/ul>\n<h2>DATENSCHUTZ<\/h2>\n<p>Wenn Sie sich f\u00fcr die Teilnahme am Programm entscheiden, werden Sie von Treatwell gebeten, Ihren vollst\u00e4ndigen Namen, Ihre E-Mail-Adresse, Ihre Telefonnummer und Ihre Postanschrift anzugeben.<\/p>\n<p>Durch die Teilnahme an dem Programm und die Angabe der oben aufgef\u00fchrten pers\u00f6nlichen Daten erkl\u00e4ren Sie sich damit einverstanden, dass Sie von Treatwell und\/oder Amazon Mitteilungen \u00fcber das Programm und Ihre(n) Gutschein(e) erhalten. Es kann sein, dass Treatwell Ihre pers\u00f6nlichen Daten an Amazon weitergeben muss, damit Ihr(e) Gutschein(e) von Ihnen eingel\u00f6st oder Ihnen direkt von Amazon zugesandt werden k\u00f6nnen.<\/p>\n<p>Sie werden auch gebeten, den vollst\u00e4ndigen Namen, die E-Mail-Adresse, die Telefonnummer und die Postanschrift des Schiedsrichters anzugeben.<\/p>\n<p>Sie m\u00fcssen sicherstellen, dass Sie die Zustimmung des Schiedsrichters zur Weitergabe dieser Informationen an Treatwell eingeholt haben, und den Schiedsrichter auf diese Bedingungen aufmerksam machen. Sie haften gegen\u00fcber Treatwell f\u00fcr alle Verluste, die durch die Nichteinhaltung dieser Anforderungen entstehen.<br \/>\nDie personenbezogenen Daten werden von Treatwell als dem f\u00fcr die Datenverarbeitung Verantwortlichen in \u00dcbereinstimmung mit der Treatwell-Datenschutz- und Cookie-Richtlinie erhoben, verarbeitet und genutzt, die Sie hier finden: https:\/\/www.treatwell.ch\/.<\/p>\n<p>Alle Referrer und Referenten haben das Recht, die sie betreffenden Daten einzusehen, zu \u00e4ndern, zu berichtigen und zu l\u00f6schen. Der Referrer oder die Referenten k\u00f6nnen dieses Recht aus\u00fcben, indem sie an die oben in diesen Bedingungen angegebene E-Mail-Adresse schreiben.<\/p>\n<h2>HAFTUNGSBESCHR\u00c4NKUNG<\/h2>\n<p>Treatwell kann nicht f\u00fcr den Nichterhalt von Empfehlungen aufgrund von technischen Problemen oder Netzwerkschwierigkeiten verantwortlich gemacht werden. Der Nachweis der Einreichung gilt nicht als Nachweis der Zustellung. Mit der Teilnahme an dem Programm erkl\u00e4ren Sie sich damit einverstanden, dass die Teilnahme auf Ihr eigenes Risiko erfolgt. Mit Ausnahme der Tatsache, dass Treatwell seine Haftung f\u00fcr durch Fahrl\u00e4ssigkeit verursachte Personensch\u00e4den oder Todesf\u00e4lle oder f\u00fcr arglistige T\u00e4uschung oder jede andere Haftung, die gesetzlich nicht beschr\u00e4nkt oder ausgeschlossen werden kann, nicht ausschlie\u00dft oder beschr\u00e4nkt, \u00fcbernimmt Treatwell keine Haftung in Bezug auf die Teilnahme (oder die Unf\u00e4higkeit zur Teilnahme) einer Person an dem Programm, soweit dies gesetzlich zul\u00e4ssig ist, einschlie\u00dflich direkter, indirekter, zuf\u00e4lliger Sch\u00e4den, Folgesch\u00e4den oder jeder anderen Art von Sch\u00e4den, die mit dem Programm oder Ihrer Teilnahme an dem Programm in Verbindung stehen oder daraus entstehen.<\/p>\n<h2>ABSCHNITT<\/h2>\n<p>Sollte sich ein Teil dieser Allgemeinen Gesch\u00e4ftsbedingungen als rechtlich nicht durchsetzbar erweisen, bleiben alle anderen Teile dieser Allgemeinen Gesch\u00e4ftsbedingungen davon unber\u00fchrt und in Kraft.<\/p>\n<h2>GELTENDES RECHT<\/h2>\n<p>Das Programm und diese Gesch\u00e4ftsbedingungen unterliegen den Gesetzen des Landes, in dem das betreffende Treatwell-Unternehmen ans\u00e4ssig ist, und werden in \u00dcbereinstimmung mit diesen ausgelegt. Sie und wir erkl\u00e4ren uns damit einverstanden, dass die Gerichte dieses Landes die nicht ausschlie\u00dfliche Zust\u00e4ndigkeit f\u00fcr alle Anspr\u00fcche oder Streitigkeiten haben, die sich aus dem Programm oder diesen Gesch\u00e4ftsbedingungen ergeben oder damit in Zusammenhang stehen.<\/p>\n<h2>FRAGEN<\/h2>\n<p>Wenn Sie Fragen zum Programm oder zu seiner Funktionsweise haben, wenden Sie sich bitte an Ihren \u00f6rtlichen Kundenbetreuer, falls Sie einen haben, oder senden Sie eine E-Mail an die oben in diesen Allgemeinen Gesch\u00e4ftsbedingungen angegebene E-Mail-Adresse f\u00fcr Ihr Land.<\/p>\n                <\/div>\n            <\/article>\n        <\/div>\n    <\/section>\n","protected":false},"excerpt":{"rendered":"","protected":false},"author":81,"featured_media":0,"parent":2473,"menu_order":0,"comment_status":"closed","ping_status":"closed","template":"templates\/base.php","meta":{"_acf_changed":false,"_editorskit_title_hidden":false,"_editorskit_reading_time":0,"_editorskit_is_block_options_detached":false,"_editorskit_block_options_position":"{}","footnotes":""},"class_list":["post-2475","page","type-page","status-publish","hentry"],"acf":[],"yoast_head":"<!-- This site is optimized with the Yoast SEO plugin v27.3 - https:\/\/yoast.com\/product\/yoast-seo-wordpress\/ -->\n<title>Allgemeine Gesch\u00e4ftsbedingungen - Partnerschaft mit Treatwell<\/title>\n<meta name=\"description\" content=\"Lesen Sie die offiziellen Allgemeinen Gesch\u00e4ftsbedingungen f\u00fcr die Partnerschaft. Alle Rechte und Pflichten als Treatwell Partner im \u00dcberblick.\" \/>\n<meta name=\"robots\" content=\"index, follow, max-snippet:-1, max-image-preview:large, max-video-preview:-1\" \/>\n<link rel=\"canonical\" href=\"https:\/\/www.treatwell.ch/partners\/empfehle-einen-salon-partner\/bedingungen-und-konditionen\/\" \/>\n<meta property=\"og:locale\" content=\"de_DE\" \/>\n<meta property=\"og:type\" content=\"article\" \/>\n<meta property=\"og:title\" content=\"Allgemeine Gesch\u00e4ftsbedingungen - Partnerschaft mit Treatwell\" \/>\n<meta property=\"og:description\" content=\"Lesen Sie die offiziellen Allgemeinen Gesch\u00e4ftsbedingungen f\u00fcr die Partnerschaft. Alle Rechte und Pflichten als Treatwell Partner im \u00dcberblick.\" \/>\n<meta property=\"og:url\" content=\"https:\/\/www.treatwell.ch/partners\/empfehle-einen-salon-partner\/bedingungen-und-konditionen\/\" \/>\n<meta property=\"og:site_name\" content=\"Treatwell Business\" \/>\n<meta property=\"article:modified_time\" content=\"2025-11-18T11:21:03+00:00\" \/>\n<meta property=\"og:image\" content=\"https:\/\/www.treatwell.ch/partners\/wp-content\/uploads\/sites\/10\/2024\/12\/fb-share.png\" \/>\n\t<meta property=\"og:image:width\" content=\"1200\" \/>\n\t<meta property=\"og:image:height\" content=\"630\" \/>\n\t<meta property=\"og:image:type\" content=\"image\/png\" \/>\n<meta name=\"twitter:card\" content=\"summary_large_image\" \/>\n<script type=\"application\/ld+json\" class=\"yoast-schema-graph\">{\"@context\":\"https:\\\/\\\/schema.org\",\"@graph\":[{\"@type\":\"WebPage\",\"@id\":\"https:\\\/\\\/www.treatwell.ch/partners\\\/empfehle-einen-salon-partner\\\/bedingungen-und-konditionen\\\/\",\"url\":\"https:\\\/\\\/www.treatwell.ch/partners\\\/empfehle-einen-salon-partner\\\/bedingungen-und-konditionen\\\/\",\"name\":\"Allgemeine Gesch\u00e4ftsbedingungen - Partnerschaft mit Treatwell\",\"isPartOf\":{\"@id\":\"https:\\\/\\\/www.treatwell.ch/partners\\\/#website\"},\"datePublished\":\"2022-06-29T13:10:00+00:00\",\"dateModified\":\"2025-11-18T11:21:03+00:00\",\"description\":\"Lesen Sie die offiziellen Allgemeinen Gesch\u00e4ftsbedingungen f\u00fcr die Partnerschaft. Alle Rechte und Pflichten als Treatwell Partner im \u00dcberblick.\",\"breadcrumb\":{\"@id\":\"https:\\\/\\\/www.treatwell.ch/partners\\\/empfehle-einen-salon-partner\\\/bedingungen-und-konditionen\\\/#breadcrumb\"},\"inLanguage\":\"de-CH\",\"potentialAction\":[{\"@type\":\"ReadAction\",\"target\":[\"https:\\\/\\\/www.treatwell.ch/partners\\\/empfehle-einen-salon-partner\\\/bedingungen-und-konditionen\\\/\"]}]},{\"@type\":\"BreadcrumbList\",\"@id\":\"https:\\\/\\\/www.treatwell.ch/partners\\\/empfehle-einen-salon-partner\\\/bedingungen-und-konditionen\\\/#breadcrumb\",\"itemListElement\":[{\"@type\":\"ListItem\",\"position\":1,\"name\":\"Home\",\"item\":\"https:\\\/\\\/www.treatwell.ch/partners\\\/\"},{\"@type\":\"ListItem\",\"position\":2,\"name\":\"Empfehle einen salon partner\",\"item\":\"https:\\\/\\\/www.treatwell.ch/partners\\\/empfehle-einen-salon-partner\\\/\"},{\"@type\":\"ListItem\",\"position\":3,\"name\":\"Bedingungen und Konditionen\"}]},{\"@type\":\"WebSite\",\"@id\":\"https:\\\/\\\/www.treatwell.ch/partners\\\/#website\",\"url\":\"https:\\\/\\\/www.treatwell.ch/partners\\\/\",\"name\":\"Treatwell Business\",\"description\":\"\",\"publisher\":{\"@id\":\"https:\\\/\\\/www.treatwell.ch/partners\\\/#organization\"},\"potentialAction\":[{\"@type\":\"SearchAction\",\"target\":{\"@type\":\"EntryPoint\",\"urlTemplate\":\"https:\\\/\\\/www.treatwell.ch/partners\\\/?s={search_term_string}\"},\"query-input\":{\"@type\":\"PropertyValueSpecification\",\"valueRequired\":true,\"valueName\":\"search_term_string\"}}],\"inLanguage\":\"de-CH\"},{\"@type\":\"Organization\",\"@id\":\"https:\\\/\\\/www.treatwell.ch/partners\\\/#organization\",\"name\":\"Treatwell\",\"url\":\"https:\\\/\\\/www.treatwell.ch/partners\\\/\",\"logo\":{\"@type\":\"ImageObject\",\"inLanguage\":\"de-CH\",\"@id\":\"https:\\\/\\\/www.treatwell.ch/partners\\\/#\\\/schema\\\/logo\\\/image\\\/\",\"url\":\"https:\\\/\\\/www.treatwell.ch/partners\\\/wp-content\\\/uploads\\\/sites\\\/10\\\/2020\\\/04\\\/treatwell-logotype-navy-rgb@2x.png\",\"contentUrl\":\"https:\\\/\\\/www.treatwell.ch/partners\\\/wp-content\\\/uploads\\\/sites\\\/10\\\/2020\\\/04\\\/treatwell-logotype-navy-rgb@2x.png\",\"width\":302,\"height\":56,\"caption\":\"Treatwell\"},\"image\":{\"@id\":\"https:\\\/\\\/www.treatwell.ch/partners\\\/#\\\/schema\\\/logo\\\/image\\\/\"}}]}<\/script>\n<!-- \/ Yoast SEO plugin. -->","yoast_head_json":{"title":"Allgemeine Gesch\u00e4ftsbedingungen - Partnerschaft mit Treatwell","description":"Lesen Sie die offiziellen Allgemeinen Gesch\u00e4ftsbedingungen f\u00fcr die Partnerschaft. Alle Rechte und Pflichten als Treatwell Partner im \u00dcberblick.","robots":{"index":"index","follow":"follow","max-snippet":"max-snippet:-1","max-image-preview":"max-image-preview:large","max-video-preview":"max-video-preview:-1"},"canonical":"https:\/\/www.treatwell.ch/partners\/empfehle-einen-salon-partner\/bedingungen-und-konditionen\/","og_locale":"de_DE","og_type":"article","og_title":"Allgemeine Gesch\u00e4ftsbedingungen - Partnerschaft mit Treatwell","og_description":"Lesen Sie die offiziellen Allgemeinen Gesch\u00e4ftsbedingungen f\u00fcr die Partnerschaft. Alle Rechte und Pflichten als Treatwell Partner im \u00dcberblick.","og_url":"https:\/\/www.treatwell.ch/partners\/empfehle-einen-salon-partner\/bedingungen-und-konditionen\/","og_site_name":"Treatwell Business","article_modified_time":"2025-11-18T11:21:03+00:00","og_image":[{"width":1200,"height":630,"url":"https:\/\/www.treatwell.ch/partners\/wp-content\/uploads\/sites\/10\/2024\/12\/fb-share.png","type":"image\/png"}],"twitter_card":"summary_large_image","schema":{"@context":"https:\/\/schema.org","@graph":[{"@type":"WebPage","@id":"https:\/\/www.treatwell.ch/partners\/empfehle-einen-salon-partner\/bedingungen-und-konditionen\/","url":"https:\/\/www.treatwell.ch/partners\/empfehle-einen-salon-partner\/bedingungen-und-konditionen\/","name":"Allgemeine Gesch\u00e4ftsbedingungen - Partnerschaft mit Treatwell","isPartOf":{"@id":"https:\/\/www.treatwell.ch/partners\/#website"},"datePublished":"2022-06-29T13:10:00+00:00","dateModified":"2025-11-18T11:21:03+00:00","description":"Lesen Sie die offiziellen Allgemeinen Gesch\u00e4ftsbedingungen f\u00fcr die Partnerschaft. Alle Rechte und Pflichten als Treatwell Partner im \u00dcberblick.","breadcrumb":{"@id":"https:\/\/www.treatwell.ch/partners\/empfehle-einen-salon-partner\/bedingungen-und-konditionen\/#breadcrumb"},"inLanguage":"de-CH","potentialAction":[{"@type":"ReadAction","target":["https:\/\/www.treatwell.ch/partners\/empfehle-einen-salon-partner\/bedingungen-und-konditionen\/"]}]},{"@type":"BreadcrumbList","@id":"https:\/\/www.treatwell.ch/partners\/empfehle-einen-salon-partner\/bedingungen-und-konditionen\/#breadcrumb","itemListElement":[{"@type":"ListItem","position":1,"name":"Home","item":"https:\/\/www.treatwell.ch/partners\/"},{"@type":"ListItem","position":2,"name":"Empfehle einen salon partner","item":"https:\/\/www.treatwell.ch/partners\/empfehle-einen-salon-partner\/"},{"@type":"ListItem","position":3,"name":"Bedingungen und Konditionen"}]},{"@type":"WebSite","@id":"https:\/\/www.treatwell.ch/partners\/#website","url":"https:\/\/www.treatwell.ch/partners\/","name":"Treatwell Business","description":"","publisher":{"@id":"https:\/\/www.treatwell.ch/partners\/#organization"},"potentialAction":[{"@type":"SearchAction","target":{"@type":"EntryPoint","urlTemplate":"https:\/\/www.treatwell.ch/partners\/?s={search_term_string}"},"query-input":{"@type":"PropertyValueSpecification","valueRequired":true,"valueName":"search_term_string"}}],"inLanguage":"de-CH"},{"@type":"Organization","@id":"https:\/\/www.treatwell.ch/partners\/#organization","name":"Treatwell","url":"https:\/\/www.treatwell.ch/partners\/","logo":{"@type":"ImageObject","inLanguage":"de-CH","@id":"https:\/\/www.treatwell.ch/partners\/#\/schema\/logo\/image\/","url":"https:\/\/www.treatwell.ch/partners\/wp-content\/uploads\/sites\/10\/2020\/04\/treatwell-logotype-navy-rgb@2x.png","contentUrl":"https:\/\/www.treatwell.ch/partners\/wp-content\/uploads\/sites\/10\/2020\/04\/treatwell-logotype-navy-rgb@2x.png","width":302,"height":56,"caption":"Treatwell"},"image":{"@id":"https:\/\/www.treatwell.ch/partners\/#\/schema\/logo\/image\/"}}]}},"_links":{"self":[{"href":"https:\/\/www.treatwell.ch\/partners\/wp-json\/wp\/v2\/pages\/2475","targetHints":{"allow":["GET"]}}],"collection":[{"href":"https:\/\/www.treatwell.ch\/partners\/wp-json\/wp\/v2\/pages"}],"about":[{"href":"https:\/\/www.treatwell.ch\/partners\/wp-json\/wp\/v2\/types\/page"}],"author":[{"embeddable":true,"href":"https:\/\/www.treatwell.ch\/partners\/wp-json\/wp\/v2\/users\/81"}],"replies":[{"embeddable":true,"href":"https:\/\/www.treatwell.ch\/partners\/wp-json\/wp\/v2\/comments?post=2475"}],"version-history":[{"count":0,"href":"https:\/\/www.treatwell.ch\/partners\/wp-json\/wp\/v2\/pages\/2475\/revisions"}],"up":[{"embeddable":true,"href":"https:\/\/www.treatwell.ch\/partners\/wp-json\/wp\/v2\/pages\/2473"}],"wp:attachment":[{"href":"https:\/\/www.treatwell.ch\/partners\/wp-json\/wp\/v2\/media?parent=2475"}],"curies":[{"name":"wp","href":"https:\/\/api.w.org\/{rel}","templated":true}]}}