{"id":13234,"date":"2018-08-01T15:11:05","date_gmt":"2018-08-01T13:11:05","guid":{"rendered":"http:\/\/www.treatwell.ch\/treatment-files\/?page_id=12002"},"modified":"2024-02-27T15:24:57","modified_gmt":"2024-02-27T14:24:57","slug":"haftungsausschluss","status":"publish","type":"page","link":"https:\/\/www.treatwell.ch/treatment-files\/haftungsausschluss\/","title":{"rendered":"Haftungsausschluss"},"content":{"rendered":"<p>Die in Treatment Files CH aufgef\u00fchrten Informationen dienen zur allgemeinen Information. Informationen auf diesen Seiten sind von Treatwell bereitgestellt und obwohl wir danach bestrebt sind diese Informationen aktuell und korrekt zu halten, \u00fcbernehmen wir keinerlei Haftung f\u00fcr Richtigkeit, Aktualit\u00e4t oder Vollst\u00e4ndigkeit im Bezug auf die genannten Informationen, Produkte, Services oder Bilder auf <a href=\"https:\/\/www.treatwell.ch\">www.treatwell.ch<\/a>. Die Verwendung aller Informationen, Produkte und\/oder Dienstleistungen obliegen Ihrer eigenen Verantwortung und Sorgfaltspflicht. Wir raten Ihnen f\u00fcr spezifisch zugeschnittene Behandlungen, eine entsprechende professionelle Beratung einzuholen. Wenn Sie sich auf angegebene Informationen verlassen, obliegt dies Ihrem eigenem Risiko.<\/p>\n<p><\/p>\n<p>Bereitgestellte Informationen in den Treatment Files DE d\u00fcrfen in keiner Weise als alternative zu medizinischen Ratschl\u00e4gen Ihres Arztes oder Ihrer Krankenkasse dienen. Falls Sie medizinischen Ratschlag ben\u00f6tigen, holen Sie sich Rat von Ihrem Arzt oder Ihrer Krankenkasse ein.<\/p>\n<p><\/p>\n<p>Diese Webseite verwendet Verlinkungen zu externen Seiten, die nicht unter der Kontrolle von Treatwell stehen. Wir haben keine Kontrolle \u00fcber den Charakter, den Inhalt oder die Verf\u00fcgbarkeit auf diesen Seiten und \u00fcbernehmen keinerlei Verantwortung f\u00fcr besagte Inhalte. Die Verwendung einer Verlinkung auf unserer Seite, bedeutet nicht notwendigerweise dass wir die Sichtweisen, die auf externen Seiten get\u00e4tigt werden unterst\u00fctzen oder bekr\u00e4ftigen.<\/p>\n<p><\/p>\n<p>Wir \u00fcbernehmen keinerlei Haftung, seien dies direkte, indirekte oder sonstige Sch\u00e4den die aus der Verwendung von Informationen, Produkte oder Dienstleistungen auf <a href=\"https:\/\/www.treatwell.ch\">www.treatwell.ch<\/a> resultieren.<\/p>\n","protected":false},"excerpt":{"rendered":"<p>Die in Treatment Files CH aufgef\u00fchrten Informationen dienen zur allgemeinen Information. Informationen auf diesen Seiten sind von Treatwell bereitgestellt und obwohl wir danach bestrebt sind diese Informationen aktuell und korrekt zu halten, \u00fcbernehmen wir keinerlei Haftung f\u00fcr Richtigkeit, Aktualit\u00e4t oder Vollst\u00e4ndigkeit im Bezug auf die genannten Informationen, Produkte, Services oder Bilder auf www.treatwell.ch. Die Verwendung [&hellip;]<\/p>\n","protected":false},"author":3398,"featured_media":0,"parent":0,"menu_order":0,"comment_status":"closed","ping_status":"closed","template":"","meta":{"_acf_changed":false,"_genesis_hide_title":false,"_genesis_hide_breadcrumbs":false,"_genesis_hide_singular_image":false,"_genesis_hide_footer_widgets":false,"_genesis_custom_body_class":"","_genesis_custom_post_class":"","_genesis_layout":"","saswp_custom_schema_field":"","footnotes":""},"class_list":{"0":"post-13234","1":"page","2":"type-page","3":"status-publish","5":"entry"},"acf":[],"yoast_head":"<!-- This site is optimized with the Yoast SEO plugin v27.3 - https:\/\/yoast.com\/product\/yoast-seo-wordpress\/ -->\n<title>Haftungsausschluss | Treatwell<\/title>\n<meta name=\"robots\" content=\"index, follow, max-snippet:-1, max-image-preview:large, max-video-preview:-1\" \/>\n<link rel=\"canonical\" href=\"https:\/\/www.treatwell.ch/treatment-files\/haftungsausschluss\/\" \/>\n<meta property=\"og:locale\" content=\"de_DE\" \/>\n<meta property=\"og:type\" content=\"article\" \/>\n<meta property=\"og:title\" content=\"Haftungsausschluss | Treatwell\" \/>\n<meta property=\"og:description\" content=\"Die in Treatment Files CH aufgef\u00fchrten Informationen dienen zur allgemeinen Information. Informationen auf diesen Seiten sind von Treatwell bereitgestellt und obwohl wir danach bestrebt sind diese Informationen aktuell und korrekt zu halten, \u00fcbernehmen wir keinerlei Haftung f\u00fcr Richtigkeit, Aktualit\u00e4t oder Vollst\u00e4ndigkeit im Bezug auf die genannten Informationen, Produkte, Services oder Bilder auf www.treatwell.ch. Die Verwendung [&hellip;]\" \/>\n<meta property=\"og:url\" content=\"https:\/\/www.treatwell.ch/treatment-files\/haftungsausschluss\/\" \/>\n<meta property=\"og:site_name\" content=\"The Treatment Files\" \/>\n<meta property=\"article:modified_time\" content=\"2024-02-27T14:24:57+00:00\" \/>\n<meta name=\"twitter:card\" content=\"summary_large_image\" \/>\n<meta name=\"twitter:label1\" content=\"Gesch\u00e4tzte Lesezeit\" \/>\n\t<meta name=\"twitter:data1\" content=\"1 Minute\" \/>\n<script type=\"application\/ld+json\" class=\"yoast-schema-graph\">{\"@context\":\"https:\\\/\\\/schema.org\",\"@graph\":[{\"@type\":\"WebPage\",\"@id\":\"https:\\\/\\\/www.treatwell.ch/treatment-files\\\/haftungsausschluss\\\/\",\"url\":\"https:\\\/\\\/www.treatwell.ch/treatment-files\\\/haftungsausschluss\\\/\",\"name\":\"Haftungsausschluss | Treatwell\",\"isPartOf\":{\"@id\":\"https:\\\/\\\/www.treatwell.ch/treatment-files\\\/#website\"},\"datePublished\":\"2018-08-01T13:11:05+00:00\",\"dateModified\":\"2024-02-27T14:24:57+00:00\",\"breadcrumb\":{\"@id\":\"https:\\\/\\\/www.treatwell.ch/treatment-files\\\/haftungsausschluss\\\/#breadcrumb\"},\"inLanguage\":\"de-CH\",\"potentialAction\":[{\"@type\":\"ReadAction\",\"target\":[\"https:\\\/\\\/www.treatwell.ch/treatment-files\\\/haftungsausschluss\\\/\"]}]},{\"@type\":\"BreadcrumbList\",\"@id\":\"https:\\\/\\\/www.treatwell.ch/treatment-files\\\/haftungsausschluss\\\/#breadcrumb\",\"itemListElement\":[{\"@type\":\"ListItem\",\"position\":1,\"name\":\"Home\",\"item\":\"https:\\\/\\\/www.treatwell.ch/treatment-files\\\/\"},{\"@type\":\"ListItem\",\"position\":2,\"name\":\"Haftungsausschluss\"}]},{\"@type\":\"WebSite\",\"@id\":\"https:\\\/\\\/www.treatwell.ch/treatment-files\\\/#website\",\"url\":\"https:\\\/\\\/www.treatwell.ch/treatment-files\\\/\",\"name\":\"The Treatment Files\",\"description\":\"Beauty entdecken. Beauty erleben.\",\"publisher\":{\"@id\":\"https:\\\/\\\/www.treatwell.ch/treatment-files\\\/#organization\"},\"potentialAction\":[{\"@type\":\"SearchAction\",\"target\":{\"@type\":\"EntryPoint\",\"urlTemplate\":\"https:\\\/\\\/www.treatwell.ch/treatment-files\\\/?s={search_term_string}\"},\"query-input\":{\"@type\":\"PropertyValueSpecification\",\"valueRequired\":true,\"valueName\":\"search_term_string\"}}],\"inLanguage\":\"de-CH\"},{\"@type\":\"Organization\",\"@id\":\"https:\\\/\\\/www.treatwell.ch/treatment-files\\\/#organization\",\"name\":\"Treatwell\",\"url\":\"https:\\\/\\\/www.treatwell.ch/treatment-files\\\/\",\"logo\":{\"@type\":\"ImageObject\",\"inLanguage\":\"de-CH\",\"@id\":\"https:\\\/\\\/www.treatwell.ch/treatment-files\\\/#\\\/schema\\\/logo\\\/image\\\/\",\"url\":\"https:\\\/\\\/www.treatwell.ch/treatment-files\\\/wp-content\\\/uploads\\\/sites\\\/11\\\/2022\\\/03\\\/logo_treatwell.png\",\"contentUrl\":\"https:\\\/\\\/www.treatwell.ch/treatment-files\\\/wp-content\\\/uploads\\\/sites\\\/11\\\/2022\\\/03\\\/logo_treatwell.png\",\"width\":889,\"height\":164,\"caption\":\"Treatwell\"},\"image\":{\"@id\":\"https:\\\/\\\/www.treatwell.ch/treatment-files\\\/#\\\/schema\\\/logo\\\/image\\\/\"}}]}<\/script>\n<!-- \/ Yoast SEO plugin. -->","yoast_head_json":{"title":"Haftungsausschluss | Treatwell","robots":{"index":"index","follow":"follow","max-snippet":"max-snippet:-1","max-image-preview":"max-image-preview:large","max-video-preview":"max-video-preview:-1"},"canonical":"https:\/\/www.treatwell.ch/treatment-files\/haftungsausschluss\/","og_locale":"de_DE","og_type":"article","og_title":"Haftungsausschluss | Treatwell","og_description":"Die in Treatment Files CH aufgef\u00fchrten Informationen dienen zur allgemeinen Information. Informationen auf diesen Seiten sind von Treatwell bereitgestellt und obwohl wir danach bestrebt sind diese Informationen aktuell und korrekt zu halten, \u00fcbernehmen wir keinerlei Haftung f\u00fcr Richtigkeit, Aktualit\u00e4t oder Vollst\u00e4ndigkeit im Bezug auf die genannten Informationen, Produkte, Services oder Bilder auf www.treatwell.ch. Die Verwendung [&hellip;]","og_url":"https:\/\/www.treatwell.ch/treatment-files\/haftungsausschluss\/","og_site_name":"The Treatment Files","article_modified_time":"2024-02-27T14:24:57+00:00","twitter_card":"summary_large_image","twitter_misc":{"Gesch\u00e4tzte Lesezeit":"1 Minute"},"schema":{"@context":"https:\/\/schema.org","@graph":[{"@type":"WebPage","@id":"https:\/\/www.treatwell.ch/treatment-files\/haftungsausschluss\/","url":"https:\/\/www.treatwell.ch/treatment-files\/haftungsausschluss\/","name":"Haftungsausschluss | Treatwell","isPartOf":{"@id":"https:\/\/www.treatwell.ch/treatment-files\/#website"},"datePublished":"2018-08-01T13:11:05+00:00","dateModified":"2024-02-27T14:24:57+00:00","breadcrumb":{"@id":"https:\/\/www.treatwell.ch/treatment-files\/haftungsausschluss\/#breadcrumb"},"inLanguage":"de-CH","potentialAction":[{"@type":"ReadAction","target":["https:\/\/www.treatwell.ch/treatment-files\/haftungsausschluss\/"]}]},{"@type":"BreadcrumbList","@id":"https:\/\/www.treatwell.ch/treatment-files\/haftungsausschluss\/#breadcrumb","itemListElement":[{"@type":"ListItem","position":1,"name":"Home","item":"https:\/\/www.treatwell.ch/treatment-files\/"},{"@type":"ListItem","position":2,"name":"Haftungsausschluss"}]},{"@type":"WebSite","@id":"https:\/\/www.treatwell.ch/treatment-files\/#website","url":"https:\/\/www.treatwell.ch/treatment-files\/","name":"The Treatment Files","description":"Beauty entdecken. Beauty erleben.","publisher":{"@id":"https:\/\/www.treatwell.ch/treatment-files\/#organization"},"potentialAction":[{"@type":"SearchAction","target":{"@type":"EntryPoint","urlTemplate":"https:\/\/www.treatwell.ch/treatment-files\/?s={search_term_string}"},"query-input":{"@type":"PropertyValueSpecification","valueRequired":true,"valueName":"search_term_string"}}],"inLanguage":"de-CH"},{"@type":"Organization","@id":"https:\/\/www.treatwell.ch/treatment-files\/#organization","name":"Treatwell","url":"https:\/\/www.treatwell.ch/treatment-files\/","logo":{"@type":"ImageObject","inLanguage":"de-CH","@id":"https:\/\/www.treatwell.ch/treatment-files\/#\/schema\/logo\/image\/","url":"https:\/\/www.treatwell.ch/treatment-files\/wp-content\/uploads\/sites\/11\/2022\/03\/logo_treatwell.png","contentUrl":"https:\/\/www.treatwell.ch/treatment-files\/wp-content\/uploads\/sites\/11\/2022\/03\/logo_treatwell.png","width":889,"height":164,"caption":"Treatwell"},"image":{"@id":"https:\/\/www.treatwell.ch/treatment-files\/#\/schema\/logo\/image\/"}}]}},"featured_image_src":null,"featured_image_src_square":null,"_links":{"self":[{"href":"https:\/\/www.treatwell.ch\/treatment-files\/wp-json\/wp\/v2\/pages\/13234","targetHints":{"allow":["GET"]}}],"collection":[{"href":"https:\/\/www.treatwell.ch\/treatment-files\/wp-json\/wp\/v2\/pages"}],"about":[{"href":"https:\/\/www.treatwell.ch\/treatment-files\/wp-json\/wp\/v2\/types\/page"}],"author":[{"embeddable":true,"href":"https:\/\/www.treatwell.ch\/treatment-files\/wp-json\/wp\/v2\/users\/3398"}],"replies":[{"embeddable":true,"href":"https:\/\/www.treatwell.ch\/treatment-files\/wp-json\/wp\/v2\/comments?post=13234"}],"version-history":[{"count":0,"href":"https:\/\/www.treatwell.ch\/treatment-files\/wp-json\/wp\/v2\/pages\/13234\/revisions"}],"wp:attachment":[{"href":"https:\/\/www.treatwell.ch\/treatment-files\/wp-json\/wp\/v2\/media?parent=13234"}],"curies":[{"name":"wp","href":"https:\/\/api.w.org\/{rel}","templated":true}]}}